{"id":16394,"date":"2022-09-20T11:39:23","date_gmt":"2022-09-20T09:39:23","guid":{"rendered":"https:\/\/www.pickware.com\/?page_id=16394"},"modified":"2026-03-30T15:59:17","modified_gmt":"2026-03-30T13:59:17","slug":"hilfe","status":"publish","type":"page","link":"https:\/\/www.pickware.com\/de\/hilfe","title":{"rendered":"Helpcenter Auswahl"},"content":{"rendered":"\n<div class=\"layout-space layout-space--content-page-level-2\"><\/div>\n\n\n\n<div class=\"layout-space layout-space--content-page-level-2\"><\/div>\n\n\n\n<div class=\"hero-text\">\n    <div class=\"l-container\">\n        <div class=\"l-grid\">\n            <div class=\"l-grid__content\">\n                <div class=\"hero-text__eyebrow\">Helpcenter<\/div>\n                <h1 class=\"hero-text__heading\">Du ben\u00f6tigst Hilfe?<\/h1>\n                <div class=\"hero-text__copy\"><p>W\u00e4hle das passende Helpcenter f\u00fcr dein Shopsystem. Dort findest du eine vollst\u00e4ndige Dokumentation unserer Produkte sowie Tutorials und pers\u00f6nlichen Support.<\/p>\n<\/div>\n            <\/div>\n        <\/div>\n    <\/div>\n<\/div>\n\n\n\n<div class=\"layout-space layout-space--content-page-level-2\"><\/div>\n\n\n\n<div class=\"layout-space layout-space--content-page-level-2\"><\/div>\n\n\n\n<div class=\"teaser-read-more teaser-read-more--show-all-items-on-mobile\">\n    <div class=\"l-container\">\n        <div class=\"l-flex\">\n                            <div class=\"teaser-read-more__item \">\n                                        <div class=\"teaser-read-more__wallpaper\" style=\"background-image:url(https:\/\/www.pickware.com\/app\/uploads\/2023\/06\/helpcenter-teaser-shopify.svg)\" title=\"helpcenter-teaser-shopify\"><\/div>\n                    <div class=\"teaser-read-more__content\">\n                        <div class=\"teaser-read-more__text\">\n                            <div>\n                                <div class=\"teaser-read-more__eyebrow\">Pickware f\u00fcr<\/div>\n                                <div class=\"teaser-read-more__heading\">Shopify<\/div>\n                            <\/div>\n                            <div class=\"teaser-read-more__copy\"><\/div>\n                        <\/div>\n                                                    <div class=\"teaser-read-more__button-group\">\n                                                                    <a class=\"teaser-read-more__button teaser-read-more__button--order-500 \" href=\"https:\/\/shopify-pickware.zendesk.com\/hc\/de\" target=\"\">\n                                        Zum Helpcenter                                    <\/a>\n                                                            <\/div>\n                                            <\/div>\n                <\/div>\n                            <div class=\"teaser-read-more__item \">\n                                        <div class=\"teaser-read-more__wallpaper\" style=\"background-image:url(https:\/\/www.pickware.com\/app\/uploads\/2022\/07\/helpcenter-teaser-cloud.svg)\" title=\"helpcenter-teaser-cloud\"><\/div>\n                    <div class=\"teaser-read-more__content\">\n                        <div class=\"teaser-read-more__text\">\n                            <div>\n                                <div class=\"teaser-read-more__eyebrow\">Pickware f\u00fcr<\/div>\n                                <div class=\"teaser-read-more__heading\">Shopware 6<\/div>\n                            <\/div>\n                            <div class=\"teaser-read-more__copy\"><\/div>\n                        <\/div>\n                                                    <div class=\"teaser-read-more__button-group\">\n                                                                    <a class=\"teaser-read-more__button teaser-read-more__button--order-500 \" href=\"https:\/\/sw6-pickware.zendesk.com\/hc\/de\" target=\"\">\n                                        Zum Helpcenter                                    <\/a>\n                                                            <\/div>\n                                            <\/div>\n                <\/div>\n                            <div class=\"teaser-read-more__item \">\n                                        <div class=\"teaser-read-more__wallpaper\" style=\"background-image:url(https:\/\/www.pickware.com\/app\/uploads\/2022\/07\/helpcenter-teaser-sw6.svg)\" title=\"helpcenter-teaser-sw6\"><\/div>\n                    <div class=\"teaser-read-more__content\">\n                        <div class=\"teaser-read-more__text\">\n                            <div>\n                                <div class=\"teaser-read-more__eyebrow\">Pickware f\u00fcr<\/div>\n                                <div class=\"teaser-read-more__heading\">Shopware 5<\/div>\n                            <\/div>\n                            <div class=\"teaser-read-more__copy\"><\/div>\n                        <\/div>\n                                                    <div class=\"teaser-read-more__button-group\">\n                                                                    <a class=\"teaser-read-more__button teaser-read-more__button--order-500 \" href=\"https:\/\/help-sw5.pickware.com\/hc\/de\" target=\"\">\n                                        Zum Helpcenter                                    <\/a>\n                                                            <\/div>\n                                            <\/div>\n                <\/div>\n                    <\/div>\n    <\/div>\n<\/div>\n\n\n\n<div class=\"layout-space layout-space--article-page-level-1\"><\/div>\n","protected":false},"excerpt":{"rendered":"","protected":false},"author":3,"featured_media":0,"parent":0,"menu_order":0,"comment_status":"closed","ping_status":"closed","template":"","meta":{"_acf_changed":false,"_stopmodifiedupdate":false,"_modified_date":"","footnotes":""},"class_list":["post-16394","page","type-page","status-publish","hentry"],"acf":[],"_links":{"self":[{"href":"https:\/\/www.pickware.com\/de\/wp-json\/wp\/v2\/pages\/16394","targetHints":{"allow":["GET"]}}],"collection":[{"href":"https:\/\/www.pickware.com\/de\/wp-json\/wp\/v2\/pages"}],"about":[{"href":"https:\/\/www.pickware.com\/de\/wp-json\/wp\/v2\/types\/page"}],"author":[{"embeddable":true,"href":"https:\/\/www.pickware.com\/de\/wp-json\/wp\/v2\/users\/3"}],"replies":[{"embeddable":true,"href":"https:\/\/www.pickware.com\/de\/wp-json\/wp\/v2\/comments?post=16394"}],"version-history":[{"count":41,"href":"https:\/\/www.pickware.com\/de\/wp-json\/wp\/v2\/pages\/16394\/revisions"}],"predecessor-version":[{"id":47314,"href":"https:\/\/www.pickware.com\/de\/wp-json\/wp\/v2\/pages\/16394\/revisions\/47314"}],"wp:attachment":[{"href":"https:\/\/www.pickware.com\/de\/wp-json\/wp\/v2\/media?parent=16394"}],"curies":[{"name":"wp","href":"https:\/\/api.w.org\/{rel}","templated":true}]}}