{"id":17157,"date":"2022-08-04T13:38:36","date_gmt":"2022-08-04T11:38:36","guid":{"rendered":"https:\/\/www.pickware.com\/?page_id=17157"},"modified":"2025-02-11T16:37:34","modified_gmt":"2025-02-11T15:37:34","slug":"shopware-5","status":"publish","type":"page","link":"https:\/\/www.pickware.com\/de\/testen\/shopware-5","title":{"rendered":"Jetzt Testen \u2013 Shopware 5"},"content":{"rendered":"\n<div class=\"layout-space layout-space--content-page-level-2\"><\/div>\n\n\n\n<div class=\"layout-space layout-space--content-page-level-2\"><\/div>\n\n\n\n<div class=\"hero-text\">\n    <div class=\"l-container\">\n        <div class=\"l-grid\">\n            <div class=\"l-grid__content\">\n                <div class=\"hero-text__eyebrow\"><\/div>\n                <h1 class=\"hero-text__heading\">Teste Pickware f\u00fcr Shopware 5<\/h1>\n                <div class=\"hero-text__copy\"><p>Schaue in unserem Demoshop vorbei und teste alle Funktionen unkompliziert in unserer Testumgebung. \u00dcber den Shopware Store kannst du alle Produkte auch 30 Tage kostenlos in deinem Onlineshop testen.<\/p>\n<\/div>\n            <\/div>\n        <\/div>\n    <\/div>\n<\/div>\n\n\n\n<div class=\"layout-space layout-space--content-page-level-2\"><\/div>\n\n\n\n<div class=\"layout-space layout-space--content-page-level-2\"><\/div>\n\n\n\n<div class=\"teaser-testing\">\n    <div class=\"l-container\">\n        <div class=\"l-grid\">\n            <div class=\"l-grid__image\">\n                <img decoding=\"async\" class=\"teaser-testing__illustration\" src=\"https:\/\/www.pickware.com\/app\/uploads\/2021\/07\/testen-erp_front.png\" alt=\"testen-erp_front\"\/>\n            <\/div>\n            <div class=\"l-grid__content\">\n                <div class=\"teaser-testing__heading-container\">\n                    <div class=\"teaser-testing__icon-and-heading\">\n                        <img decoding=\"async\" class=\"teaser-testing__icon\" src=\"https:\/\/www.pickware.com\/app\/uploads\/2021\/05\/pickware-icon-erp.svg\" alt=\"pickware-icon-erp\"\/>\n                        <div class=\"teaser-testing__heading\">Pickware ERP<\/div>\n                    <\/div>\n                <\/div>\n                <div class=\"teaser-testing__copy\"><p>Teste unsere Warenwirtschaft, die das Basismodul f\u00fcr Pickware WMS und POS ist, umf\u00e4nglich in unserem Demoshop. Hierzu ist keine Installation n\u00f6tig, sodass du alle Abl\u00e4ufe und Features bequem erkunden kannst.<\/p>\n<\/div>\n                <div class=\"teaser-testing__links\">\n                                            <div class=\"teaser-testing__link\">\n                            <div class=\"teaser-testing__link-icon\">\n                                                                <img decoding=\"async\" src=\"https:\/\/www.pickware.com\/app\/uploads\/2022\/09\/favicon.svg\" alt=\"favicon\"\/>\n                            <\/div>\n                            <div class=\"teaser-testing__link-text-and-button\">\n                                <div class=\"teaser-testing__link-text\">Pickware Demoshop<\/div>\n                                <div class=\"teaser-testing__button\">\n                                                                            <a class=\"teaser-testing__link-button gtm-testing-demoshop\" href=\"https:\/\/demo.pickware.de\/\" target=\"_blank\">Zum Demoshop<\/a>\n                                                                                                        <\/div>\n                            <\/div>\n                        <\/div>\n                                            <div class=\"teaser-testing__link\">\n                            <div class=\"teaser-testing__link-icon\">\n                                                                <img decoding=\"async\" src=\"https:\/\/www.pickware.com\/app\/uploads\/2021\/05\/pickware-icon-erp.svg\" alt=\"pickware-icon-erp\"\/>\n                            <\/div>\n                            <div class=\"teaser-testing__link-text-and-button\">\n                                <div class=\"teaser-testing__link-text\">ERP Plugin<\/div>\n                                <div class=\"teaser-testing__button\">\n                                                                            <a class=\"teaser-testing__link-button gtm-testing-demoshop\" href=\"https:\/\/store.shopware.com\/viisonpickwareerpt\/shopware-erp-powered-by-pickware.html\" target=\"_blank\">Shopware Store<\/a>\n                                                                                                        <\/div>\n                            <\/div>\n                        <\/div>\n                                    <\/div>\n            <\/div>\n        <\/div>\n    <\/div>\n<\/div>\n\n\n\n<div class=\"layout-space layout-space--content-page-level-2\"><\/div>\n\n\n\n<div class=\"layout-space layout-space--content-page-level-2\"><\/div>\n\n\n\n<div class=\"teaser-testing\">\n    <div class=\"l-container\">\n        <div class=\"l-grid\">\n            <div class=\"l-grid__image\">\n                <img decoding=\"async\" class=\"teaser-testing__illustration\" src=\"https:\/\/www.pickware.com\/app\/uploads\/2021\/07\/testen-wms_front.png\" alt=\"testen-wms_front\"\/>\n            <\/div>\n            <div class=\"l-grid__content\">\n                <div class=\"teaser-testing__heading-container\">\n                    <div class=\"teaser-testing__icon-and-heading\">\n                        <img decoding=\"async\" class=\"teaser-testing__icon\" src=\"https:\/\/www.pickware.com\/app\/themes\/pickware-theme\/modules\/teaser\/testing\/assets\/icon.svg\" alt=\"icon\"\/>\n                        <div class=\"teaser-testing__heading\">Pickware WMS<\/div>\n                    <\/div>\n                <\/div>\n                <div class=\"teaser-testing__copy\"><p>Mit den beiden Pickware WMS Apps f\u00fcr Lager und Versand und dem Demoshop kannst du praxisnah<span style=\"font-weight: 400;\"> Abl\u00e4ufe wie die Kommissionierung oder die Inventur testen.<\/span><\/p>\n<\/div>\n                <div class=\"teaser-testing__links\">\n                                            <div class=\"teaser-testing__link\">\n                            <div class=\"teaser-testing__link-icon\">\n                                                                <img decoding=\"async\" src=\"https:\/\/www.pickware.com\/app\/uploads\/2022\/07\/app-icon-lager-sw5.svg\" alt=\"app-icon-lager-sw5\"\/>\n                            <\/div>\n                            <div class=\"teaser-testing__link-text-and-button\">\n                                <div class=\"teaser-testing__link-text\">Lager App<\/div>\n                                <div class=\"teaser-testing__button\">\n                                                                                                                <a class=\"gtm-testing-app\" href=\"https:\/\/apps.apple.com\/de\/app\/pickware-lager\/id970740666\" target=\"_blank\"><img decoding=\"async\" src=\"https:\/\/www.pickware.com\/app\/themes\/pickware-theme\/dist\/static\/buttons\/app-store.svg\" alt=\"app-store\"\/><\/a>\n                                                                    <\/div>\n                            <\/div>\n                        <\/div>\n                                            <div class=\"teaser-testing__link\">\n                            <div class=\"teaser-testing__link-icon\">\n                                                                <img decoding=\"async\" src=\"https:\/\/www.pickware.com\/app\/uploads\/2022\/07\/app-icon-versand-sw5.svg\" alt=\"app-icon-versand-sw5\"\/>\n                            <\/div>\n                            <div class=\"teaser-testing__link-text-and-button\">\n                                <div class=\"teaser-testing__link-text\">Versand App<\/div>\n                                <div class=\"teaser-testing__button\">\n                                                                                                                <a class=\"gtm-testing-app\" href=\"https:\/\/apps.apple.com\/de\/app\/pickware-versand\/id967792028\" target=\"_blank\"><img decoding=\"async\" src=\"https:\/\/www.pickware.com\/app\/themes\/pickware-theme\/dist\/static\/buttons\/app-store.svg\" alt=\"app-store\"\/><\/a>\n                                                                    <\/div>\n                            <\/div>\n                        <\/div>\n                                            <div class=\"teaser-testing__link\">\n                            <div class=\"teaser-testing__link-icon\">\n                                                                <img decoding=\"async\" src=\"https:\/\/www.pickware.com\/app\/uploads\/2021\/05\/pickware-icon-wms.svg\" alt=\"pickware-icon-wms\"\/>\n                            <\/div>\n                            <div class=\"teaser-testing__link-text-and-button\">\n                                <div class=\"teaser-testing__link-text\">WMS Plugin<\/div>\n                                <div class=\"teaser-testing__button\">\n                                                                            <a class=\"teaser-testing__link-button \" href=\"https:\/\/store.shopware.com\/de\/viisonpickwaremobilem\/shopware-wms-powered-by-pickware.html\" target=\"_blank\">Shopware Store<\/a>\n                                                                                                        <\/div>\n                            <\/div>\n                        <\/div>\n                                    <\/div>\n            <\/div>\n        <\/div>\n    <\/div>\n<\/div>\n\n\n\n<div id=\"pos\" class=\"wp-block-group\"><div class=\"wp-block-group__inner-container is-layout-flow wp-block-group-is-layout-flow\">\n<div class=\"layout-space layout-space--content-page-level-2\"><\/div>\n<\/div><\/div>\n\n\n\n<div class=\"layout-space layout-space--content-page-level-2\"><\/div>\n\n\n\n<div class=\"wp-block-group\"><div class=\"wp-block-group__inner-container is-layout-flow wp-block-group-is-layout-flow\">\n<div class=\"teaser-testing\">\n    <div class=\"l-container\">\n        <div class=\"l-grid\">\n            <div class=\"l-grid__image\">\n                <img decoding=\"async\" class=\"teaser-testing__illustration\" src=\"https:\/\/www.pickware.com\/app\/uploads\/2021\/07\/testen-pos_front.png\" alt=\"testen-pos_front\"\/>\n            <\/div>\n            <div class=\"l-grid__content\">\n                <div class=\"teaser-testing__heading-container\">\n                    <div class=\"teaser-testing__icon-and-heading\">\n                        <img decoding=\"async\" class=\"teaser-testing__icon\" src=\"https:\/\/www.pickware.com\/app\/uploads\/2021\/05\/pickware-icon-pos.svg\" alt=\"pickware-icon-pos\"\/>\n                        <div class=\"teaser-testing__heading\">Pickware POS<\/div>\n                    <\/div>\n                <\/div>\n                <div class=\"teaser-testing__copy\"><p>Mit der Pickware POS App, der L\u00f6sung f\u00fcr ein voll integriertes Kassensystem, und dem Demoshop kannst du praxisnah Abl\u00e4ufe rund um den Verkauf testen.<\/p>\n<\/div>\n                <div class=\"teaser-testing__links\">\n                                            <div class=\"teaser-testing__link\">\n                            <div class=\"teaser-testing__link-icon\">\n                                                                <img decoding=\"async\" src=\"https:\/\/www.pickware.com\/app\/uploads\/2022\/08\/pos-v2.svg\" alt=\"pos-v2\"\/>\n                            <\/div>\n                            <div class=\"teaser-testing__link-text-and-button\">\n                                <div class=\"teaser-testing__link-text\">Unsere POS App<\/div>\n                                <div class=\"teaser-testing__button\">\n                                                                                                                <a class=\"gtm-testing-app\" href=\"https:\/\/apps.apple.com\/de\/app\/pickware-pos\/id970739764\" target=\"_blank\"><img decoding=\"async\" src=\"https:\/\/www.pickware.com\/app\/themes\/pickware-theme\/dist\/static\/buttons\/app-store.svg\" alt=\"app-store\"\/><\/a>\n                                                                    <\/div>\n                            <\/div>\n                        <\/div>\n                                            <div class=\"teaser-testing__link\">\n                            <div class=\"teaser-testing__link-icon\">\n                                                                <img decoding=\"async\" src=\"https:\/\/www.pickware.com\/app\/uploads\/2021\/05\/pickware-icon-pos.svg\" alt=\"pickware-icon-pos\"\/>\n                            <\/div>\n                            <div class=\"teaser-testing__link-text-and-button\">\n                                <div class=\"teaser-testing__link-text\">POS Plugin<\/div>\n                                <div class=\"teaser-testing__button\">\n                                                                            <a class=\"teaser-testing__link-button \" href=\"https:\/\/store.shopware.com\/de\/viisonpickwareposm\/shopware-pos-powered-by-pickware.html\" target=\"_blank\">Shopware Store<\/a>\n                                                                                                        <\/div>\n                            <\/div>\n                        <\/div>\n                                    <\/div>\n            <\/div>\n        <\/div>\n    <\/div>\n<\/div>\n<\/div><\/div>\n\n\n\n<div id=\"pos\" class=\"wp-block-group\"><div class=\"wp-block-group__inner-container is-layout-flow wp-block-group-is-layout-flow\">\n<div class=\"layout-space layout-space--content-page-level-2\"><\/div>\n<\/div><\/div>\n\n\n\n<div class=\"layout-space layout-space--content-page-level-2\"><\/div>\n\n\n\n<div class=\"teaser-detail-page-image teaser-detail-page-image--reversed\">\n            <div class=\"teaser-detail-page-image__wallpaper\" style=\"background-image:url()\" title=\"\"><\/div>\n        <div class=\"l-container\">\n        <div class=\"l-grid\">\n            <div class=\"l-grid__content\">\n                <div>\n                    <div class=\"teaser-detail-page-image__eyebrow\">\n                                            <\/div>\n                    <div class=\"teaser-detail-page-image__heading\">Weitere Module<\/div>\n                <\/div>\n                <div class=\"teaser-detail-page-image__copy\"><p>Um Pickware flexibel zu erweitern, steht dir eine breite Auswahl an hilfreichen Modulen zur Verf\u00fcgung. Hierzu z\u00e4hlen Versandadapter, eine DATEV-Schnittstelle, ein automatischer Bankabgleich, St\u00fccklisten, Geschenkgutscheine und viele mehr.<\/p>\n<\/div>\n                                                    <div class=\"teaser-detail-page-image__button-group\">\n                                                    <a class=\"teaser-detail-page-image__button teaser-detail-page-image__button--order-500 \" href=\"https:\/\/store.shopware.com\/de\/extension-partners\/pickware\" target=\"_blank\">\n                                Shopware Store                            <\/a>\n                                            <\/div>\n                            <\/div>\n            <div class=\"l-grid__image\">\n                <img decoding=\"async\" class=\"teaser-detail-page-image__illustration\" src=\"https:\/\/www.pickware.com\/app\/uploads\/2021\/10\/211028_Weitere-Module-Erweiterungen-content_01_front.svg\" alt=\"211028_Weitere-Module-Erweiterungen-content_01_front\"\/>\n            <\/div>\n        <\/div>\n    <\/div>\n<\/div>\n\n\n\n<div class=\"layout-space layout-space--content-page-level-1\"><\/div>\n","protected":false},"excerpt":{"rendered":"","protected":false},"author":1,"featured_media":0,"parent":237,"menu_order":0,"comment_status":"closed","ping_status":"closed","template":"","meta":{"_acf_changed":false,"_stopmodifiedupdate":false,"_modified_date":"","footnotes":""},"class_list":["post-17157","page","type-page","status-publish","hentry"],"acf":[],"_links":{"self":[{"href":"https:\/\/www.pickware.com\/de\/wp-json\/wp\/v2\/pages\/17157","targetHints":{"allow":["GET"]}}],"collection":[{"href":"https:\/\/www.pickware.com\/de\/wp-json\/wp\/v2\/pages"}],"about":[{"href":"https:\/\/www.pickware.com\/de\/wp-json\/wp\/v2\/types\/page"}],"author":[{"embeddable":true,"href":"https:\/\/www.pickware.com\/de\/wp-json\/wp\/v2\/users\/1"}],"replies":[{"embeddable":true,"href":"https:\/\/www.pickware.com\/de\/wp-json\/wp\/v2\/comments?post=17157"}],"version-history":[{"count":37,"href":"https:\/\/www.pickware.com\/de\/wp-json\/wp\/v2\/pages\/17157\/revisions"}],"predecessor-version":[{"id":40146,"href":"https:\/\/www.pickware.com\/de\/wp-json\/wp\/v2\/pages\/17157\/revisions\/40146"}],"up":[{"embeddable":true,"href":"https:\/\/www.pickware.com\/de\/wp-json\/wp\/v2\/pages\/237"}],"wp:attachment":[{"href":"https:\/\/www.pickware.com\/de\/wp-json\/wp\/v2\/media?parent=17157"}],"curies":[{"name":"wp","href":"https:\/\/api.w.org\/{rel}","templated":true}]}}