{"id":24623,"date":"2023-05-03T15:48:22","date_gmt":"2023-05-03T13:48:22","guid":{"rendered":"https:\/\/www.pickware.com\/?page_id=24623"},"modified":"2025-11-19T13:17:06","modified_gmt":"2025-11-19T12:17:06","slug":"versanddienstleister","status":"publish","type":"page","link":"https:\/\/www.pickware.com\/de\/versanddienstleister","title":{"rendered":"Integrationen \u2013 Versanddienstleister"},"content":{"rendered":"\n<div class=\"layout-space layout-space--content-page-level-2\"><\/div>\n\n\n\n<div class=\"hero-image-size-500 \">\n        <div class=\"l-container\">\n        <div class=\"l-grid\">\n            <div class=\"l-grid__content\">\n                <div class=\"hero-image-size-500__eyebrow\">Versanddienstleister<\/div>\n                <h1 class=\"hero-image-size-500__heading\">ERP-System mit allen Versanddienstleistern<\/h1>\n                <div class=\"hero-image-size-500__copy\"><p>Alle g\u00e4ngigen Versanddienstleister sind direkt in Pickware integriert. Von Brief \u00fcber Paket bis zur Palette. Die perfekte Versandl\u00f6sung f\u00fcr deinen Onlineshop.<strong><br class=\"softbreak\" \/><\/strong><\/p>\n<\/div>\n                                                    <div class=\"hero-image-size-500__button-group\">\n                                                    <a class=\"hero-image-size-500__button hero-image-size-500__button--order-600 \" href=\"https:\/\/www.pickware.com\/de\/live-demo\" target=\"\">\n                                Live-Demo buchen                            <\/a>\n                                                    <a class=\"hero-image-size-500__button hero-image-size-500__button--order-400 \" href=\"#open-onboarding-overlay\" target=\"\">\n                                Jetzt testen                            <\/a>\n                                            <\/div>\n                            <\/div>\n            <div class=\"l-grid__image\">\n                <img decoding=\"async\" class=\"hero-image-size-500__illustration hero-image-size-500__illustration--text-length-normal\" src=\"https:\/\/www.pickware.com\/app\/uploads\/2025\/01\/versandsdienstleister-hero_04_front@2x-1.png\" alt=\"Versandabwicklung f\u00fcr Onlineshops: Alle Versanddienstleister zentral in Pickware ERP nutzen.\" \/>\n            <\/div>\n        <\/div>\n    <\/div>\n<\/div>\n\n\n\n<div class=\"layout-space layout-space--article-page-level-3\"><\/div>\n\n\n\n<div class=\"layout-space layout-space--content-page-level-2\"><\/div>\n\n\n\n<div class=\"content-intro\">\n    <div class=\"l-container\">\n        <div class=\"l-grid\">\n            <div class=\"l-grid__item\">\n                <h2>\n                    <div class=\"content-intro__eyebrow\">Versand ohne Kompromisse<\/div>\n                    <div class=\"content-intro__heading\">Entdecke die Vielfalt an Versanddienstleistern<\/div>\n                <\/h2>\n                <div class=\"content-intro__copy\"><p>Reibungslose Versandprozesse und nahtlos in deinen Shopify oder Shopware Onlineshop integriert.<\/p>\n<\/div>\n            <\/div>\n        <\/div>\n    <\/div>\n<\/div>\n\n\n\n<div class=\"layout-space layout-space--article-page-level-3\"><\/div>\n\n\n\n<div class=\"layout-space layout-space--content-page-level-2\"><\/div>\n\n\n\n<div class=\"teaser-detail-page-image teaser-detail-page-image--reversed\">\n            <div class=\"teaser-detail-page-image__wallpaper\" style=\"background-image:url()\" title=\"\"><\/div>\n        <div class=\"l-container\">\n        <div class=\"l-grid\">\n            <div class=\"l-grid__content\">\n                <h3>\n                    <div class=\"teaser-detail-page-image__eyebrow\">\n                        Top-Paketdienstleister                    <\/div>\n                    <div class=\"teaser-detail-page-image__heading\">Maximale Versandpower<\/div>\n                <\/h3>\n                <div class=\"teaser-detail-page-image__copy\"><p>Mit Pickware bringst du <strong>alle relevanten Versanddienstleister<\/strong> wie DHL, DHL Express, Deutsche Post, DPD, GLS und UPS direkt in deinen Onlineshop. Ob national oder international \u2013 du erreichst deine Kunden zuverl\u00e4ssig und schnell. Kein Hin- und Herschalten zwischen verschiedenen Tools, <strong>alles l\u00e4uft nahtlos zusammen<\/strong>. Du kannst dich auf p\u00fcnktliche und sichere Zustellungen verlassen, w\u00e4hrend die Verwaltung problemlos und ohne manuelle Eingaben l\u00e4uft.<\/p>\n<\/div>\n                                            <\/div>\n            <div class=\"l-grid__image\">\n                <img decoding=\"async\" class=\"teaser-detail-page-image__illustration\" src=\"https:\/\/www.pickware.com\/app\/uploads\/2025\/01\/versanddienstleister-maximale-versandpower-02@2x.png\" alt=\"Ob nationaler oder internationaler Versand \u2013 Pickware b\u00fcndelt alle wichtigen Versanddienstleister f\u00fcr reibungslose Versandprozesse im Onlineshop.\"\/>\n            <\/div>\n        <\/div>\n    <\/div>\n<\/div>\n\n\n\n<div class=\"layout-space layout-space--article-page-level-3\"><\/div>\n\n\n\n<div class=\"layout-space layout-space--content-page-level-2\"><\/div>\n\n\n\n<div class=\"teaser-detail-page-image \">\n            <div class=\"teaser-detail-page-image__wallpaper\" style=\"background-image:url()\" title=\"\"><\/div>\n        <div class=\"l-container\">\n        <div class=\"l-grid\">\n            <div class=\"l-grid__content\">\n                <h3>\n                    <div class=\"teaser-detail-page-image__eyebrow\">\n                        Schweiz &#038; \u00d6sterreich                    <\/div>\n                    <div class=\"teaser-detail-page-image__heading\">L\u00e4nder\u00fcbergreifend stark<\/div>\n                <\/h3>\n                <div class=\"teaser-detail-page-image__copy\"><p>Als Onlineh\u00e4ndler aus der Schweiz oder \u00d6sterreich bist du auch auf regionale Versanddienstleister angewiesen, um deinen Kunden den besten Service zu bieten. Genau daf\u00fcr haben wir die perfekte L\u00f6sung: Die <strong>Schweizerische Post<\/strong> und die <strong>\u00d6sterreichische Post<\/strong>, zwei der etabliertesten Versanddienstleister in der Region, sind <strong>direkt in Pickware integriert<\/strong>. So kannst du einen zuverl\u00e4ssigen und schnellen regionalen Versand gew\u00e4hrleisten.<\/p>\n<\/div>\n                                            <\/div>\n            <div class=\"l-grid__image\">\n                <img decoding=\"async\" class=\"teaser-detail-page-image__illustration\" src=\"https:\/\/www.pickware.com\/app\/uploads\/2025\/01\/versanddienstleister-laenderuebergreifend-stark-03@2x.png\" alt=\"Pickware erm\u00f6glicht l\u00e4nder\u00fcbergreifenden Versand mit Schweizerischer Post und \u00d6sterreichischer Post.\"\/>\n            <\/div>\n        <\/div>\n    <\/div>\n<\/div>\n\n\n\n<div class=\"layout-space layout-space--article-page-level-3\"><\/div>\n\n\n\n<div class=\"layout-space layout-space--content-page-level-2\"><\/div>\n\n\n\n<div class=\"content-testimonial\">\n    <div class=\"l-container\">\n        <div class=\"l-grid\">\n            <div class=\"l-grid__image\">\n                <img decoding=\"async\" class=\"content-testimonial__portrait\" src=\"https:\/\/www.pickware.com\/app\/uploads\/2025\/01\/versanddienstleister-testi-03@2x.png\" alt=\"versanddienstleister-testi-03@2x\" \/>\n            <\/div>\n            <div class=\"l-grid__content\">\n                <div class=\"content-testimonial__text-wrapper\">\n                    <img decoding=\"async\" class=\"content-testimonial__quotation-mark\" src=\"https:\/\/www.pickware.com\/app\/themes\/pickware-theme\/modules\/content\/testimonial\/assets\/quotation-mark.svg\" alt=\"quotation-mark\" \/>\n                    <div class=\"content-testimonial__text\">\n                        <div class=\"content-testimonial__review\">Die umfangreichen Schnittstellen zu Versanddienstleistern finden gro\u00dfen Anklang. Gerade mit der Anbindung von Sendcloud hat Pickware bez\u00fcglich der Versandm\u00f6glichkeiten nochmal ordentlich einen drauf gesetzt.<\/div>\n                        <div class=\"content-testimonial__author\">Alexander Jank<\/div>\n                        <div class=\"content-testimonial__author-description\">Gesch\u00e4ftsf\u00fchrer von nuonic Digital<\/div>\n                    <\/div>\n                <\/div>\n            <\/div>\n        <\/div>\n    <\/div>\n<\/div>\n\n\n\n<div class=\"layout-space layout-space--content-page-level-2\"><\/div>\n\n\n\n<div class=\"layout-space layout-space--article-page-level-3\"><\/div>\n\n\n\n<div class=\"teaser-detail-page-image teaser-detail-page-image--reversed\">\n            <div class=\"teaser-detail-page-image__wallpaper\" style=\"background-image:url()\" title=\"\"><\/div>\n        <div class=\"l-container\">\n        <div class=\"l-grid\">\n            <div class=\"l-grid__content\">\n                <h3>\n                    <div class=\"teaser-detail-page-image__eyebrow\">\n                        Speditionsversand                    <\/div>\n                    <div class=\"teaser-detail-page-image__heading\">Wenn Pakete nicht mehr ausreichen<\/div>\n                <\/h3>\n                <div class=\"teaser-detail-page-image__copy\"><p>Die nahtlose Integration von <a href=\"https:\/\/www.pickware.com\/de\/blog\/dsv-integration-fuer-speditionsversand\" target=\"_blank\" rel=\"noopener\">DSV<\/a> in Pickware erweitert deine Versandm\u00f6glichkeiten um eine weitere leistungsstarke Komponente: Palettenversand mit DSV<em>. <\/em>Egal, ob du regelm\u00e4\u00dfig <strong>gro\u00dfe Mengen, schwere Waren oder Sperrgut<\/strong> versendest. DSV bietet dir maximale Flexibilit\u00e4t bei der Auswahl der Verpackungsarten und erm\u00f6glicht es, Warenbeschreibungen sowie Incoterms anzugeben \u2013 f\u00fcr Sendungen sowohl im Inland als auch international.<\/p>\n<\/div>\n                                            <\/div>\n            <div class=\"l-grid__image\">\n                <img decoding=\"async\" class=\"teaser-detail-page-image__illustration\" src=\"https:\/\/www.pickware.com\/app\/uploads\/2025\/01\/versanddienstleister-pakete-reichen-nicht-02@2x.png\" alt=\"Pickware Speditionsversand mit DSV f\u00fcr Paletten, gro\u00dfe Mengen und internationale Lieferungen.\"\/>\n            <\/div>\n        <\/div>\n    <\/div>\n<\/div>\n\n\n\n<div class=\"layout-space layout-space--article-page-level-3\"><\/div>\n\n\n\n<div class=\"layout-space layout-space--content-page-level-2\"><\/div>\n\n\n\n<div class=\"teaser-detail-page-image \">\n            <div class=\"teaser-detail-page-image__wallpaper\" style=\"background-image:url()\" title=\"\"><\/div>\n        <div class=\"l-container\">\n        <div class=\"l-grid\">\n            <div class=\"l-grid__content\">\n                <h3>\n                    <div class=\"teaser-detail-page-image__eyebrow\">\n                        Globale Versandprozesse                    <\/div>\n                    <div class=\"teaser-detail-page-image__heading\">Sendcloud Integration<\/div>\n                <\/h3>\n                <div class=\"teaser-detail-page-image__copy\"><p>Verkn\u00fcpfe Pickware mit Sendcloud und greife direkt auf <strong>100+ verschiedene Versanddienstleister<\/strong> zur\u00fcck. Die Integration von <a href=\"https:\/\/app-store.sendcloud.com\/pickware?utm_source=pickware&amp;utm_medium=partnerships&amp;utm_campaign=partner_integrations_page\" target=\"_blank\" rel=\"noopener\">Sendcloud<\/a> (Europas gr\u00f6\u00dfter Anbieter von Versandsoftware) er\u00f6ffnet dir als Onlineh\u00e4ndler nicht nur die M\u00f6glichkeit, deine nationalen Versandabl\u00e4ufe zus\u00e4tzlich zu optimieren, sondern bietet auch eine leistungsstarke L\u00f6sung f\u00fcr den internationalen Versand. Sendcloud l\u00e4sst sich <strong>nahtlos mit Pickware kombinieren<\/strong>.<\/p>\n<\/div>\n                                            <\/div>\n            <div class=\"l-grid__image\">\n                <img decoding=\"async\" class=\"teaser-detail-page-image__illustration\" src=\"https:\/\/www.pickware.com\/app\/uploads\/2025\/01\/versanddienstleister-sendcloud-02@2x.png\" alt=\"Globale Versandprozesse mit Pickware und Sendcloud \u2013 Anbindung von \u00fcber 100 Versanddienstleistern.\"\/>\n            <\/div>\n        <\/div>\n    <\/div>\n<\/div>\n\n\n\n<div class=\"layout-space layout-space--article-page-level-3\"><\/div>\n\n\n\n<div class=\"layout-space layout-space--content-page-level-2\"><\/div>\n\n\n\n<div class=\"wp-block-group update-spot-light\"><div class=\"wp-block-group__inner-container is-layout-constrained wp-block-group-is-layout-constrained\">\n<style>\n\n.update-spot-light .teaser-spot-light__subtext{\n    text-wrap-style: balance;\n}\n\n.update-spot-light .teaser-spot-light--order-500 .teaser-spot-light__card {\n    border: none;\n    border-radius: 24px;\n    background-color: #ebf8fd;\n    box-shadow: none;\n}\n\n.update-spot-light .teaser-spot-light__card {\n    gap: 16px;\n}\n\n.update-spot-light .teaser-spot-light__icon {\n    border-radius: 50px;\n    border: 4px solid #fff;\n    scale: 1.2;\n}\n\n.update-spot-light .teaser-spot-light__heading {\n    font-weight: 500;\n}\n\n@media (min-width: 1224px) {\n    .update-spot-light .teaser-spot-light__heading {\n        font-size: 24px;\n        line-height: 32px;\n    }\n}\n\n@media (min-width: 768px) and (max-width: 1223px) {\n    .teaser-spot-light__heading {\n        font-size: 20px;\n        letter-spacing: -.13px;\n        line-height: 28px;\n    }\n}\n\n@media (max-width: 767px) {\n    .teaser-spot-light__heading {\n        font-size: 19px;\n        letter-spacing: -.11px;\n        line-height: 28px;\n    }\n    .update-spot-light .teaser-spot-light__icon {\n        scale: 1;\n    }\n    .update-spot-light .teaser-spot-light__card {\n        gap: 0px;\n    }\n}\n\n<\/style>\n\n\n\n<div class=\"teaser-spot-light teaser-spot-light--order-500\">\n    <div class=\"l-container\">\n        <div class=\"teaser-spot-light__card\">\n            <img decoding=\"async\" class=\"teaser-spot-light__icon\" src=\"https:\/\/www.pickware.com\/app\/uploads\/2025\/01\/pascal-test-spot-light.png\" alt=\"pascal-test-spot-light\"\/>\n            <div class=\"teaser-spot-light__text\">\n                <h2>\n                    <div class=\"teaser-spot-light__eyebrow\"><\/div>\n                    <div class=\"teaser-spot-light__heading\">Custom Versanddienstleister gef\u00e4llig?<\/div>\n                <\/h2>\n                <div class=\"teaser-spot-light__subtext\">Fehlt ein Versanddienstleister oder Spediteur? Kontaktiere uns und wir entwickeln gemeinsam die passende L\u00f6sung.<\/div>\n            <\/div>\n            <a class=\"teaser-spot-light__button update-spot-light\" href=\"https:\/\/www.pickware.com\/de\/kontakt\" target=\"\">Kontaktiere uns<\/a>\n        <\/div>\n    <\/div>\n<\/div>\n<\/div><\/div>\n\n\n\n<div class=\"layout-space layout-space--content-page-level-2\"><\/div>\n\n\n\n<div class=\"layout-space layout-space--article-page-level-3\"><\/div>\n\n\n\n<div class=\"content-intro\">\n    <div class=\"l-container\">\n        <div class=\"l-grid\">\n            <div class=\"l-grid__item\">\n                <h2>\n                    <div class=\"content-intro__eyebrow\">Alles an einem Ort<\/div>\n                    <div class=\"content-intro__heading\">Smarte Versandlogistik mit Pickware<\/div>\n                <\/h2>\n                <div class=\"content-intro__copy\"><p>Vereinbare jetzt deine pers\u00f6nliche <a href=\"https:\/\/www.pickware.com\/de\/live-demo\">Live-Demo<\/a> und \u00fcberzeuge dich selbst.<\/p>\n<\/div>\n            <\/div>\n        <\/div>\n    <\/div>\n<\/div>\n\n\n\n<div class=\"layout-space layout-space--article-page-level-2\"><\/div>\n\n\n\n<div class=\"layout-space layout-space--article-page-level-3\"><\/div>\n\n\n\n<div class=\"wp-block-group update-accordion\"><div class=\"wp-block-group__inner-container is-layout-constrained wp-block-group-is-layout-constrained\">\n<style>\n.update-accordion .content-accordion__item-topic {\n    color: #283593;\n    font-weight: 500;\n}\n\n.update-accordion .content-accordion__item-answer {\n    font-size: 16px;\n    line-height: 24px;\n    color: #37434f;\n}\n<\/style>\n\n\n\n<div class=\"content-accordion\">\n    <div class=\"l-container\">\n        <div class=\"l-grid\">\n            <div class=\"l-grid__content\">\n                                    <div class=\"content-accordion__item\">\n                        <div class=\"content-accordion__item-topic\">Direkte Integration<\/div>\n                        <div class=\"content-accordion__item-answer-container\">\n                            <div class=\"content-accordion__item-answer\"><div class=\"teaser-detail-page-image__copy\">\n<p>Versand- und Retourenetiketten werden direkt in Pickware erstellt, ohne externe Tools nutzen zu m\u00fcssen.<\/p>\n<\/div>\n<\/div>\n                        <\/div>\n                    <\/div>\n                                    <div class=\"content-accordion__item\">\n                        <div class=\"content-accordion__item-topic\">G\u00fcnstige Konditionen<\/div>\n                        <div class=\"content-accordion__item-answer-container\">\n                            <div class=\"content-accordion__item-answer\"><div class=\"teaser-detail-page-image__copy\">\n<p>Die Abrechnung erfolgt direkt zwischen dir und dem Versanddienstleister \u2013 ohne zus\u00e4tzliche Geb\u00fchren.<\/p>\n<\/div>\n<\/div>\n                        <\/div>\n                    <\/div>\n                                    <div class=\"content-accordion__item\">\n                        <div class=\"content-accordion__item-topic\">Einfache Versandlabel-Erstellung<\/div>\n                        <div class=\"content-accordion__item-answer-container\">\n                            <div class=\"content-accordion__item-answer\"><p>Mit wenigen Klicks kannst du Versandetiketten f\u00fcr DHL, DPD, UPS und Co. erstellen. Alle n\u00f6tigen Daten, wie Adressen und Paketdetails, werden direkt aus deinem Onlineshop \u00fcbernommen.<\/p>\n<\/div>\n                        <\/div>\n                    <\/div>\n                                    <div class=\"content-accordion__item\">\n                        <div class=\"content-accordion__item-topic\">Zentrale Verwaltung<\/div>\n                        <div class=\"content-accordion__item-answer-container\">\n                            <div class=\"content-accordion__item-answer\"><p>Mehrere Versanddienstleister lassen sich parallel verwalten. Je nach Bedarf kannst du flexibel entscheiden, welcher Dienstleister am besten geeignet ist.<\/p>\n<\/div>\n                        <\/div>\n                    <\/div>\n                                    <div class=\"content-accordion__item\">\n                        <div class=\"content-accordion__item-topic\">Fehlerreduktion<\/div>\n                        <div class=\"content-accordion__item-answer-container\">\n                            <div class=\"content-accordion__item-answer\"><p>Alle Versanddaten werden direkt aus deinem Shop \u00fcbernommen, wodurch falsche Adressen oder fehlerhafte Versandmethoden nahezu ausgeschlossen sind.<\/p>\n<\/div>\n                        <\/div>\n                    <\/div>\n                                    <div class=\"content-accordion__item\">\n                        <div class=\"content-accordion__item-topic\">Sendungsverfolgung<\/div>\n                        <div class=\"content-accordion__item-answer-container\">\n                            <div class=\"content-accordion__item-answer\"><p>Deine Kunden erhalten automatische Updates und k\u00f6nnen ihre Pakete jederzeit verfolgen. Dies sorgt f\u00fcr ein positives Einkaufserlebnis.<\/p>\n<\/div>\n                        <\/div>\n                    <\/div>\n                            <\/div>\n        <\/div>\n    <\/div>\n<\/div>\n\n<script type=\"text\/javascript\">\n\nwindow.addEventListener('DOMContentLoaded', (event) => {\n    var accordionItems = document.querySelectorAll('.content-accordion__item');\n    accordionItems.forEach(function (accordionItem) {\n        accordionItem.addEventListener('click', function (event) {\n            accordionItem.classList.toggle('content-accordion__item--is-open');\n        }, false);\n    });\n});\n\n<\/script>\n<\/div><\/div>\n\n\n\n<div class=\"layout-space layout-space--article-page-level-3\"><\/div>\n\n\n\n<div class=\"wp-block-group lp-cta\"><div class=\"wp-block-group__inner-container is-layout-constrained wp-block-group-is-layout-constrained\">\n<div class=\"teaser-detail-page-image-columns\">\n    <div class=\"l-container\">\n        <div class=\"l-grid\">\n                            <div class=\"teaser-detail-page-image-columns__item\">\n                                        <img decoding=\"async\" class=\"teaser-detail-page-image-columns__illustration\" src=\"https:\/\/www.pickware.com\/app\/themes\/pickware-theme\/modules\/teaser\/detail-page-image-columns\/assets\/illustration.svg\" alt=\"illustration\"\/>\n                    <div>\n                        <div class=\"teaser-detail-page-image-columns__eyebrow\">\n                                                    <\/div>\n                        <div class=\"teaser-detail-page-image-columns__heading\">Kostenlose Live-Demo<\/div>\n                    <\/div>\n                    <div class=\"teaser-detail-page-image-columns__copy\"><\/div>\n                                            <div class=\"teaser-detail-page-image-columns__list-heading\"><\/div>\n                        <ul class=\"teaser-detail-page-image-columns__list\">\n                                                            <li>Unverbindlich &#038; kostenlos<\/li>\n                                                            <li>Ca. 60 min per Video\u00fcbertragung<\/li>\n                                                            <li>Auf dein Business abgestimmte Produktdemo<\/li>\n                                                    <\/ul>\n                                                                <div class=\"teaser-detail-page-image-columns__button-group\">\n                                                            <a class=\"teaser-detail-page-image-columns__button teaser-detail-page-image-columns__button--order-500 \" href=\"https:\/\/www.pickware.com\/de\/live-demo\" target=\"\">\n                                    Jetzt buchen                                <\/a>\n                                                    <\/div>\n                                    <\/div>\n                            <div class=\"teaser-detail-page-image-columns__item\">\n                                        <img decoding=\"async\" class=\"teaser-detail-page-image-columns__illustration\" src=\"https:\/\/www.pickware.com\/app\/themes\/pickware-theme\/modules\/teaser\/detail-page-image-columns\/assets\/illustration.svg\" alt=\"illustration\"\/>\n                    <div>\n                        <div class=\"teaser-detail-page-image-columns__eyebrow\">\n                                                    <\/div>\n                        <div class=\"teaser-detail-page-image-columns__heading\">Kostenlos Testen<\/div>\n                    <\/div>\n                    <div class=\"teaser-detail-page-image-columns__copy\"><\/div>\n                                            <div class=\"teaser-detail-page-image-columns__list-heading\"><\/div>\n                        <ul class=\"teaser-detail-page-image-columns__list\">\n                                                            <li>Testphase endet automatisch<\/li>\n                                                            <li>Keine Kreditkarte erforderlich<\/li>\n                                                            <li>In 24 Stunden eingerichtet<\/li>\n                                                    <\/ul>\n                                                                <div class=\"teaser-detail-page-image-columns__button-group\">\n                                                            <a class=\"teaser-detail-page-image-columns__button teaser-detail-page-image-columns__button--order-500 \" href=\"#open-onboarding-overlay\" target=\"\">\n                                    Jetzt testen                                <\/a>\n                                                    <\/div>\n                                    <\/div>\n                    <\/div>\n    <\/div>\n<\/div>\n\n\n\n<style>\n.lp-cta .teaser-detail-page-image-columns__list>li::before {\n    background-image: url(https:\/\/www.pickware.com\/app\/uploads\/2024\/01\/all-in-one-icon-check.svg);\n}\n\n.lp-cta .teaser-detail-page-image-columns__item img{\ndisplay: none;}\n\n.lp-cta .teaser-detail-page-image-columns__item{\nbackground-color: #010645;\n    padding: 64px;\n    border-radius: 32px;\n    box-shadow: 0 32px 48px -40px rgba(50,50,93,0.80);\n    }\n\n@media (max-width: 767px) {\n    .lp-cta .teaser-detail-page-image-columns__item {\n    padding: 32px;\n    border-radius: 16px;\n    }\n}\n\n.lp-cta .teaser-detail-page-image-columns__heading{\ncolor: #fff\n}\n\n.lp-cta .teaser-detail-page-image-columns__list>li{\ncolor: #91c8ff\n}\n\n.lp-cta .l-grid{\ngap: 24px 24px;}\n\n.lp-cta .teaser-detail-page-image-columns__eyebrow{\ncolor: #fff;\n}\n\n.lp-cta .teaser-detail-page-image-columns__item:last-child{\n}\n\n<\/style>\n<\/div><\/div>\n\n\n\n<div class=\"layout-space layout-space--article-page-level-1\"><\/div>\n","protected":false},"excerpt":{"rendered":"","protected":false},"author":1,"featured_media":0,"parent":0,"menu_order":0,"comment_status":"closed","ping_status":"closed","template":"","meta":{"_acf_changed":false,"_stopmodifiedupdate":false,"_modified_date":"","footnotes":""},"class_list":["post-24623","page","type-page","status-publish","hentry"],"acf":[],"_links":{"self":[{"href":"https:\/\/www.pickware.com\/de\/wp-json\/wp\/v2\/pages\/24623","targetHints":{"allow":["GET"]}}],"collection":[{"href":"https:\/\/www.pickware.com\/de\/wp-json\/wp\/v2\/pages"}],"about":[{"href":"https:\/\/www.pickware.com\/de\/wp-json\/wp\/v2\/types\/page"}],"author":[{"embeddable":true,"href":"https:\/\/www.pickware.com\/de\/wp-json\/wp\/v2\/users\/1"}],"replies":[{"embeddable":true,"href":"https:\/\/www.pickware.com\/de\/wp-json\/wp\/v2\/comments?post=24623"}],"version-history":[{"count":112,"href":"https:\/\/www.pickware.com\/de\/wp-json\/wp\/v2\/pages\/24623\/revisions"}],"predecessor-version":[{"id":45752,"href":"https:\/\/www.pickware.com\/de\/wp-json\/wp\/v2\/pages\/24623\/revisions\/45752"}],"wp:attachment":[{"href":"https:\/\/www.pickware.com\/de\/wp-json\/wp\/v2\/media?parent=24623"}],"curies":[{"name":"wp","href":"https:\/\/api.w.org\/{rel}","templated":true}]}}