{"id":25191,"date":"2023-06-10T12:40:41","date_gmt":"2023-06-10T10:40:41","guid":{"rendered":"https:\/\/www.pickware.com\/?page_id=25191"},"modified":"2025-11-25T17:19:53","modified_gmt":"2025-11-25T16:19:53","slug":"zettle-by-paypal","status":"publish","type":"page","link":"https:\/\/www.pickware.com\/de\/pos\/zettle-by-paypal","title":{"rendered":"Zettle Landing Page"},"content":{"rendered":"\n<div class=\"layout-space layout-space--content-page-level-2\"><\/div>\n\n\n\n<div class=\"hero-image-size-500 \">\n        <div class=\"l-container\">\n        <div class=\"l-grid\">\n            <div class=\"l-grid__content\">\n                <div class=\"hero-image-size-500__eyebrow\">Zettle by Paypal<\/div>\n                <h1 class=\"hero-image-size-500__heading\">Mit Zettle und Pickware einfach verkaufen!<\/h1>\n                <div class=\"hero-image-size-500__copy\"><p>Durch die Integration von Zettle by PayPal in Pickware POS akzeptierst du g\u00e4ngige Zahlungsarten blitzschnell\u202f\u2013 f\u00fcr kurze Warteschlangen und mehr Umsatz.<\/p>\n<\/div>\n                                            <\/div>\n            <div class=\"l-grid__image\">\n                <img decoding=\"async\" class=\"hero-image-size-500__illustration hero-image-size-500__illustration--text-length-normal\" src=\"https:\/\/www.pickware.com\/app\/uploads\/2023\/06\/zettel-hero-front@2x.png\" alt=\"Zettle by PayPal Integration in Pickware POS erm\u00f6glicht blitzschnelle Zahlungen und effiziente Verkaufsprozesse, sowohl online als auch am POS, f\u00fcr eine reibungslose Kundenerfahrung.\" \/>\n            <\/div>\n        <\/div>\n    <\/div>\n<\/div>\n\n\n\n<div class=\"layout-space layout-space--content-page-level-2\"><\/div>\n\n\n\n<div class=\"layout-space layout-space--content-page-level-2\"><\/div>\n\n\n\n<div class=\"teaser-detail-page-image teaser-detail-page-image--reversed\">\n            <div class=\"teaser-detail-page-image__wallpaper\" style=\"background-image:url()\" title=\"\"><\/div>\n        <div class=\"l-container\">\n        <div class=\"l-grid\">\n            <div class=\"l-grid__content\">\n                <div>\n                    <div class=\"teaser-detail-page-image__eyebrow\">\n                                            <\/div>\n                    <div class=\"teaser-detail-page-image__heading\">Modernisiere dein Kassen Setup<\/div>\n                <\/div>\n                <div class=\"teaser-detail-page-image__copy\"><p><strong>Flexibilit\u00e4t, auch von unterwegs <\/strong><br \/>\nVerbinde Pickware POS mit dem tragbaren Kartenleseger\u00e4t von Zettle by PayPal, damit du gleichzeitig Bestellungen und Zahlungen entgegennehmen kannst.<\/p>\n<p>&nbsp;<\/p>\n<p><strong>Schnelle Zahlungsabwicklung <\/strong><br \/>\nDer Zettle by PayPal Reader akzeptiert Zahlungen innerhalb von Sekunden, damit du deinen Kunden einen schnellen und effizienten Service bieten kannst.<\/p>\n<p>&nbsp;<\/p>\n<p><strong>Erstklassige Sicherheit <\/strong><br \/>\nDie Sicherheit deiner Transaktionen hat f\u00fcr Zettle by PayPal h\u00f6chste Priorit\u00e4t.<\/p>\n<\/div>\n                                                    <div class=\"teaser-detail-page-image__button-group\">\n                                                    <a class=\"teaser-detail-page-image__button teaser-detail-page-image__button--order-600 \" href=\"https:\/\/login.zettle.com\/register\/de?utm_source=partnership&#038;utm_medium=sdk&#038;utm_campaign=pickware&#038;_ga=2.108878146.1754343748.1684930431-2143203552.1684930431\" target=\"_blank\">\n                                Jetzt bei Zettle registrieren                            <\/a>\n                                            <\/div>\n                            <\/div>\n            <div class=\"l-grid__image\">\n                <img decoding=\"async\" class=\"teaser-detail-page-image__illustration\" src=\"https:\/\/www.pickware.com\/app\/uploads\/2023\/06\/zettel-teaser-modernisieren@2x.png\" alt=\"Kartenzahlungen am POS mit Zettle by PayPal und Pickware einfach, kontaktlos und flexibel abwickeln.\"\/>\n            <\/div>\n        <\/div>\n    <\/div>\n<\/div>\n\n\n\n<div class=\"layout-space layout-space--content-page-level-1\"><\/div>\n\n\n\n<div class=\"content-intro\">\n    <div class=\"l-container\">\n        <div class=\"l-grid\">\n            <div class=\"l-grid__item\">\n                <div>\n                    <div class=\"content-intro__eyebrow\"><\/div>\n                    <div class=\"content-intro__heading\">Vorteile der Zettle by PayPal Integration <\/div>\n                <\/div>\n                <div class=\"content-intro__copy\"><p>Verbinde das Zettle-Kartenleseger\u00e4t in wenigen Schritten mit deinem Pickware POS und profitiere von zahlreichen Vorteilen<\/p>\n<\/div>\n            <\/div>\n        <\/div>\n    <\/div>\n<\/div>\n\n\n\n<div class=\"layout-space layout-space--article-page-level-3\"><\/div>\n\n\n\n<div class=\"content-usp\">\n    <div class=\"l-container\">\n        <div class=\"l-flex\">\n                                                <div class=\"content-usp__item content-usp__item--no-shadow\">\n                                                            <img decoding=\"async\" class=\"content-usp__icon\" src=\"https:\/\/www.pickware.com\/app\/uploads\/2021\/05\/decor_time-money_do600.svg\" alt=\"Schneller Einstieg und faire Preisgestaltung\" \/>\n                                        <div class=\"content-usp__heading\"><p>Schneller Einstieg und faire Preisgestaltung<\/p>\n<\/div>\n                    <div class=\"content-usp__copy\"><\/div>\n                                    <\/div>\n                                                                <div class=\"content-usp__item content-usp__item--no-shadow\">\n                                                            <img decoding=\"async\" class=\"content-usp__icon\" src=\"https:\/\/www.pickware.com\/app\/uploads\/2021\/05\/decor_omnichannel_t600.svg\" alt=\"Omnichannel-L\u00f6sung f\u00fcr die Verkn\u00fcpfung all deiner Verkaufskan\u00e4le\" \/>\n                                        <div class=\"content-usp__heading\"><p>Omnichannel-L\u00f6sung f\u00fcr die Verkn\u00fcpfung all deiner Verkaufskan\u00e4le<\/p>\n<\/div>\n                    <div class=\"content-usp__copy\"><\/div>\n                                    <\/div>\n                                                                <div class=\"content-usp__item content-usp__item--no-shadow\">\n                                                            <img decoding=\"async\" class=\"content-usp__icon\" src=\"https:\/\/www.pickware.com\/app\/uploads\/2023\/06\/decor_-battery_pw600.svg\" alt=\"Bis zu 8 Stunden Akkulaufzeit oder 100 Transaktionen\" \/>\n                                        <div class=\"content-usp__heading\"><p>Bis zu 8 Stunden Akkulaufzeit oder 100 Transaktionen<\/p>\n<\/div>\n                    <div class=\"content-usp__copy\"><\/div>\n                                    <\/div>\n                                    <\/div>\n    <\/div>\n<\/div>\n\n\n\n<div class=\"layout-space layout-space--content-page-level-1\"><\/div>\n\n\n\n<p><\/p>\n\n\n\n<div class=\"teaser-detail-page-image \">\n            <div class=\"teaser-detail-page-image__wallpaper\" style=\"background-image:url()\" title=\"\"><\/div>\n        <div class=\"l-container\">\n        <div class=\"l-grid\">\n            <div class=\"l-grid__content\">\n                <div>\n                    <div class=\"teaser-detail-page-image__eyebrow\">\n                                            <\/div>\n                    <div class=\"teaser-detail-page-image__heading\">Erleichtert dir den Gesch\u00e4ftsalltag<\/div>\n                <\/div>\n                <div class=\"teaser-detail-page-image__copy\"><p>Mit Zettle by PayPal bildest du Zahlungsvorg\u00e4nge in Sekunden ab \u2013 und das zu fairen Konditionen.<\/p>\n<\/div>\n                                    <div class=\"teaser-detail-page-image__list-heading\">Transparente Geb\u00fchren<\/div>\n                    <ul class=\"teaser-detail-page-image__list\">\n                                                    <li>0,95 \/ 2,75 % Standard-Transaktionsgeb\u00fchr\u00b9<\/li>\n                                                    <li>Individuelle Tarife f\u00fcr Unternehmen, die monatlich Kartenzahlungen \u00fcber mindestens 10.000 \u20ac annehmen\u00b2<\/li>\n                                                    <li>Einnahmen sind in 1 bis 2 Werktagen auf deinem Bankkonto\u00b3<\/li>\n                                                    <li>Keine Vertr\u00e4ge, keine versteckten Kosten<\/li>\n                                            <\/ul>\n                                                    <div class=\"teaser-detail-page-image__button-group\">\n                                                    <a class=\"teaser-detail-page-image__button teaser-detail-page-image__button--order-600 \" href=\"https:\/\/login.zettle.com\/register\/de?utm_source=partnership&#038;utm_medium=sdk&#038;utm_campaign=pickware&#038;_ga=2.108878146.1754343748.1684930431-2143203552.1684930431\" target=\"\">\n                                Jetzt bei Zettle registrieren                            <\/a>\n                                            <\/div>\n                            <\/div>\n            <div class=\"l-grid__image\">\n                <img decoding=\"async\" class=\"teaser-detail-page-image__illustration\" src=\"https:\/\/www.pickware.com\/app\/uploads\/2022\/09\/produktseite-pos-teaser-zahlung-front.svg\" alt=\"Zettle by PayPal erm\u00f6glicht schnelle und transparente Zahlungen mit fairen Geb\u00fchren f\u00fcr Unternehmen.\"\/>\n            <\/div>\n        <\/div>\n    <\/div>\n<\/div>\n\n\n\n<div class=\"layout-space layout-space--content-page-level-1\"><\/div>\n\n\n\n<div class=\"teaser-highlight teaser-highlight--order-500\">\n    <div class=\"l-container\">\n        <div class=\"l-grid\">\n            <div class=\"l-grid__background\"><\/div>\n            <div class=\"l-grid__content\">\n                <div>\n                    <div class=\"teaser-highlight__eyebrow\">iPad Kasse &#038; Zubeh\u00f6r<\/div>\n                    <div class=\"teaser-highlight__heading\">Technisch wie optisch ein Highlight<\/div>\n                <\/div>\n                <div class=\"teaser-highlight__copy\"><p><span style=\"font-weight: 400;\">Mit Pickware POS profitierst du vom modernen Design und hoher Funktionalit\u00e4t. Zubeh\u00f6r wie Barcodescanner, Bondrucker, Kundendisplays und das Zettle Kartenterminal k\u00f6nnen unkompliziert angebunden werden.<\/span><\/p>\n<\/div>\n                                                    <div class=\"teaser-highlight__button-group\">\n                                                    <a class=\"teaser-highlight__button teaser-highlight__button--order-500 \" href=\"https:\/\/www.pickware.com\/de\/pos\/ipad-kasse\" target=\"\">\n                                iPad Kasse &amp; Zubeh\u00f6r                            <\/a>\n                                            <\/div>\n                            <\/div>\n            <div class=\"l-grid__image\">\n                <img decoding=\"async\" class=\"teaser-highlight__illustration\" src=\"https:\/\/www.pickware.com\/app\/uploads\/2021\/10\/cloud-produktseite-pos-teaser-hradware.png\" alt=\"Moderne iPad-Kasse mit Pickware POS und passendem Zubeh\u00f6r wie Barcodescanner, Bondrucker, Kundendisplays und Zettle Kartenterminal f\u00fcr effiziente Verkaufsabwicklung.\"\/>\n            <\/div>\n        <\/div>\n    <\/div>\n<\/div>\n\n\n\n<div class=\"layout-space layout-space--content-page-level-1\"><\/div>\n\n\n\n<div class=\"article-page-text-h5\">\n    <div class=\"l-container\">\n        <div class=\"l-grid\">\n            <div class=\"l-grid__content\">\n                <div class=\"article-page-text-h5__heading\"><\/div>\n                <div class=\"article-page-text-h5__copy\"><p><!-- wp:paragraph --><\/p>\n<p><sup>\u00b9 Geb\u00fchren\u00e4nderungen vorbehalten.<br \/>\n<\/sup><sup>\u00b2 Vereinbarungen \u00fcber individuelle Tarife unterliegen einer gesonderten Vereinbarung zwischen den Parteien. Der Abschluss einer solchen Vereinbarung liegt im alleinigen Ermessen von Zettle.<br \/>\n<\/sup><sup>\u00b3 Transaktionen werden \u00fcberpr\u00fcft und k\u00f6nnen zur\u00fcckgestellt oder verz\u00f6gert werden.<\/sup><\/p>\n<p><!-- \/wp:paragraph --><\/p>\n<\/div>\n            <\/div>\n        <\/div>\n    <\/div>\n<\/div>\n\n\n\n<div class=\"layout-space layout-space--content-page-level-2\"><\/div>\n","protected":false},"excerpt":{"rendered":"","protected":false},"author":3,"featured_media":0,"parent":42733,"menu_order":0,"comment_status":"closed","ping_status":"closed","template":"","meta":{"_acf_changed":false,"_stopmodifiedupdate":false,"_modified_date":"","footnotes":""},"class_list":["post-25191","page","type-page","status-publish","hentry"],"acf":[],"_links":{"self":[{"href":"https:\/\/www.pickware.com\/de\/wp-json\/wp\/v2\/pages\/25191","targetHints":{"allow":["GET"]}}],"collection":[{"href":"https:\/\/www.pickware.com\/de\/wp-json\/wp\/v2\/pages"}],"about":[{"href":"https:\/\/www.pickware.com\/de\/wp-json\/wp\/v2\/types\/page"}],"author":[{"embeddable":true,"href":"https:\/\/www.pickware.com\/de\/wp-json\/wp\/v2\/users\/3"}],"replies":[{"embeddable":true,"href":"https:\/\/www.pickware.com\/de\/wp-json\/wp\/v2\/comments?post=25191"}],"version-history":[{"count":155,"href":"https:\/\/www.pickware.com\/de\/wp-json\/wp\/v2\/pages\/25191\/revisions"}],"predecessor-version":[{"id":42201,"href":"https:\/\/www.pickware.com\/de\/wp-json\/wp\/v2\/pages\/25191\/revisions\/42201"}],"up":[{"embeddable":true,"href":"https:\/\/www.pickware.com\/de\/wp-json\/wp\/v2\/pages\/42733"}],"wp:attachment":[{"href":"https:\/\/www.pickware.com\/de\/wp-json\/wp\/v2\/media?parent=25191"}],"curies":[{"name":"wp","href":"https:\/\/api.w.org\/{rel}","templated":true}]}}