{"id":25298,"date":"2023-06-14T12:58:50","date_gmt":"2023-06-14T10:58:50","guid":{"rendered":"https:\/\/www.pickware.com\/?page_id=25298"},"modified":"2025-07-15T15:41:54","modified_gmt":"2025-07-15T13:41:54","slug":"shopware-migration","status":"publish","type":"page","link":"https:\/\/www.pickware.com\/de\/shopware-migration","title":{"rendered":"Shopware 5 Migration"},"content":{"rendered":"\n<div class=\"layout-space layout-space--content-page-level-2\"><\/div>\n\n\n\n<div class=\"hero-image-size-500 \">\n        <div class=\"l-container\">\n        <div class=\"l-grid\">\n            <div class=\"l-grid__content\">\n                <div class=\"hero-image-size-500__eyebrow\">End of Life<\/div>\n                <h1 class=\"hero-image-size-500__heading\">Shopware 5 \u2013 Wie geht es weiter?<\/h1>\n                <div class=\"hero-image-size-500__copy\"><p>Zum Juli 2024 k\u00fcndigte Shopware das End of Life f\u00fcr Shopware 5 an. Wir erkl\u00e4ren, was das f\u00fcr dich als Pickware Nutzer bedeutet und stellen dir die M\u00f6glichkeiten vor, die dir jetzt zur Verf\u00fcgung stehen.<\/p>\n<\/div>\n                                            <\/div>\n            <div class=\"l-grid__image\">\n                <img decoding=\"async\" class=\"hero-image-size-500__illustration hero-image-size-500__illustration--text-length-normal\" src=\"https:\/\/www.pickware.com\/app\/uploads\/2023\/08\/migration-hero-1.svg\" alt=\"Shopware 5 endet im Juli 2024 \u2013 als Pickware-Nutzer hast du verschiedene Optionen, wie es f\u00fcr dich weitergeht.\" \/>\n            <\/div>\n        <\/div>\n    <\/div>\n<\/div>\n\n\n\n<div class=\"layout-space layout-space--article-page-level-1\"><\/div>\n\n\n\n<div class=\"content-intro\">\n    <div class=\"l-container\">\n        <div class=\"l-grid\">\n            <div class=\"l-grid__item\">\n                <div>\n                    <div class=\"content-intro__eyebrow\"><\/div>\n                    <div class=\"content-intro__heading\">Was Pickware Nutzer wissen m\u00fcssen<\/div>\n                <\/div>\n                <div class=\"content-intro__copy\"><\/div>\n            <\/div>\n        <\/div>\n    <\/div>\n<\/div>\n\n\n\n<div class=\"layout-space layout-space--article-page-level-3\"><\/div>\n\n\n\n<div class=\"teaser-detail-page-image teaser-detail-page-image--reversed\">\n            <div class=\"teaser-detail-page-image__wallpaper\" style=\"background-image:url()\" title=\"\"><\/div>\n        <div class=\"l-container\">\n        <div class=\"l-grid\">\n            <div class=\"l-grid__content\">\n                <div>\n                    <div class=\"teaser-detail-page-image__eyebrow\">\n                                            <\/div>\n                    <div class=\"teaser-detail-page-image__heading\"><\/div>\n                <\/div>\n                <div class=\"teaser-detail-page-image__copy\"><p>Das Datum f\u00fcr das End of Life von Shopware 5 ist der 31.07.2024. Aber keine Sorge! Sowohl bei Shopware als auch bei Pickware wird dir nicht ab dem 01.08.2024 der Hahn abgedreht. Du kannst beide Systeme problemlos weiter nutzen. Bedenke jedoch, dass Shopware keine weiteren Updates bereitstellen wird, auch nicht bei Sicherheitsl\u00fccken. Wenn du weiterhin Sicherheitsupdates erhalten m\u00f6chtest, empfehlen wir dir das Unternehmen <a href=\"https:\/\/safefive.de\/\">safefive<\/a>.<\/p>\n<p>&nbsp;<\/p>\n<p>F\u00fcr Pickware Nutzer, die weiterhin skalieren wollen und f\u00fcr die Shopware 5 nicht mehr in Frage kommt, lohnt es sich daher, eine Migration zu Shopware 6 oder Shopify in Betracht zu ziehen.<\/p>\n<\/div>\n                                            <\/div>\n            <div class=\"l-grid__image\">\n                <img decoding=\"async\" class=\"teaser-detail-page-image__illustration\" src=\"https:\/\/www.pickware.com\/app\/uploads\/2023\/06\/migration-info-01-1.svg\" alt=\"Shopware 5 End of Life \u2013 Was Pickware-Nutzer wissen m\u00fcssen und die Optionen nach Juli 2024.\"\/>\n            <\/div>\n        <\/div>\n    <\/div>\n<\/div>\n\n\n\n<div class=\"layout-space layout-space--article-page-level-1\"><\/div>\n\n\n\n<div class=\"content-intro\">\n    <div class=\"l-container\">\n        <div class=\"l-grid\">\n            <div class=\"l-grid__item\">\n                <div>\n                    <div class=\"content-intro__eyebrow\">Migration<\/div>\n                    <div class=\"content-intro__heading\">Das sind deine Optionen<\/div>\n                <\/div>\n                <div class=\"content-intro__copy\"><p>Pickware ist f\u00fcr Shopware 6 und Shopify verf\u00fcgbar und du kannst deine bestehenden Shopdaten auf beide Plattformen \u00fcbertragen.<\/p>\n<\/div>\n            <\/div>\n        <\/div>\n    <\/div>\n<\/div>\n\n\n\n<div class=\"layout-space layout-space--content-page-level-2\"><\/div>\n\n\n\n<div class=\"teaser-detail-page-image \">\n            <div class=\"teaser-detail-page-image__wallpaper\" style=\"background-image:url()\" title=\"\"><\/div>\n        <div class=\"l-container\">\n        <div class=\"l-grid\">\n            <div class=\"l-grid__content\">\n                <div>\n                    <div class=\"teaser-detail-page-image__eyebrow\">\n                                            <\/div>\n                    <div class=\"teaser-detail-page-image__heading\">Shopware 6<\/div>\n                <\/div>\n                <div class=\"teaser-detail-page-image__copy\"><p>Das deutsche Shopsystem Shopware ist eine performante und flexibel einsetzbare E-Commerce-L\u00f6sung. Dank des umfangreichen \u00d6kosystems und offenem Quellcode l\u00e4sst es sich leicht an individuelle Bed\u00fcrfnisse anpassen. Pickware f\u00fcr Shopware 6 ist, wie auch f\u00fcr Shopware 5, nahtlos in das System integriert und du steuerst Lager und Versand direkt aus dem Shop heraus \u2013 ohne fehleranf\u00e4llige Schnittstellen.<\/p>\n<p>&nbsp;<\/p>\n<p>Um deine Daten aus Shopware 5 (Bestellungen, Produkte, Kunden, &#8230;) nach Shopware 6 zu migrieren, steht dir der Migrationsassistent von Shopware zur Verf\u00fcgung. Von deinen Pickware Daten kannst du\u00a0Lagerpl\u00e4tze,\u00a0Best\u00e4nde\u00a0und\u00a0Lieferanten per CSV-Import migrieren. Alle weiteren Infos findest du in unserem Guide zur Migration.<\/p>\n<\/div>\n                                                    <div class=\"teaser-detail-page-image__button-group\">\n                                                    <a class=\"teaser-detail-page-image__button teaser-detail-page-image__button--order-500 \" href=\"https:\/\/help-sw5.pickware.com\/hc\/de\/articles\/7965257173021-Migration-zu-Pickware-f%C3%BCr-Shopware-6\" target=\"_blank\">\n                                Migrations Guide                            <\/a>\n                                                    <a class=\"teaser-detail-page-image__button teaser-detail-page-image__button--order-400 \" href=\"https:\/\/roadmap.pickware.com\/tabs\/8-aktuell-in-entwicklung\" target=\"\">\n                                Zur Roadmap                            <\/a>\n                                            <\/div>\n                            <\/div>\n            <div class=\"l-grid__image\">\n                <img decoding=\"async\" class=\"teaser-detail-page-image__illustration\" src=\"https:\/\/www.pickware.com\/app\/uploads\/2023\/06\/sw6-migration-01.svg\" alt=\"Shopware 5 Migration zu Shopware 6: Daten wie Bestellungen, Produkte und Best\u00e4nde einfach \u00fcbertragen und Lager sowie Versand direkt steuern.\"\/>\n            <\/div>\n        <\/div>\n    <\/div>\n<\/div>\n\n\n\n<div class=\"layout-space layout-space--article-page-level-3\"><\/div>\n\n\n\n<div class=\"layout-space layout-space--content-page-level-2\"><\/div>\n\n\n\n<div class=\"teaser-detail-page-image teaser-detail-page-image--reversed\">\n            <div class=\"teaser-detail-page-image__wallpaper\" style=\"background-image:url()\" title=\"\"><\/div>\n        <div class=\"l-container\">\n        <div class=\"l-grid\">\n            <div class=\"l-grid__content\">\n                <div>\n                    <div class=\"teaser-detail-page-image__eyebrow\">\n                                            <\/div>\n                    <div class=\"teaser-detail-page-image__heading\">Shopify<\/div>\n                <\/div>\n                <div class=\"teaser-detail-page-image__copy\"><p>Shopify ist eines der weltweit meistgenutzten Shopsysteme und funktioniert cloudbasiert, somit kannst du deinen Onlineshop sehr einfach starten und verwalten. Mit Shopify Plus bieten sich weitere Anpassungsm\u00f6glichkeiten f\u00fcr gr\u00f6\u00dfere Unternehmen an. Pickware f\u00fcr Shopify arbeitet ebenfalls cloudbasiert und ist als offizielle Shopify App schnell mit deinem Shop verbunden. Produktdaten und Bestellungen werden automatisch synchronisiert und du ben\u00f6tigst kein zus\u00e4tzliches Hosting.<\/p>\n<p>&nbsp;<\/p>\n<p>Du kannst deine Daten aus Shopware 5 entweder manuell nach Shopify \u00fcbertragen oder eine App aus dem Shopify App Store f\u00fcr die Migration nutzen. Von deinen Pickware Daten kannst du Lagerpl\u00e4tze\u00a0und\u00a0Best\u00e4nde per CSV-Import in die Pickware Admin migrieren. Alle weiteren Infos findest du in unserem Guide zur Migration.<\/p>\n<\/div>\n                                                    <div class=\"teaser-detail-page-image__button-group\">\n                                                    <a class=\"teaser-detail-page-image__button teaser-detail-page-image__button--order-500 \" href=\"https:\/\/help-sw5.pickware.com\/hc\/de\/articles\/7965311617309\" target=\"_blank\">\n                                Migrations Guide                            <\/a>\n                                                    <a class=\"teaser-detail-page-image__button teaser-detail-page-image__button--order-400 \" href=\"https:\/\/roadmap.pickware.com\/tabs\/8-aktuell-in-entwicklung\" target=\"\">\n                                Zur Roadmap                            <\/a>\n                                            <\/div>\n                            <\/div>\n            <div class=\"l-grid__image\">\n                <img decoding=\"async\" class=\"teaser-detail-page-image__illustration\" src=\"https:\/\/www.pickware.com\/app\/uploads\/2023\/06\/shopify-migration-01.svg\" alt=\"Shopware 5 Migration zu Shopify: Daten wie Bestellungen, Produkte und Best\u00e4nde einfach \u00fcbertragen und Lager sowie Versand direkt steuern.\"\/>\n            <\/div>\n        <\/div>\n    <\/div>\n<\/div>\n\n\n\n<div class=\"layout-space layout-space--article-page-level-3\"><\/div>\n\n\n\n<div class=\"layout-space layout-space--content-page-level-2\"><\/div>\n\n\n\n<div class=\"teaser-detail-page-image \">\n            <div class=\"teaser-detail-page-image__wallpaper\" style=\"background-image:url()\" title=\"\"><\/div>\n        <div class=\"l-container\">\n        <div class=\"l-grid\">\n            <div class=\"l-grid__content\">\n                <div>\n                    <div class=\"teaser-detail-page-image__eyebrow\">\n                                            <\/div>\n                    <div class=\"teaser-detail-page-image__heading\">Bei Shopware 5 bleiben<\/div>\n                <\/div>\n                <div class=\"teaser-detail-page-image__copy\"><p>Wenn du mit Shopware 5 zufrieden bist, kannst du das Shopsystem in Kombination mit Pickware weiterhin nutzen. Evaluiere daf\u00fcr genau, ob dir der aktuelle Stand des Systems auch zuk\u00fcnftig ausreicht. Falls du mit einer Agentur zusammenarbeitest, k\u00f6nnen dir deine Ansprechpartner dabei helfen, zu entscheiden, wie lange du deinen Shop wie gewohnt nutzen kannst. Pickware wird weiterhin f\u00fcr Shopware 5 verf\u00fcgbar sein, zwangsl\u00e4ufig werden wir die Weiterentwicklungen f\u00fcr das System jedoch unterordnen.<\/p>\n<p>&nbsp;<\/p>\n<\/div>\n                                            <\/div>\n            <div class=\"l-grid__image\">\n                <img decoding=\"async\" class=\"teaser-detail-page-image__illustration\" src=\"https:\/\/www.pickware.com\/app\/uploads\/2023\/06\/sw5-migration-01.svg\" alt=\"Pickware f\u00fcr Shopware 5: Nutze weiterhin das Shopsystem, evaluiere jedoch, ob es f\u00fcr die Zukunft ausreichend bleibt.\"\/>\n            <\/div>\n        <\/div>\n    <\/div>\n<\/div>\n\n\n\n<div class=\"layout-space layout-space--article-page-level-1\"><\/div>\n\n\n\n<div class=\"content-intro\">\n    <div class=\"l-container\">\n        <div class=\"l-grid\">\n            <div class=\"l-grid__item\">\n                <div>\n                    <div class=\"content-intro__eyebrow\"><\/div>\n                    <div class=\"content-intro__heading\">Wir helfen dir bei deiner Entscheidung<\/div>\n                <\/div>\n                <div class=\"content-intro__copy\"><\/div>\n            <\/div>\n        <\/div>\n    <\/div>\n<\/div>\n\n\n\n<div class=\"layout-space layout-space--article-page-level-3\"><\/div>\n\n\n\n<style>\n\n.teaser-detail-page-image-columns__eyebrow {\n    background-color: #FF9800;\n    display: inline-block;\n    padding: 4px 10px;\n    color: #fff;\n    border-radius: 30px;\n    margin-left: -4px;\n    margin-bottom: 10px;\n}\n\n<\/style>\n\n\n\n<div class=\"teaser-detail-page-image-columns\">\n    <div class=\"l-container\">\n        <div class=\"l-grid\">\n                            <div class=\"teaser-detail-page-image-columns__item\">\n                                        <img decoding=\"async\" class=\"teaser-detail-page-image-columns__illustration\" src=\"https:\/\/www.pickware.com\/app\/uploads\/2023\/07\/migration-video.svg\" alt=\"Wir zeigen dir in unserem Webinar Schritt f\u00fcr Schritt wie die Migration von Shopware 5 zu Shopware 6 funktioniert.\"\/>\n                    <div>\n                        <div class=\"teaser-detail-page-image-columns__eyebrow\">\n                            ON DEMAND                        <\/div>\n                        <div class=\"teaser-detail-page-image-columns__heading\">Die Aufzeichnung zum Webinar<\/div>\n                    <\/div>\n                    <div class=\"teaser-detail-page-image-columns__copy\"><p>Schaue dir das Webinar &#8222;Shopware 5 End of Life \u2013 Mit Pickware zu Shopware 6 wechseln&#8220; als Aufzeichnung an.<\/p>\n<\/div>\n                                                                <div class=\"teaser-detail-page-image-columns__button-group\">\n                                                            <a class=\"teaser-detail-page-image-columns__button teaser-detail-page-image-columns__button--order-500 \" href=\"https:\/\/vimeo.com\/937726226?share=copy\" target=\"\">\n                                    Zum Video                                <\/a>\n                                                    <\/div>\n                                    <\/div>\n                            <div class=\"teaser-detail-page-image-columns__item\">\n                                        <img decoding=\"async\" class=\"teaser-detail-page-image-columns__illustration\" src=\"https:\/\/www.pickware.com\/app\/uploads\/2023\/06\/migration-support-03-1.svg\" alt=\"Wenn du Fragen zum End of Shopware 5 hast, sind wir jederzeit \u00fcber unseren Kundenservice f\u00fcr dich da.\"\/>\n                    <div>\n                        <div class=\"teaser-detail-page-image-columns__eyebrow\">\n                            Beratung                        <\/div>\n                        <div class=\"teaser-detail-page-image-columns__heading\">Du hast Fragen zum Ende von Shopware 5?<\/div>\n                    <\/div>\n                    <div class=\"teaser-detail-page-image-columns__copy\"><p>Falls Fragen offen geblieben sind oder du deinen individuellen Gesch\u00e4ftsfall mit unserem Team besprechen m\u00f6chtest, melde dich gerne bei uns!<\/p>\n<\/div>\n                                                                <div class=\"teaser-detail-page-image-columns__button-group\">\n                                                            <a class=\"teaser-detail-page-image-columns__button teaser-detail-page-image-columns__button--order-500 \" href=\"https:\/\/www.pickware.com\/de\/kontakt\" target=\"\">\n                                    Kontakt aufnehmen                                <\/a>\n                                                    <\/div>\n                                    <\/div>\n                    <\/div>\n    <\/div>\n<\/div>\n\n\n\n<div class=\"layout-space layout-space--article-page-level-3\"><\/div>\n\n\n\n<div class=\"layout-space layout-space--article-page-level-1\"><\/div>\n\n\n\n<div class=\"content-intro\">\n    <div class=\"l-container\">\n        <div class=\"l-grid\">\n            <div class=\"l-grid__item\">\n                <div>\n                    <div class=\"content-intro__eyebrow\"><\/div>\n                    <div class=\"content-intro__heading\">Frequently Asked Questions<\/div>\n                <\/div>\n                <div class=\"content-intro__copy\"><\/div>\n            <\/div>\n        <\/div>\n    <\/div>\n<\/div>\n\n\n\n<div class=\"layout-space layout-space--article-page-level-3\"><\/div>\n\n\n\n<div class=\"content-accordion\">\n    <div class=\"l-container\">\n        <div class=\"l-grid\">\n            <div class=\"l-grid__content\">\n                                    <div class=\"content-accordion__item\">\n                        <div class=\"content-accordion__item-topic\">Wann ist der beste Zeitraum f\u00fcr eine Migration?<\/div>\n                        <div class=\"content-accordion__item-answer-container\">\n                            <div class=\"content-accordion__item-answer\"><p>Der passende Zeitpunkt sowie die Dauer einer Migration\u00a0 h\u00e4ngt von vielen Faktoren ab. Beispielsweise spielt in die Entscheidung mit hinein, ob du eigenst\u00e4ndig oder mit einer Agentur migrierst und wie aufwendig die Einrichtung des neuen Shops sein wird (Designs, Templates, Themes, \u2026). Die Migration von Pickware selbst gestaltet sich wesentlich weniger zeitaufwendig. Aus unserer Erfahrung empfehlen f\u00fcr die Migration mindestens drei Monate einzuplanen.<\/p>\n<\/div>\n                        <\/div>\n                    <\/div>\n                                    <div class=\"content-accordion__item\">\n                        <div class=\"content-accordion__item-topic\">Ab wann sind alle Pickware Funktionen aus Shopware 5 auch f\u00fcr Shopware 6 \/ Shopify verf\u00fcgbar?<\/div>\n                        <div class=\"content-accordion__item-answer-container\">\n                            <div class=\"content-accordion__item-answer\"><p>Unser Fokus liegt aktuell auf dem Herstellen der Kompatibilit\u00e4t unserer Erweiterungen zu Shopware 6.5. Da wir ein gr\u00f6\u00dferes \u00d6kosystem an Erweiterungen anbieten, die sehr tief in Shopware integriert sind, ben\u00f6tigen die sorgf\u00e4ltigen Anpassungen Zeit \u2013 k\u00f6nnen jedoch voraussichtlich in Q3\/2023 abgeschlossen werden. Die Funktion &#8222;Mehrstufige Kommissionierung&#8220; wird in KW28 released. Wir arbeiten derzeit au\u00dferdem an der DATEV-Erweiterung. Als n\u00e4chstes ist die Entwicklung der St\u00fccklisten-Funktion geplant. Unsere aktuellen Fortschritte und als n\u00e4chstes geplanten Releases kannst du jederzeit unserer <a href=\"https:\/\/roadmap.pickware.com\/tabs\/8-in-entwicklung\">Roadmap<\/a> entnehmen.<\/p>\n<\/div>\n                        <\/div>\n                    <\/div>\n                                    <div class=\"content-accordion__item\">\n                        <div class=\"content-accordion__item-topic\">Reicht der aktuelle Stand des Migrationstools im Pickware Account f\u00fcr eine vollst\u00e4ndige Migration?<\/div>\n                        <div class=\"content-accordion__item-answer-container\">\n                            <div class=\"content-accordion__item-answer\"><p>Mit dem derzeitigen Stand des Pickware Migrationstools, k\u00f6nnen im Pickware Account registrierte Lizenzdomains von einem Demoshop auf einen Live-Shop umgezogen werden. ERP-bezogene Daten werden hierbei nicht \u00fcbertragen. F\u00fcr das Migrieren von Daten und Erweiterungen empfehlen wir entsprechend dieses Helpcenter-Beitrags vorzugehen.<\/p>\n<\/div>\n                        <\/div>\n                    <\/div>\n                                    <div class=\"content-accordion__item\">\n                        <div class=\"content-accordion__item-topic\">Empfehlt ihr eine Agentur f\u00fcr die Migration?<\/div>\n                        <div class=\"content-accordion__item-answer-container\">\n                            <div class=\"content-accordion__item-answer\"><p>Auch diese Entscheidung ist ganz davon abh\u00e4ngig, wie umfangreich die jeweilige Migration geplant ist und wie viele Ressourcen im Unternehmen verf\u00fcgbar sind. Beauftragst du eine Agentur mit der Migration, kannst du dich weiterhin auf dein Gesch\u00e4ft und deine Kunden fokussieren. Wir empfehlen <a href=\"https:\/\/www.pickware.com\/de\/partner-finden\">unsere zertifizierten Partner<\/a>.<\/p>\n<\/div>\n                        <\/div>\n                    <\/div>\n                            <\/div>\n        <\/div>\n    <\/div>\n<\/div>\n\n<script type=\"text\/javascript\">\n\nwindow.addEventListener('DOMContentLoaded', (event) => {\n    var accordionItems = document.querySelectorAll('.content-accordion__item');\n    accordionItems.forEach(function (accordionItem) {\n        accordionItem.addEventListener('click', function (event) {\n            accordionItem.classList.toggle('content-accordion__item--is-open');\n        }, false);\n    });\n});\n\n<\/script>\n\n\n\n<div class=\"layout-space layout-space--article-page-level-1\"><\/div>\n","protected":false},"excerpt":{"rendered":"","protected":false},"author":1,"featured_media":0,"parent":0,"menu_order":0,"comment_status":"closed","ping_status":"closed","template":"","meta":{"_acf_changed":false,"_stopmodifiedupdate":false,"_modified_date":"","footnotes":""},"class_list":["post-25298","page","type-page","status-publish","hentry"],"acf":[],"_links":{"self":[{"href":"https:\/\/www.pickware.com\/de\/wp-json\/wp\/v2\/pages\/25298","targetHints":{"allow":["GET"]}}],"collection":[{"href":"https:\/\/www.pickware.com\/de\/wp-json\/wp\/v2\/pages"}],"about":[{"href":"https:\/\/www.pickware.com\/de\/wp-json\/wp\/v2\/types\/page"}],"author":[{"embeddable":true,"href":"https:\/\/www.pickware.com\/de\/wp-json\/wp\/v2\/users\/1"}],"replies":[{"embeddable":true,"href":"https:\/\/www.pickware.com\/de\/wp-json\/wp\/v2\/comments?post=25298"}],"version-history":[{"count":156,"href":"https:\/\/www.pickware.com\/de\/wp-json\/wp\/v2\/pages\/25298\/revisions"}],"predecessor-version":[{"id":42203,"href":"https:\/\/www.pickware.com\/de\/wp-json\/wp\/v2\/pages\/25298\/revisions\/42203"}],"wp:attachment":[{"href":"https:\/\/www.pickware.com\/de\/wp-json\/wp\/v2\/media?parent=25298"}],"curies":[{"name":"wp","href":"https:\/\/api.w.org\/{rel}","templated":true}]}}