{"id":27491,"date":"2023-09-28T15:24:11","date_gmt":"2023-09-28T13:24:11","guid":{"rendered":"https:\/\/www.pickware.com\/?page_id=27491"},"modified":"2024-04-04T12:02:55","modified_gmt":"2024-04-04T10:02:55","slug":"shopware-5-end-of-life","status":"publish","type":"page","link":"https:\/\/www.pickware.com\/de\/events\/shopware-5-end-of-life","title":{"rendered":"Webinar: Shopware 5 End of Life \u2013 Mit Pickware zu Shopware 6 wechseln"},"content":{"rendered":"\n<div class=\"layout-space layout-space--content-page-level-2\"><\/div>\n\n\n\n<div class=\"hero-image-size-500 \">\n        <div class=\"l-container\">\n        <div class=\"l-grid\">\n            <div class=\"l-grid__content\">\n                <div class=\"hero-image-size-500__eyebrow\">Webinar<\/div>\n                <h1 class=\"hero-image-size-500__heading\">Shopware 5 End of Life<\/h1>\n                <div class=\"hero-image-size-500__copy\"><p>Mit Pickware zu Shopware 6 wechseln<\/p>\n<\/div>\n                                            <\/div>\n            <div class=\"l-grid__image\">\n                <img decoding=\"async\" class=\"hero-image-size-500__illustration hero-image-size-500__illustration--text-length-normal\" src=\"https:\/\/www.pickware.com\/app\/uploads\/2023\/08\/migration-hero-1.svg\" alt=\"Shopware 5 endet im Juli 2024 \u2013 als Pickware-Nutzer hast du verschiedene Optionen, wie es f\u00fcr dich weitergeht.\" \/>\n            <\/div>\n        <\/div>\n    <\/div>\n<\/div>\n\n\n\n<div class=\"layout-space layout-space--content-page-level-2\"><\/div>\n\n\n\n<div class=\"layout-space layout-space--content-page-level-2\"><\/div>\n\n\n\n<div class=\"article-page-text-h3\">\n    <div class=\"l-container\">\n        <div class=\"l-grid\">\n            <div class=\"l-grid__content\">\n                <div>\n                    <div class=\"article-page-text-h3__eyebrow\"><\/div>\n                    <div class=\"article-page-text-h3__heading\">Das erwartet dich<\/div>\n                <\/div>\n                <div class=\"article-page-text-h3__copy\"><p>Am 18.04. um 16:00 Uhr erf\u00e4hrst du in der n\u00e4chsten Runde unserer beliebten Webinarreihe alles zum angek\u00fcndigten Shopware 5 End of Life im Juli 2024. Wir kl\u00e4ren au\u00dferdem, wie du mit Pickware einen Wechsel zu Shopware 6 erfolgreich umsetzt und welche alternativen Plattformen (bspw. Shopify) eine Option f\u00fcr dich sein k\u00f6nnten.<\/p>\n<\/div>\n            <\/div>\n        <\/div>\n    <\/div>\n<\/div>\n\n\n\n<div class=\"layout-space layout-space--article-page-level-3\"><\/div>\n\n\n\n<div class=\"article-page-list-checklist\">\n    <div class=\"l-container\">\n        <div class=\"l-grid\">\n            <div class=\"l-grid__content\">\n                                    <div class=\"article-page-list-checklist__eyebrow\">HIGHLIGHTS<\/div>\n                    <ul class=\"article-page-list-checklist__list\">\n                                                    <li>\n                                <div>Das bedeutet &#8222;Shopware 5 End of Life&#8220;<\/div>\n                            <\/li>\n                                                    <li>\n                                <div>Deine Migration-Optionen<\/div>\n                            <\/li>\n                                                    <li>\n                                <div>Live-Demo: Migration zu Shopware 6<\/div>\n                            <\/li>\n                                                    <li>\n                                <div>Fragerunde<\/div>\n                            <\/li>\n                                            <\/ul>\n                            <\/div>\n        <\/div>\n    <\/div>\n<\/div>\n\n\n\n<div class=\"layout-space layout-space--article-page-level-1\"><\/div>\n\n\n\n<script charset=\"utf-8\" type=\"text\/javascript\" src=\"\/\/js-eu1.hsforms.net\/forms\/embed\/v2.js\"><\/script>\n<div class=\"forms-content\">\n  <div class=\"hubspot-forms\">\n    <script>\n      hbspt.forms.create({\n        region: \"eu1\",\n        portalId: \"26748939\",\n        formId: \"bf8c0f47-3863-40fc-8123-1e0e6c2b2e6d\"\n      });\n    <\/script>\n  <\/div>\n<\/div>\n<style>\n.forms-content {\ndisplay: block;\nposition: relative;\nmax-width: 808px;\nmargin: 0 auto;\npadding: 64px;\nborder-radius: 4px;\nborder: 1px solid #d8f2fc;\nbackground-color: #ebf8fd;\nbox-shadow: 0px 8px 24px 0px rgba(69,85,100,.08), 0px 0px 6px 0px rgba(40,53,147,.08);\n}\n.hubspot-forms {\ndisplay: block;\nposition: relative;\nmax-width: 720px;\nmargin: 0 auto;\npadding: 24px;\n}\n.hs-input {\nbackground-color: #ffffff !important;\n}\n<\/style>\n<script type=\"text\/javascript\">\n  window.addEventListener(\"message\", function(event) {\n    if(event.data.type === 'hsFormCallback' && event.data.eventName === 'onFormSubmitted') {\n      window.dataLayer.push({\n        'event': 'hubspot-form-success'\n      });\n    }\n  });\n<\/script>\n\n\n\n<div class=\"layout-space layout-space--content-page-level-2\"><\/div>\n\n\n\n<div class=\"layout-space layout-space--article-page-level-1\"><\/div>\n","protected":false},"excerpt":{"rendered":"","protected":false},"author":1,"featured_media":0,"parent":8390,"menu_order":0,"comment_status":"closed","ping_status":"closed","template":"","meta":{"_acf_changed":false,"_stopmodifiedupdate":false,"_modified_date":"","footnotes":""},"class_list":["post-27491","page","type-page","status-publish","hentry"],"acf":[],"_links":{"self":[{"href":"https:\/\/www.pickware.com\/de\/wp-json\/wp\/v2\/pages\/27491","targetHints":{"allow":["GET"]}}],"collection":[{"href":"https:\/\/www.pickware.com\/de\/wp-json\/wp\/v2\/pages"}],"about":[{"href":"https:\/\/www.pickware.com\/de\/wp-json\/wp\/v2\/types\/page"}],"author":[{"embeddable":true,"href":"https:\/\/www.pickware.com\/de\/wp-json\/wp\/v2\/users\/1"}],"replies":[{"embeddable":true,"href":"https:\/\/www.pickware.com\/de\/wp-json\/wp\/v2\/comments?post=27491"}],"version-history":[{"count":26,"href":"https:\/\/www.pickware.com\/de\/wp-json\/wp\/v2\/pages\/27491\/revisions"}],"predecessor-version":[{"id":42301,"href":"https:\/\/www.pickware.com\/de\/wp-json\/wp\/v2\/pages\/27491\/revisions\/42301"}],"up":[{"embeddable":true,"href":"https:\/\/www.pickware.com\/de\/wp-json\/wp\/v2\/pages\/8390"}],"wp:attachment":[{"href":"https:\/\/www.pickware.com\/de\/wp-json\/wp\/v2\/media?parent=27491"}],"curies":[{"name":"wp","href":"https:\/\/api.w.org\/{rel}","templated":true}]}}