{"id":29079,"date":"2023-12-07T15:44:29","date_gmt":"2023-12-07T14:44:29","guid":{"rendered":"https:\/\/www.pickware.com\/?page_id=29079"},"modified":"2025-11-26T10:05:29","modified_gmt":"2025-11-26T09:05:29","slug":"payment","status":"publish","type":"page","link":"https:\/\/www.pickware.com\/de\/payment","title":{"rendered":"Integrationen &#8211; Payment"},"content":{"rendered":"\n<div class=\"layout-space layout-space--content-page-level-2\"><\/div>\n\n\n\n<div class=\"hero-image-size-500 \">\n        <div class=\"l-container\">\n        <div class=\"l-grid\">\n            <div class=\"l-grid__content\">\n                <div class=\"hero-image-size-500__eyebrow\">Payment made easy<\/div>\n                <h1 class=\"hero-image-size-500__heading\">Biete alle Zahlungsarten an<\/h1>\n                <div class=\"hero-image-size-500__copy\"><p>Erm\u00f6gliche deinen Kunden im Onlineshop die Zahlung mithilfe aller g\u00e4ngigen Zahlungsdienstleister, per Kreditkarte oder dem Smartphone. Zus\u00e4tzlich kassierst du mit der Schnittstelle zu Zettle by PayPal zu g\u00fcnstigen Konditionen am POS. So bist du auf alle verf\u00fcgbaren Zahlungswege bestm\u00f6glich vorbereitet.<\/p>\n<\/div>\n                                                    <div class=\"hero-image-size-500__button-group\">\n                                                    <a class=\"hero-image-size-500__button hero-image-size-500__button--order-600 \" href=\"https:\/\/www.pickware.com\/de\/live-demo\" target=\"\">\n                                Live-Demo buchen                            <\/a>\n                                                    <a class=\"hero-image-size-500__button hero-image-size-500__button--order-400 \" href=\"#open-onboarding-overlay\" target=\"\">\n                                Jetzt testen                            <\/a>\n                                            <\/div>\n                            <\/div>\n            <div class=\"l-grid__image\">\n                <img decoding=\"async\" class=\"hero-image-size-500__illustration hero-image-size-500__illustration--text-length-normal\" src=\"https:\/\/www.pickware.com\/app\/uploads\/2023\/12\/integration-payment-header.svg\" alt=\"Pickware erm\u00f6glicht alle g\u00e4ngigen Zahlungsarten online und am POS mit Zettle by PayPal.\" \/>\n            <\/div>\n        <\/div>\n    <\/div>\n<\/div>\n\n\n\n<div class=\"layout-space layout-space--article-page-level-1\"><\/div>\n\n\n\n<div class=\"layout-space layout-space--article-page-level-3\"><\/div>\n\n\n\n<div class=\"teaser-detail-page-image teaser-detail-page-image--reversed\">\n            <div class=\"teaser-detail-page-image__wallpaper\" style=\"background-image:url()\" title=\"\"><\/div>\n        <div class=\"l-container\">\n        <div class=\"l-grid\">\n            <div class=\"l-grid__content\">\n                <h2>\n                    <div class=\"teaser-detail-page-image__eyebrow\">\n                        Schnell und sicher                    <\/div>\n                    <div class=\"teaser-detail-page-image__heading\">Volle Auswahl f\u00fcr dich und deine Kunden<\/div>\n                <\/h2>\n                <div class=\"teaser-detail-page-image__copy\"><p>Pickware ist mit allen g\u00e4ngigen Payment-Providern kompatibel. Integriere alle Zahlungsdienstleister, welche du schon benutzt oder noch nutzen m\u00f6chtest \u2013 unkompliziert und schnell. Somit musst du dir keine Gedanken mehr \u00fcber eine einfache und sichere Abwicklung der Zahlungen machen. Entspannter Checkout \u2013 h\u00f6here Conversion.<\/p>\n<\/div>\n                                            <\/div>\n            <div class=\"l-grid__image\">\n                <img decoding=\"async\" class=\"teaser-detail-page-image__illustration\" src=\"https:\/\/www.pickware.com\/app\/uploads\/2023\/12\/integration-payment-logos-01.svg\" alt=\"Pickware unterst\u00fctzt alle g\u00e4ngigen Zahlungsanbieter f\u00fcr einen einfachen und sicheren Checkout.\"\/>\n            <\/div>\n        <\/div>\n    <\/div>\n<\/div>\n\n\n\n<div class=\"layout-space layout-space--article-page-level-1\"><\/div>\n\n\n\n<div class=\"layout-space layout-space--article-page-level-3\"><\/div>\n\n\n\n<div class=\"content-intro\">\n    <div class=\"l-container\">\n        <div class=\"l-grid\">\n            <div class=\"l-grid__item\">\n                <h2>\n                    <div class=\"content-intro__eyebrow\">Mollie x Pickware<\/div>\n                    <div class=\"content-intro__heading\">Alle Zahlungen auf einer Plattform<\/div>\n                <\/h2>\n                <div class=\"content-intro__copy\"><p>Mollie b\u00fcndelt alle Transaktionen \u2013 egal ob aus deinem Onlineshop oder vom POS.<\/p>\n<\/div>\n            <\/div>\n        <\/div>\n    <\/div>\n<\/div>\n\n\n\n<div class=\"layout-space layout-space--article-page-level-3\"><\/div>\n\n\n\n<div class=\"layout-space layout-space--article-page-level-3\"><\/div>\n\n\n\n<div class=\"teaser-detail-page-image teaser-detail-page-image--reversed\">\n            <div class=\"teaser-detail-page-image__wallpaper\" style=\"background-image:url()\" title=\"\"><\/div>\n        <div class=\"l-container\">\n        <div class=\"l-grid\">\n            <div class=\"l-grid__content\">\n                <h2>\n                    <div class=\"teaser-detail-page-image__eyebrow\">\n                        Ein Zahlungsanbieter                    <\/div>\n                    <div class=\"teaser-detail-page-image__heading\">Online &amp; Offline in einem System<\/div>\n                <\/h2>\n                <div class=\"teaser-detail-page-image__copy\"><p class=\"\" data-start=\"395\" data-end=\"736\">Zahlungen am POS oder im Shop? Ganz egal. Dank der direkten Integration von Mollie als Paymentprovider laufen alle Transaktionen geb\u00fcndelt \u00fcber ein System. Mit dem Mollie Terminal wird Bezahlen am POS so einfach wie online. Alle g\u00e4ngigen Zahlungsmethoden sind dabei. Online- und POS-Zahlungen verwaltest du zentral in einem Interface. Kein Systemwechsel, kein doppelter Aufwand.<\/p>\n<\/div>\n                                    <div class=\"teaser-detail-page-image__list-heading\"><\/div>\n                    <ul class=\"teaser-detail-page-image__list\">\n                                                    <li>Kontaktloses Bezahlen mit Karte, Handy oder Uhr<\/li>\n                                                    <li>Gemeinsame Zahlungsabwicklung f\u00fcr Shop und POS<\/li>\n                                                    <li>Einheitliches Dashboard f\u00fcr alle Verkaufskan\u00e4le<\/li>\n                                            <\/ul>\n                                                    <div class=\"teaser-detail-page-image__button-group\">\n                                                    <a class=\"teaser-detail-page-image__button teaser-detail-page-image__button--order-500 \" href=\"https:\/\/www.pickware.com\/de\/pos\/zahlung\/mollie\" target=\"\">\n                                Entdecke Mollie                            <\/a>\n                                            <\/div>\n                            <\/div>\n            <div class=\"l-grid__image\">\n                <img decoding=\"async\" class=\"teaser-detail-page-image__illustration\" src=\"https:\/\/www.pickware.com\/app\/uploads\/2025\/05\/mollie-teaser-a@2x-03.png\" alt=\"Mit dem Mollie Terminal am Pickware POS k\u00f6nnen Zahlungen schnell, kontaktlos und einfach per Karte, Smartphone oder Smartwatch get\u00e4tigt werden.\"\/>\n            <\/div>\n        <\/div>\n    <\/div>\n<\/div>\n\n\n\n<div class=\"layout-space layout-space--content-page-level-2\"><\/div>\n\n\n\n<div class=\"layout-space layout-space--content-page-level-2\"><\/div>\n\n\n\n<div class=\"content-intro\">\n    <div class=\"l-container\">\n        <div class=\"l-grid\">\n            <div class=\"l-grid__item\">\n                <h2>\n                    <div class=\"content-intro__eyebrow\">ZETTLE BY PAYPAL<\/div>\n                    <div class=\"content-intro__heading\">Mit Zettle und Pickware einfach verkaufen!<\/div>\n                <\/h2>\n                <div class=\"content-intro__copy\"><p>Durch die Integration von Zettle by PayPal in Pickware POS sorgst du f\u00fcr kurze Warteschlangen und mehr Umsatz.<\/p>\n<\/div>\n            <\/div>\n        <\/div>\n    <\/div>\n<\/div>\n\n\n\n<div class=\"layout-space layout-space--article-page-level-3\"><\/div>\n\n\n\n<div class=\"layout-space layout-space--article-page-level-3\"><\/div>\n\n\n\n<div class=\"teaser-detail-page-image \">\n            <div class=\"teaser-detail-page-image__wallpaper\" style=\"background-image:url()\" title=\"\"><\/div>\n        <div class=\"l-container\">\n        <div class=\"l-grid\">\n            <div class=\"l-grid__content\">\n                <h3>\n                    <div class=\"teaser-detail-page-image__eyebrow\">\n                        MODERNISERE DEIN KASSEN SETUP                    <\/div>\n                    <div class=\"teaser-detail-page-image__heading\">Kartenzahlungen mit Zettle by PayPal<\/div>\n                <\/h3>\n                <div class=\"teaser-detail-page-image__copy\"><p>Dank der integrierten Zettle by PayPal-Schnittstelle kannst du m\u00fchelos alle g\u00e4ngigen Kartenzahlungen akzeptieren. Das moderne Kartenterminal sieht nicht nur schick aus, sondern unterst\u00fctzt neben EC- &amp; Kreditkarten auch kontaktloses Bezahlen mit Apple Pay &amp; Google Pay. Mit Zettle by PayPal profitierst du von g\u00fcnstigen Transaktionsgeb\u00fchren ohne monatliche Grundgeb\u00fchr und ohne Vertragsbindung.<\/p>\n<\/div>\n                                    <div class=\"teaser-detail-page-image__list-heading\"><\/div>\n                    <ul class=\"teaser-detail-page-image__list\">\n                                                    <li>Schneller Einstieg und faire Preisgestaltung<\/li>\n                                                    <li>Omnichannel-L\u00f6sung f\u00fcr all deine Verkaufskan\u00e4le<\/li>\n                                                    <li>Bis zu 8 Stunden Akkulaufzeit oder 100 Transaktionen<\/li>\n                                            <\/ul>\n                                                    <div class=\"teaser-detail-page-image__button-group\">\n                                                    <a class=\"teaser-detail-page-image__button teaser-detail-page-image__button--order-600 \" href=\"https:\/\/login.zettle.com\/register\/de?utm_source=partnership&#038;utm_medium=sdk&#038;utm_campaign=pickware&#038;_ga=2.108878146.1754343748.1684930431-2143203552.1684930431\" target=\"_blank\">\n                                Jetzt bei Zettle registrieren                            <\/a>\n                                                    <a class=\"teaser-detail-page-image__button teaser-detail-page-image__button--order-400 \" href=\"https:\/\/www.pickware.com\/de\/pos\/zahlung\/zettle-by-paypal\" target=\"\">\n                                Mehr \u00fcber Zettle                            <\/a>\n                                            <\/div>\n                            <\/div>\n            <div class=\"l-grid__image\">\n                <img decoding=\"async\" class=\"teaser-detail-page-image__illustration\" src=\"https:\/\/www.pickware.com\/app\/uploads\/2023\/06\/zettel-teaser-modernisieren@2x.png\" alt=\"Kartenzahlungen am POS mit Zettle by PayPal und Pickware einfach, kontaktlos und flexibel abwickeln.\"\/>\n            <\/div>\n        <\/div>\n    <\/div>\n<\/div>\n\n\n\n<div class=\"layout-space layout-space--article-page-level-1\"><\/div>\n\n\n\n<div class=\"layout-space layout-space--article-page-level-3\"><\/div>\n\n\n\n<div class=\"wp-block-group lp-cta\"><div class=\"wp-block-group__inner-container is-layout-constrained wp-block-group-is-layout-constrained\">\n<div class=\"teaser-detail-page-image-columns\">\n    <div class=\"l-container\">\n        <div class=\"l-grid\">\n                            <div class=\"teaser-detail-page-image-columns__item\">\n                                        <img decoding=\"async\" class=\"teaser-detail-page-image-columns__illustration\" src=\"https:\/\/www.pickware.com\/app\/themes\/pickware-theme\/modules\/teaser\/detail-page-image-columns\/assets\/illustration.svg\" alt=\"illustration\"\/>\n                    <div>\n                        <div class=\"teaser-detail-page-image-columns__eyebrow\">\n                                                    <\/div>\n                        <div class=\"teaser-detail-page-image-columns__heading\">Kostenlose Live-Demo<\/div>\n                    <\/div>\n                    <div class=\"teaser-detail-page-image-columns__copy\"><\/div>\n                                            <div class=\"teaser-detail-page-image-columns__list-heading\"><\/div>\n                        <ul class=\"teaser-detail-page-image-columns__list\">\n                                                            <li>Unverbindlich &#038; kostenlos<\/li>\n                                                            <li>Ca. 60 min per Video\u00fcbertragung<\/li>\n                                                            <li>Auf dein Business abgestimmte Produktdemo<\/li>\n                                                    <\/ul>\n                                                                <div class=\"teaser-detail-page-image-columns__button-group\">\n                                                            <a class=\"teaser-detail-page-image-columns__button teaser-detail-page-image-columns__button--order-500 \" href=\"https:\/\/www.pickware.com\/de\/live-demo\" target=\"\">\n                                    Jetzt buchen                                <\/a>\n                                                    <\/div>\n                                    <\/div>\n                            <div class=\"teaser-detail-page-image-columns__item\">\n                                        <img decoding=\"async\" class=\"teaser-detail-page-image-columns__illustration\" src=\"https:\/\/www.pickware.com\/app\/themes\/pickware-theme\/modules\/teaser\/detail-page-image-columns\/assets\/illustration.svg\" alt=\"illustration\"\/>\n                    <div>\n                        <div class=\"teaser-detail-page-image-columns__eyebrow\">\n                                                    <\/div>\n                        <div class=\"teaser-detail-page-image-columns__heading\">Kostenlos Testen<\/div>\n                    <\/div>\n                    <div class=\"teaser-detail-page-image-columns__copy\"><\/div>\n                                            <div class=\"teaser-detail-page-image-columns__list-heading\"><\/div>\n                        <ul class=\"teaser-detail-page-image-columns__list\">\n                                                            <li>Testphase endet automatisch<\/li>\n                                                            <li>Keine Kreditkarte erforderlich<\/li>\n                                                            <li>In 24 Stunden eingerichtet<\/li>\n                                                    <\/ul>\n                                                                <div class=\"teaser-detail-page-image-columns__button-group\">\n                                                            <a class=\"teaser-detail-page-image-columns__button teaser-detail-page-image-columns__button--order-500 \" href=\"#open-onboarding-overlay\" target=\"\">\n                                    Jetzt testen                                <\/a>\n                                                    <\/div>\n                                    <\/div>\n                    <\/div>\n    <\/div>\n<\/div>\n\n\n\n<style>\n.lp-cta .teaser-detail-page-image-columns__list>li::before {\n    background-image: url(https:\/\/www.pickware.com\/app\/uploads\/2024\/01\/all-in-one-icon-check.svg);\n}\n\n.lp-cta .teaser-detail-page-image-columns__item img{\ndisplay: none;}\n\n.lp-cta .teaser-detail-page-image-columns__item{\nbackground-color: #010645;\n    padding: 64px;\n    border-radius: 32px;\n    box-shadow: 0 32px 48px -40px rgba(50,50,93,0.80);\n    }\n\n@media (max-width: 767px) {\n    .lp-cta .teaser-detail-page-image-columns__item {\n    padding: 32px;\n    border-radius: 16px;\n    }\n}\n\n.lp-cta .teaser-detail-page-image-columns__heading{\ncolor: #fff\n}\n\n.lp-cta .teaser-detail-page-image-columns__list>li{\ncolor: #91c8ff\n}\n\n.lp-cta .l-grid{\ngap: 24px 24px;}\n\n.lp-cta .teaser-detail-page-image-columns__eyebrow{\ncolor: #fff;\n}\n\n.lp-cta .teaser-detail-page-image-columns__item:last-child{\n}\n\n<\/style>\n<\/div><\/div>\n\n\n\n<div class=\"layout-space layout-space--article-page-level-1\"><\/div>\n","protected":false},"excerpt":{"rendered":"","protected":false},"author":22,"featured_media":0,"parent":0,"menu_order":0,"comment_status":"closed","ping_status":"closed","template":"","meta":{"_acf_changed":false,"_stopmodifiedupdate":false,"_modified_date":"","footnotes":""},"class_list":["post-29079","page","type-page","status-publish","hentry"],"acf":[],"_links":{"self":[{"href":"https:\/\/www.pickware.com\/de\/wp-json\/wp\/v2\/pages\/29079","targetHints":{"allow":["GET"]}}],"collection":[{"href":"https:\/\/www.pickware.com\/de\/wp-json\/wp\/v2\/pages"}],"about":[{"href":"https:\/\/www.pickware.com\/de\/wp-json\/wp\/v2\/types\/page"}],"author":[{"embeddable":true,"href":"https:\/\/www.pickware.com\/de\/wp-json\/wp\/v2\/users\/22"}],"replies":[{"embeddable":true,"href":"https:\/\/www.pickware.com\/de\/wp-json\/wp\/v2\/comments?post=29079"}],"version-history":[{"count":114,"href":"https:\/\/www.pickware.com\/de\/wp-json\/wp\/v2\/pages\/29079\/revisions"}],"predecessor-version":[{"id":46534,"href":"https:\/\/www.pickware.com\/de\/wp-json\/wp\/v2\/pages\/29079\/revisions\/46534"}],"wp:attachment":[{"href":"https:\/\/www.pickware.com\/de\/wp-json\/wp\/v2\/media?parent=29079"}],"curies":[{"name":"wp","href":"https:\/\/api.w.org\/{rel}","templated":true}]}}