{"id":29222,"date":"2023-12-05T10:02:39","date_gmt":"2023-12-05T09:02:39","guid":{"rendered":"https:\/\/www.pickware.com\/?page_id=29222"},"modified":"2025-11-19T13:18:00","modified_gmt":"2025-11-19T12:18:00","slug":"retourenportale","status":"publish","type":"page","link":"https:\/\/www.pickware.com\/de\/retourenportale","title":{"rendered":"Integrationen \u2013 Retourenportale"},"content":{"rendered":"\n<div class=\"layout-space layout-space--content-page-level-2\"><\/div>\n\n\n\n<div class=\"hero-image-size-500 \">\n        <div class=\"l-container\">\n        <div class=\"l-grid\">\n            <div class=\"l-grid__content\">\n                <div class=\"hero-image-size-500__eyebrow\">Retourenportale<\/div>\n                <h1 class=\"hero-image-size-500__heading\">Retourenportale f\u00fcr ein stressfreies Kundenerlebnis<\/h1>\n                <div class=\"hero-image-size-500__copy\"><p>Verbinde Pickware mit einem Retourenportal und wickle Retouren nicht nur effizient im Lager ab, sondern gestalte den gesamten Prozess f\u00fcr dich und deine Kunden so einfach wie m\u00f6glich.<\/p>\n<\/div>\n                                                    <div class=\"hero-image-size-500__button-group\">\n                                                    <a class=\"hero-image-size-500__button hero-image-size-500__button--order-600 \" href=\"https:\/\/www.pickware.com\/de\/live-demo\" target=\"\">\n                                Live-Demo buchen                            <\/a>\n                                                    <a class=\"hero-image-size-500__button hero-image-size-500__button--order-400 \" href=\"#open-onboarding-overlay\" target=\"\">\n                                Jetzt testen                            <\/a>\n                                            <\/div>\n                            <\/div>\n            <div class=\"l-grid__image\">\n                <img decoding=\"async\" class=\"hero-image-size-500__illustration hero-image-size-500__illustration--text-length-normal\" src=\"https:\/\/www.pickware.com\/app\/uploads\/2025\/06\/retourenportale-header-02@2x.png\" alt=\"Pickware Retourenfunktion mit 8returns Integration f\u00fcr einfache und effiziente Retourenprozesse.\" \/>\n            <\/div>\n        <\/div>\n    <\/div>\n<\/div>\n\n\n\n<div class=\"layout-space layout-space--article-page-level-1\"><\/div>\n\n\n\n<div class=\"layout-space layout-space--article-page-level-3\"><\/div>\n\n\n\n<div class=\"teaser-detail-page-image teaser-detail-page-image--reversed\">\n            <div class=\"teaser-detail-page-image__wallpaper\" style=\"background-image:url()\" title=\"\"><\/div>\n        <div class=\"l-container\">\n        <div class=\"l-grid\">\n            <div class=\"l-grid__content\">\n                <h2>\n                    <div class=\"teaser-detail-page-image__eyebrow\">\n                                            <\/div>\n                    <div class=\"teaser-detail-page-image__heading\">Pickware in Kombination mit Retourenportalen<\/div>\n                <\/h2>\n                <div class=\"teaser-detail-page-image__copy\"><p>Erweitere deine Retourenabwicklung mit Pickware einfach um ein komplettes Retourenportal unseres Partners 8returns. Unser Partner bietet dir eine Plattform, um neben der Bearbeitung der Retouren mit Pickware, Retourengr\u00fcnde detailliert zu analysieren, R\u00fcckgaberegelungen zu hinterlegen, digitale R\u00fccksendeformulare zu nutzen und stets den vollen Durchblick zu behalten. Pickware und 8returns sind ohne weitere Anpassungen von Haus aus kompatibel.<\/p>\n<\/div>\n                                                    <div class=\"teaser-detail-page-image__button-group\">\n                                                    <a class=\"teaser-detail-page-image__button teaser-detail-page-image__button--order-500 \" href=\"https:\/\/www.8returns.com\/de\/home?utm_source=partner&#038;utm_medium=website&#038;utm_id=pickware\" target=\"_blank\">\n                                8returns.de                            <\/a>\n                                            <\/div>\n                            <\/div>\n            <div class=\"l-grid__image\">\n                <img decoding=\"async\" class=\"teaser-detail-page-image__illustration\" src=\"https:\/\/www.pickware.com\/app\/uploads\/2023\/12\/Return-rules-build-blau-02.png\" alt=\"Retourenregeln und R\u00fcckgabebedingungen flexibel mit Pickware und 8returns festlegen und automatisieren.\"\/>\n            <\/div>\n        <\/div>\n    <\/div>\n<\/div>\n\n\n\n<div class=\"layout-space layout-space--article-page-level-1\"><\/div>\n\n\n\n<div class=\"layout-space layout-space--article-page-level-3\"><\/div>\n\n\n\n<div class=\"content-intro\">\n    <div class=\"l-container\">\n        <div class=\"l-grid\">\n            <div class=\"l-grid__item\">\n                <h2>\n                    <div class=\"content-intro__eyebrow\"><\/div>\n                    <div class=\"content-intro__heading\">Deine Vorteile<\/div>\n                <\/h2>\n                <div class=\"content-intro__copy\"><\/div>\n            <\/div>\n        <\/div>\n    <\/div>\n<\/div>\n\n\n\n<div class=\"layout-space layout-space--article-page-level-3\"><\/div>\n\n\n\n<div class=\"content-usp\">\n    <div class=\"l-container\">\n        <div class=\"l-flex\">\n                                                <div class=\"content-usp__item content-usp__item--no-shadow\">\n                                                            <img decoding=\"async\" class=\"content-usp__icon\" src=\"https:\/\/www.pickware.com\/app\/uploads\/2021\/05\/decor_contract_t600.svg\" alt=\"Digitale R\u00fccksendeformulare f\u00fcr eine schnelle Bearbeitung der Retouren.\" \/>\n                                        <h3 class=\"content-usp__heading\"><p>R\u00fccksendeformulare<\/p>\n<\/h3>\n                    <div class=\"content-usp__copy\">Digitale R\u00fccksendeformulare f\u00fcr eine schnelle Bearbeitung der Retouren.<\/div>\n                                    <\/div>\n                                                                <div class=\"content-usp__item content-usp__item--no-shadow\">\n                                                            <img decoding=\"async\" class=\"content-usp__icon\" src=\"https:\/\/www.pickware.com\/app\/uploads\/2023\/12\/decor_-search_pu600.svg\" alt=\"Den \u00dcberblick behalten, was wann und warum retourniert wird.\" \/>\n                                        <h3 class=\"content-usp__heading\"><p>\u00dcberblick<\/p>\n<\/h3>\n                    <div class=\"content-usp__copy\"> Den \u00dcberblick behalten, was wann und warum retourniert wird.<\/div>\n                                    <\/div>\n                                                                <div class=\"content-usp__item content-usp__item--no-shadow\">\n                                                            <img decoding=\"async\" class=\"content-usp__icon\" src=\"https:\/\/www.pickware.com\/app\/uploads\/2021\/10\/decor_-scale_c600.svg\" alt=\"K\u00fcnftige Retouren dank Analysedaten verhindern.\" \/>\n                                        <h3 class=\"content-usp__heading\"><p>Analysedaten<\/p>\n<\/h3>\n                    <div class=\"content-usp__copy\">K\u00fcnftige Retouren dank Analysedaten verhindern.<\/div>\n                                    <\/div>\n                                                                <div class=\"content-usp__item content-usp__item--no-shadow\">\n                                                            <img decoding=\"async\" class=\"content-usp__icon\" src=\"https:\/\/www.pickware.com\/app\/uploads\/2023\/07\/decor_return_do600.svg\" alt=\"Retouren dank R\u00fcckgaberegelungen automatisch abwickeln.\" \/>\n                                        <h3 class=\"content-usp__heading\"><p>R\u00fcckgaberegelungen<\/p>\n<\/h3>\n                    <div class=\"content-usp__copy\"> Retouren dank R\u00fcckgaberegelungen automatisch abwickeln.<\/div>\n                                    <\/div>\n                                                                <div class=\"content-usp__item content-usp__item--no-shadow\">\n                                                            <img decoding=\"async\" class=\"content-usp__icon\" src=\"https:\/\/www.pickware.com\/app\/uploads\/2023\/12\/decor_plus-circle_a600.svg\" alt=\"Es stehen dir viele weitere hilfreiche Funktionen zur Verf\u00fcgung.\" \/>\n                                        <h3 class=\"content-usp__heading\"><p>u.v.m.<\/p>\n<\/h3>\n                    <div class=\"content-usp__copy\">Es stehen dir viele weitere hilfreiche Funktionen zur Verf\u00fcgung.<\/div>\n                                    <\/div>\n                                    <\/div>\n    <\/div>\n<\/div>\n\n\n\n<div class=\"layout-space layout-space--article-page-level-1\"><\/div>\n\n\n\n<div class=\"teaser-detail-page-image \">\n            <div class=\"teaser-detail-page-image__wallpaper\" style=\"background-image:url()\" title=\"\"><\/div>\n        <div class=\"l-container\">\n        <div class=\"l-grid\">\n            <div class=\"l-grid__content\">\n                <h3>\n                    <div class=\"teaser-detail-page-image__eyebrow\">\n                        Pickware WMS f\u00fcr Retouren                    <\/div>\n                    <div class=\"teaser-detail-page-image__heading\">Automatisierung im Retourenprozess <\/div>\n                <\/h3>\n                <div class=\"teaser-detail-page-image__copy\"><p><span style=\"font-weight: 400;\">Mit Pickware WMS und den Barcodescannern wickelst du Retouren von der Annahme \u00fcber die Bearbeitung bis zur Einlagerung in wenigen Schritten vollst\u00e4ndig ab. Ein hoher Automatisierungsgrad minimiert dabei manuelle Fehler und senkt den Aufwand. Alles rundherum \u00fcbernimmt die Retourenplattform.<\/span><\/p>\n<\/div>\n                                                    <div class=\"teaser-detail-page-image__button-group\">\n                                                    <a class=\"teaser-detail-page-image__button teaser-detail-page-image__button--order-400 \" href=\"https:\/\/www.pickware.com\/de\/wms\/retouren\" target=\"\">\n                                Zum Retourenprozess                            <\/a>\n                                            <\/div>\n                            <\/div>\n            <div class=\"l-grid__image\">\n                <img decoding=\"async\" class=\"teaser-detail-page-image__illustration\" src=\"https:\/\/www.pickware.com\/app\/uploads\/2023\/12\/retourenportale-retourenprozess@2x.png\" alt=\"Retouren mit Pickware WMS und Barcodescanner effizient digital erfassen, bearbeiten und einlagern.\"\/>\n            <\/div>\n        <\/div>\n    <\/div>\n<\/div>\n\n\n\n<div class=\"layout-space layout-space--article-page-level-1\"><\/div>\n\n\n\n<div class=\"layout-space layout-space--article-page-level-3\"><\/div>\n\n\n\n<div class=\"wp-block-group lp-cta\"><div class=\"wp-block-group__inner-container is-layout-constrained wp-block-group-is-layout-constrained\">\n<div class=\"teaser-detail-page-image-columns\">\n    <div class=\"l-container\">\n        <div class=\"l-grid\">\n                            <div class=\"teaser-detail-page-image-columns__item\">\n                                        <img decoding=\"async\" class=\"teaser-detail-page-image-columns__illustration\" src=\"https:\/\/www.pickware.com\/app\/themes\/pickware-theme\/modules\/teaser\/detail-page-image-columns\/assets\/illustration.svg\" alt=\"illustration\"\/>\n                    <div>\n                        <div class=\"teaser-detail-page-image-columns__eyebrow\">\n                                                    <\/div>\n                        <div class=\"teaser-detail-page-image-columns__heading\">Kostenlose Live-Demo<\/div>\n                    <\/div>\n                    <div class=\"teaser-detail-page-image-columns__copy\"><\/div>\n                                            <div class=\"teaser-detail-page-image-columns__list-heading\"><\/div>\n                        <ul class=\"teaser-detail-page-image-columns__list\">\n                                                            <li>Unverbindlich &#038; kostenlos<\/li>\n                                                            <li>Ca. 60 min per Video\u00fcbertragung<\/li>\n                                                            <li>Auf dein Business abgestimmte Produktdemo<\/li>\n                                                    <\/ul>\n                                                                <div class=\"teaser-detail-page-image-columns__button-group\">\n                                                            <a class=\"teaser-detail-page-image-columns__button teaser-detail-page-image-columns__button--order-500 \" href=\"https:\/\/www.pickware.com\/de\/live-demo\" target=\"\">\n                                    Jetzt buchen                                <\/a>\n                                                    <\/div>\n                                    <\/div>\n                            <div class=\"teaser-detail-page-image-columns__item\">\n                                        <img decoding=\"async\" class=\"teaser-detail-page-image-columns__illustration\" src=\"https:\/\/www.pickware.com\/app\/themes\/pickware-theme\/modules\/teaser\/detail-page-image-columns\/assets\/illustration.svg\" alt=\"illustration\"\/>\n                    <div>\n                        <div class=\"teaser-detail-page-image-columns__eyebrow\">\n                                                    <\/div>\n                        <div class=\"teaser-detail-page-image-columns__heading\">Kostenlos Testen<\/div>\n                    <\/div>\n                    <div class=\"teaser-detail-page-image-columns__copy\"><\/div>\n                                            <div class=\"teaser-detail-page-image-columns__list-heading\"><\/div>\n                        <ul class=\"teaser-detail-page-image-columns__list\">\n                                                            <li>Testphase endet automatisch<\/li>\n                                                            <li>Keine Kreditkarte erforderlich<\/li>\n                                                            <li>In 24 Stunden eingerichtet<\/li>\n                                                    <\/ul>\n                                                                <div class=\"teaser-detail-page-image-columns__button-group\">\n                                                            <a class=\"teaser-detail-page-image-columns__button teaser-detail-page-image-columns__button--order-500 \" href=\"#open-onboarding-overlay\" target=\"\">\n                                    Jetzt testen                                <\/a>\n                                                    <\/div>\n                                    <\/div>\n                    <\/div>\n    <\/div>\n<\/div>\n\n\n\n<style>\n.lp-cta .teaser-detail-page-image-columns__list>li::before {\n    background-image: url(https:\/\/www.pickware.com\/app\/uploads\/2024\/01\/all-in-one-icon-check.svg);\n}\n\n.lp-cta .teaser-detail-page-image-columns__item img{\ndisplay: none;}\n\n.lp-cta .teaser-detail-page-image-columns__item{\nbackground-color: #010645;\n    padding: 64px;\n    border-radius: 32px;\n    box-shadow: 0 32px 48px -40px rgba(50,50,93,0.80);\n    }\n\n@media (max-width: 767px) {\n    .lp-cta .teaser-detail-page-image-columns__item {\n    padding: 32px;\n    border-radius: 16px;\n    }\n}\n\n.lp-cta .teaser-detail-page-image-columns__heading{\ncolor: #fff\n}\n\n.lp-cta .teaser-detail-page-image-columns__list>li{\ncolor: #91c8ff\n}\n\n.lp-cta .l-grid{\ngap: 24px 24px;}\n\n.lp-cta .teaser-detail-page-image-columns__eyebrow{\ncolor: #fff;\n}\n\n.lp-cta .teaser-detail-page-image-columns__item:last-child{\n}\n\n<\/style>\n<\/div><\/div>\n\n\n\n<div class=\"layout-space layout-space--article-page-level-1\"><\/div>\n","protected":false},"excerpt":{"rendered":"","protected":false},"author":2,"featured_media":0,"parent":0,"menu_order":0,"comment_status":"closed","ping_status":"closed","template":"","meta":{"_acf_changed":false,"_stopmodifiedupdate":false,"_modified_date":"","footnotes":""},"class_list":["post-29222","page","type-page","status-publish","hentry"],"acf":[],"_links":{"self":[{"href":"https:\/\/www.pickware.com\/de\/wp-json\/wp\/v2\/pages\/29222","targetHints":{"allow":["GET"]}}],"collection":[{"href":"https:\/\/www.pickware.com\/de\/wp-json\/wp\/v2\/pages"}],"about":[{"href":"https:\/\/www.pickware.com\/de\/wp-json\/wp\/v2\/types\/page"}],"author":[{"embeddable":true,"href":"https:\/\/www.pickware.com\/de\/wp-json\/wp\/v2\/users\/2"}],"replies":[{"embeddable":true,"href":"https:\/\/www.pickware.com\/de\/wp-json\/wp\/v2\/comments?post=29222"}],"version-history":[{"count":49,"href":"https:\/\/www.pickware.com\/de\/wp-json\/wp\/v2\/pages\/29222\/revisions"}],"predecessor-version":[{"id":45753,"href":"https:\/\/www.pickware.com\/de\/wp-json\/wp\/v2\/pages\/29222\/revisions\/45753"}],"wp:attachment":[{"href":"https:\/\/www.pickware.com\/de\/wp-json\/wp\/v2\/media?parent=29222"}],"curies":[{"name":"wp","href":"https:\/\/api.w.org\/{rel}","templated":true}]}}