{"id":299,"date":"2021-05-31T10:00:28","date_gmt":"2021-05-31T08:00:28","guid":{"rendered":"https:\/\/www.pickware.com\/?page_id=299"},"modified":"2026-04-28T10:12:10","modified_gmt":"2026-04-28T08:12:10","slug":"jobs","status":"publish","type":"page","link":"https:\/\/www.pickware.com\/de\/jobs","title":{"rendered":"Jobs"},"content":{"rendered":"\n<div class=\"layout-space layout-space--content-page-level-2\"><\/div>\n\n\n\n<div class=\"hero-text\">\n    <div class=\"l-container\">\n        <div class=\"l-grid\">\n            <div class=\"l-grid__content\">\n                <div class=\"hero-text__eyebrow\">Jobs<\/div>\n                <h1 class=\"hero-text__heading\">Werde Teil von Team Pickware<\/h1>\n                <div class=\"hero-text__copy\"><p>Wir haben uns als Ziel gesetzt, das Thema Warenwirtschaft ganz nach dem Motto &#8222;Unfuck Your Warehouse&#8220; neu zu denken. Als Team geben wir alles, um dieses Ziel zu erreichen!<\/p>\n<\/div>\n            <\/div>\n        <\/div>\n    <\/div>\n<\/div>\n\n\n\n<div class=\"layout-space layout-space--article-page-level-2\"><\/div>\n\n\n\n<div class=\"layout-space layout-space--article-page-level-2\"><\/div>\n\n\n\n<div class=\"content-company-facts\">\n    <div class=\"l-container\">\n        <div class=\"l-flex\">\n                            <div class=\"content-company-facts__item\">\n                                            <div class=\"content-company-facts__fact--kununu\" onclick=\"openUrl(event, 'https:\/\/www.kununu.com\/de\/pickware', '_blank')\">\n                            <div class=\"content-company-facts__fact\">4,9<\/div>\n                            <div class=\"content-company-facts__fact-addition\">Arbeitgeber-Score<\/div>\n                            <img decoding=\"async\" class=\"content-company-facts__kununu-score-image\" src=\"https:\/\/www.pickware.com\/app\/themes\/pickware-theme\/modules\/content\/company-facts\/assets\/kununu-score-5-0.svg\" alt=\"kununu-score-5-0\" \/>\n                        <\/div>\n                                    <\/div>\n                            <div class=\"content-company-facts__item\">\n                                            <div class=\"content-company-facts__fact\">Darmstadt<\/div>\n                        <div class=\"content-company-facts__fact-addition\">Standort<\/div>\n                                    <\/div>\n                            <div class=\"content-company-facts__item\">\n                                            <div class=\"content-company-facts__fact\">70+<\/div>\n                        <div class=\"content-company-facts__fact-addition\">Teammitglieder<\/div>\n                                    <\/div>\n                            <div class=\"content-company-facts__item\">\n                                            <div class=\"content-company-facts__fact\">100 %<\/div>\n                        <div class=\"content-company-facts__fact-addition\">Eigenfinanzierung<\/div>\n                                    <\/div>\n                    <\/div>\n    <\/div>\n<\/div>\n\n\n\n<div class=\"layout-space layout-space--article-page-level-1\"><\/div>\n\n\n\n<div class=\"content-intro\">\n    <div class=\"l-container\">\n        <div class=\"l-grid\">\n            <div class=\"l-grid__item\">\n                <div>\n                    <div class=\"content-intro__eyebrow\">Werte<\/div>\n                    <div class=\"content-intro__heading\">Was uns antreibt<\/div>\n                <\/div>\n                <div class=\"content-intro__copy\"><\/div>\n            <\/div>\n        <\/div>\n    <\/div>\n<\/div>\n\n\n\n<div class=\"article-page-text-h3\">\n    <div class=\"l-container\">\n        <div class=\"l-grid\">\n            <div class=\"l-grid__content\">\n                <div>\n                    <div class=\"article-page-text-h3__eyebrow\"><\/div>\n                    <div class=\"article-page-text-h3__heading\"><\/div>\n                <\/div>\n                <div class=\"article-page-text-h3__copy\"><p>Das Wichtigste zuerst: Unser Antrieb ist, dass wir gemeinsam Gro\u00dfes schaffen. Das spiegelt sich auch in unserem Miteinander und unserer t\u00e4glichen Arbeitsweise wider. Wir verstehen uns als ein Team, in dem jeder gleichberechtigt ist und f\u00fcr den anderen einsteht. Unser ausgepr\u00e4gter Teamgeist ist eine unserer gr\u00f6\u00dften St\u00e4rken. Wir fordern uns t\u00e4glich heraus, um unsere gemeinsamen Ziele zu erreichen und neue Wege zu gehen. Dabei gibt jeder sein Bestes ohne den Spa\u00df an der Arbeit und die Empathie gegen\u00fcber Kolleginnen und Kollegen, Partnern und Kunden zu verlieren. So ist jeder ein gleicherma\u00dfen wichtiger Bestandteil von Team Pickware.<\/p>\n<p>&nbsp;<\/p>\n<p>Worum es uns dabei eigentlich geht: Wir wollen als Unternehmen Verantwortung \u00fcbernehmen und m\u00f6glichst vielen H\u00e4ndlern mit unseren kundenorientierten L\u00f6sungen den Arbeitsalltag erleichtern. Dabei stehen f\u00fcr uns Nachhaltigkeit und Qualit\u00e4t im Fokus. Das betrifft zum einen die t\u00e4glichen Aufgaben wie die Softwareentwicklung oder den Kundensupport. Zum anderen leben wir diese Grunds\u00e4tze aber auch als Unternehmen, indem wir beispielsweise Wert auf CO2-Reduktion und nachhaltige Produkte legen. Unterm Strich erwarten dich gute Laune und ein Job, bei dem du nicht nur ein R\u00e4dchen im Getriebe bist, sondern als Teil eines starken Teams Verantwortung \u00fcbernimmst. Schreibe gemeinsam mit uns die Pickware Erfolgsstory weiter!<\/p>\n<\/div>\n            <\/div>\n        <\/div>\n    <\/div>\n<\/div>\n\n\n\n<div class=\"layout-space layout-space--article-page-level-1\"><\/div>\n\n\n\n<div class=\"content-intro\">\n    <div class=\"l-container\">\n        <div class=\"l-grid\">\n            <div class=\"l-grid__item\">\n                <div>\n                    <div class=\"content-intro__eyebrow\">Offene Stellen<\/div>\n                    <div class=\"content-intro__heading\">Wir suchen dich!<\/div>\n                <\/div>\n                <div class=\"content-intro__copy\"><\/div>\n            <\/div>\n        <\/div>\n    <\/div>\n<\/div>\n\n\n\n<div class=\"article-page-text-h3\">\n    <div class=\"l-container\">\n        <div class=\"l-grid\">\n            <div class=\"l-grid__content\">\n                <div>\n                    <div class=\"article-page-text-h3__eyebrow\"><\/div>\n                    <div class=\"article-page-text-h3__heading\"><\/div>\n                <\/div>\n                <div class=\"article-page-text-h3__copy\"><p style=\"text-align: center;\"><strong>Hybrides Arbeitsmodell: <span style=\"font-weight: 400;\">Bei uns gibt es die optimale Kombination aus mobilem Arbeiten und lockerem B\u00fcroleben (flexibel mit 1-2 B\u00fcrotagen pro Woche), damit ihr Berufs- und Privatleben bestm\u00f6glich vereinbaren k\u00f6nnt. <\/span><\/strong><\/p>\n<\/div>\n            <\/div>\n        <\/div>\n    <\/div>\n<\/div>\n\n\n\n<div class=\"layout-space layout-space--content-page-level-2\"><\/div>\n\n\n\n<div class=\"job-page-job-listing\">\n    <div class=\"l-container\">\n        <div class=\"l-grid\">\n            <div class=\"l-grid__item\">\n                                    <div class=\"job-page-job-listing__section\">\n                        <div class=\"job-page-job-listing__section-heading\">Software Development<\/div>\n                                                    <div class=\"job-page-job-listing__job\" onclick=\"openUrl(event, 'https:\/\/www.pickware.com\/de\/jobs\/stelle?jobId=262554')\">\n                                <a class=\"job-page-job-listing__job-title\" href=\"https:\/\/www.pickware.com\/de\/jobs\/stelle?jobId=262554\">iOS Developer (m\/w\/d)<\/a>\n                                <div class=\"job-page-job-listing__icon\"><\/div>\n                            <\/div>\n                                                    <div class=\"job-page-job-listing__job\" onclick=\"openUrl(event, 'https:\/\/www.pickware.com\/de\/jobs\/stelle?jobId=262542')\">\n                                <a class=\"job-page-job-listing__job-title\" href=\"https:\/\/www.pickware.com\/de\/jobs\/stelle?jobId=262542\">Senior iOS Developer (m\/w\/d)<\/a>\n                                <div class=\"job-page-job-listing__icon\"><\/div>\n                            <\/div>\n                                                    <div class=\"job-page-job-listing__job\" onclick=\"openUrl(event, 'https:\/\/www.pickware.com\/de\/jobs\/stelle?jobId=262558')\">\n                                <a class=\"job-page-job-listing__job-title\" href=\"https:\/\/www.pickware.com\/de\/jobs\/stelle?jobId=262558\">Werkstudent Software Developer (m\/w\/d)<\/a>\n                                <div class=\"job-page-job-listing__icon\"><\/div>\n                            <\/div>\n                                            <\/div>\n                                    <div class=\"job-page-job-listing__section\">\n                        <div class=\"job-page-job-listing__section-heading\">Business Development<\/div>\n                                                    <div class=\"job-page-job-listing__job\" onclick=\"openUrl(event, 'https:\/\/www.pickware.com\/de\/jobs\/stelle?jobId=2615110')\">\n                                <a class=\"job-page-job-listing__job-title\" href=\"https:\/\/www.pickware.com\/de\/jobs\/stelle?jobId=2615110\">Sales Development Representative \/ SDR (m\/w\/d)<\/a>\n                                <div class=\"job-page-job-listing__icon\"><\/div>\n                            <\/div>\n                                                    <div class=\"job-page-job-listing__job\" onclick=\"openUrl(event, 'https:\/\/www.pickware.com\/de\/jobs\/stelle?jobId=1945665')\">\n                                <a class=\"job-page-job-listing__job-title\" href=\"https:\/\/www.pickware.com\/de\/jobs\/stelle?jobId=1945665\">Werkstudent Sales (m\/w\/d)<\/a>\n                                <div class=\"job-page-job-listing__icon\"><\/div>\n                            <\/div>\n                                            <\/div>\n                                    <div class=\"job-page-job-listing__section\">\n                        <div class=\"job-page-job-listing__section-heading\">Weiteres<\/div>\n                                                    <div class=\"job-page-job-listing__job\" onclick=\"openUrl(event, 'https:\/\/www.pickware.com\/de\/jobs\/stelle?jobId=291194')\">\n                                <a class=\"job-page-job-listing__job-title\" href=\"https:\/\/www.pickware.com\/de\/jobs\/stelle?jobId=291194\">Initiativbewerbung<\/a>\n                                <div class=\"job-page-job-listing__icon\"><\/div>\n                            <\/div>\n                                            <\/div>\n                            <\/div>\n        <\/div>\n    <\/div>\n<\/div>\n\n\n\n<div class=\"layout-space layout-space--article-page-level-1\"><\/div>\n\n\n\n<div class=\"content-intro\">\n    <div class=\"l-container\">\n        <div class=\"l-grid\">\n            <div class=\"l-grid__item\">\n                <div>\n                    <div class=\"content-intro__eyebrow\">Benefits<\/div>\n                    <div class=\"content-intro__heading\">Warum Pickware?<\/div>\n                <\/div>\n                <div class=\"content-intro__copy\"><\/div>\n            <\/div>\n        <\/div>\n    <\/div>\n<\/div>\n\n\n\n<div class=\"layout-space layout-space--content-page-level-2\"><\/div>\n\n\n\n<div class=\"content-usp\">\n    <div class=\"l-container\">\n        <div class=\"l-flex\">\n                                                <div class=\"content-usp__item \">\n                                                            <img decoding=\"async\" class=\"content-usp__icon\" src=\"https:\/\/www.pickware.com\/app\/uploads\/2021\/05\/decor_location_g600.svg\" alt=\"Attraktiver Standort von Pickware\" \/>\n                                        <div class=\"content-usp__heading\"><p>Zentrale Lage<\/p>\n<\/div>\n                    <div class=\"content-usp__copy\">Mit unserer Lage direkt am Hauptbahnhof in Darmstadt sind wir aus dem gesamten Rhein-Main-Gebiet einfach zu erreichen.<\/div>\n                                    <\/div>\n                                                                <div class=\"content-usp__item \">\n                                                            <img decoding=\"async\" class=\"content-usp__icon\" src=\"https:\/\/www.pickware.com\/app\/uploads\/2021\/05\/decor_time_pu600.svg\" alt=\"Keine versteckten Kosten.\" \/>\n                                        <div class=\"content-usp__heading\"><p>Flexible Arbeitszeiten<\/p>\n<\/div>\n                    <div class=\"content-usp__copy\">Arbeite, wann es dir passt! So k\u00f6nnen auch unsere Werkstudentinnen und Werkstudenten Arbeit und Studium perfekt vereinen.<\/div>\n                                    <\/div>\n                                                                <div class=\"content-usp__item \">\n                                                            <img decoding=\"async\" class=\"content-usp__icon\" src=\"https:\/\/www.pickware.com\/app\/uploads\/2026\/04\/decor_time-money_a600.svg\" alt=\"decor_time-money_a600\" \/>\n                                        <div class=\"content-usp__heading\"><p>\u00dcberstundenausgleich<\/p>\n<\/div>\n                    <div class=\"content-usp__copy\">Bei uns gibt es nur freiwillige \u00dcberstunden und diese werden vollst\u00e4ndig bezahlt oder ausgeglichen.<\/div>\n                                    <\/div>\n                                                                <div class=\"content-usp__item \">\n                                                            <img decoding=\"async\" class=\"content-usp__icon\" src=\"https:\/\/www.pickware.com\/app\/uploads\/2021\/07\/decor_rmv-ticket_c600.svg\" alt=\"decor_rmv-ticket_c600\" \/>\n                                        <div class=\"content-usp__heading\"><p>Kostenloses Jobticket<\/p>\n<\/div>\n                    <div class=\"content-usp__copy\">Mit unserem Jobticket kannst du nicht nur bequem zur Arbeit fahren, sondern auch kostenlos inkl. Mitnahmeregelung im gesamten RMV-Gebiet unterwegs sein.<\/div>\n                                    <\/div>\n                                                                <div class=\"content-usp__item \">\n                                                            <img decoding=\"async\" class=\"content-usp__icon\" src=\"https:\/\/www.pickware.com\/app\/uploads\/2026\/04\/decor_charging-station_t600.svg\" alt=\"decor_charging-station_t600\" \/>\n                                        <div class=\"content-usp__heading\"><p>Wallbox<\/p>\n<\/div>\n                    <div class=\"content-usp__copy\">W\u00e4hrend du arbeitest, kannst du dein E-Auto ganz entspannt auf einem unserer Parkpl\u00e4tze im Office an einer Wallbox laden.<\/div>\n                                    <\/div>\n                                                                <div class=\"content-usp__item \">\n                                                            <img decoding=\"async\" class=\"content-usp__icon\" src=\"https:\/\/www.pickware.com\/app\/uploads\/2026\/04\/decor_bicycle_do600.svg\" alt=\"decor_bicycle_do600\" \/>\n                                        <div class=\"content-usp__heading\"><p>Dienstrad<\/p>\n<\/div>\n                    <div class=\"content-usp__copy\">Ob zur Arbeit oder in der Freizeit: Mit unserem Dienstrad-Leasing bleibst du flexibel unterwegs und tust gleichzeitig etwas f\u00fcr deine Gesundheit und die Umwelt.<\/div>\n                                    <\/div>\n                                                                <div class=\"content-usp__item \">\n                                                            <img decoding=\"async\" class=\"content-usp__icon\" src=\"https:\/\/www.pickware.com\/app\/uploads\/2021\/12\/decor_mental-health_pu600.svg\" alt=\"decor_mental-health_pu600\" \/>\n                                        <div class=\"content-usp__heading\"><p>Mentale Gesundheit<\/p>\n<\/div>\n                    <div class=\"content-usp__copy\">Angebot der Plattform nilo.health mit Zugriff auf 1-zu-1 Videositzungen mit Psycholog:innen und Therapeut:innen sowie digitale Trainings und Tools f\u00fcr dein mentales Wohlbefinden.<\/div>\n                                    <\/div>\n                                                                <div class=\"content-usp__item \">\n                                                            <img decoding=\"async\" class=\"content-usp__icon\" src=\"https:\/\/www.pickware.com\/app\/uploads\/2021\/05\/decor_desktop_a600.svg\" alt=\"decor_desktop_a600\" \/>\n                                        <div class=\"content-usp__heading\"><p>Top Arbeitsplatz<\/p>\n<\/div>\n                    <div class=\"content-usp__copy\">H\u00f6henverstellbare Schreibtische, Klimaanlage, modernste Hardware, mehrere Monitore &#8230; Wir tun alles, damit du bestm\u00f6glich arbeiten kannst!<\/div>\n                                    <\/div>\n                                                                <div class=\"content-usp__item \">\n                                                            <img decoding=\"async\" class=\"content-usp__icon\" src=\"https:\/\/www.pickware.com\/app\/uploads\/2021\/05\/decor_bar-bell_g600.svg\" alt=\"decor_bar-bell_g600\" \/>\n                                        <div class=\"content-usp__heading\"><p>Fitness &amp; Wellness<\/p>\n<\/div>\n                    <div class=\"content-usp__copy\">Subventionierte Mitgliedschaft bei EGYM Wellpass, mit der du f\u00fcr nur 15\u20ac im Monat in vielen Sportstudios und -einrichtungen deutschlandweit trainieren kannst.<\/div>\n                                    <\/div>\n                                                                <div class=\"content-usp__item \">\n                                                            <img decoding=\"async\" class=\"content-usp__icon\" src=\"https:\/\/www.pickware.com\/app\/uploads\/2021\/05\/decor_apple_c600.svg\" alt=\"decor_apple_c600\" \/>\n                                        <div class=\"content-usp__heading\"><p>Getr\u00e4nke &amp; Snacks<\/p>\n<\/div>\n                    <div class=\"content-usp__copy\">Vom Kaffee \u00fcber Limos bis hin zum Feierabendbier sind wir bestens ausgestattet. Auch f\u00fcr den kleinen Hunger sind frisches Obst, M\u00fcsli und verschiedene Snacks immer vorr\u00e4tig. Nat\u00fcrlich in Bio-Qualit\u00e4t. Ab und zu gibt\u2019s aber auch mal Pizza.<\/div>\n                                    <\/div>\n                                                                <div class=\"content-usp__item \">\n                                                            <img decoding=\"async\" class=\"content-usp__icon\" src=\"https:\/\/www.pickware.com\/app\/uploads\/2021\/05\/decor_party_pu600.svg\" alt=\"decor_party_pu600\" \/>\n                                        <div class=\"content-usp__heading\"><p>Teamevents<\/p>\n<\/div>\n                    <div class=\"content-usp__copy\">Stammtische, Grillfeiern, Lasertag, LAN-Partys, Radtouren, Hackathons, die Liste an Events bei uns ist lang!<\/div>\n                                    <\/div>\n                                                                <div class=\"content-usp__item \">\n                                                            <img decoding=\"async\" class=\"content-usp__icon\" src=\"https:\/\/www.pickware.com\/app\/uploads\/2021\/05\/decor_controller_a600.svg\" alt=\"decor_controller_a600\" \/>\n                                        <div class=\"content-usp__heading\"><p>Goodies<\/p>\n<\/div>\n                    <div class=\"content-usp__copy\">Haben wir schon unsere Dachterrasse, die Tischtennisplatte, den Kicker, die diversen Spielekonsolen, Nerf-Guns, unsere Kletterwand und weitere Goodies erw\u00e4hnt, die uns den B\u00fcroalltag versch\u00f6nern?<\/div>\n                                    <\/div>\n                                    <\/div>\n    <\/div>\n<\/div>\n\n\n\n<div class=\"layout-space layout-space--article-page-level-1\"><\/div>\n\n\n\n<div class=\"content-intro\">\n    <div class=\"l-container\">\n        <div class=\"l-grid\">\n            <div class=\"l-grid__item\">\n                <div>\n                    <div class=\"content-intro__eyebrow\">Teamevents<\/div>\n                    <div class=\"content-intro__heading\">Pickware Sommerfest 2025<\/div>\n                <\/div>\n                <div class=\"content-intro__copy\"><\/div>\n            <\/div>\n        <\/div>\n    <\/div>\n<\/div>\n\n\n\n<div class=\"layout-space layout-space--article-page-level-3\"><\/div>\n\n\n<script id=\"c-overlay\" type=\"text\/html\">\n    <div class=\"c-overlay\" @click=\"$emit('close')\">\n        <div class=\"c-overlay__content\">\n            <div class=\"c-overlay__close-button\" @click=\"$emit('close')\"><\/div>\n            <slot><\/slot>\n        <\/div>\n    <\/div>\n<\/script>\n\n<script type=\"text\/javascript\">\n    Vue.component(\"c-overlay\", {\n        template: \"#c-overlay\",\n        mounted() {\n            disallowPageScroll();\n        },\n        destroyed() {\n            allowPageScroll();\n        },\n    });\n<\/script>\n\n<div id=\"teaser-videos-advanced-6a088e64cc873\" class=\"teaser-videos-advanced\">\n    <div class=\"l-container\">\n        <div class=\"l-flex\">\n                            <div class=\"l-flex__item l-flex__item--big gtm-video-wms\" @click=\"showVideoDialogueForId(1112205905)\">\n                    <div class=\"teaser-videos-advanced__item\">\n                        <div class=\"teaser-videos-advanced__background teaser-videos-advanced__background--default\">\n                                                            <picture class=\"teaser-videos-advanced__illustration\">\n                                                                        <source srcset=\"https:\/\/www.pickware.com\/app\/uploads\/2025\/08\/Pickware-Jobs-Preview-2025_Mobil.webp\" media=\"all and (max-width: 1223px)\"\/>\n                                    <img decoding=\"async\" src=\"\" alt=\"Pickware-Jobs-Preview-2025_Mobil.webp\"\/>\n                                <\/picture>\n                                                    <\/div>\n                        <div class=\"teaser-videos-advanced__background teaser-videos-advanced__background--viewport-xl\">\n                                                            <div class=\"teaser-videos-advanced__teaser-video\">\n                                    <video autoplay=\"autoplay\" muted=\"muted\" loop=\"loop\">\n                                        <source src=\"https:\/\/www.pickware.com\/app\/uploads\/2025\/08\/Pickware-Jobs-Preview-2025_klein.mp4\" media=\"all and (min-width: 1224px)\" \/>\n                                    <\/video>\n                                <\/div>\n                                                    <\/div>\n                        <div class=\"teaser-videos-advanced__play-button-wrapper\">\n                            <div class=\"teaser-videos-advanced__play-button teaser-videos-advanced__play-button--pulse gtm-video-wms\"><\/div>\n                        <\/div>\n                        <div class=\"teaser-videos-advanced__label\">\n                            <div>\n                                                                                            <\/div>\n                        <\/div>\n                    <\/div>\n                <\/div>\n                    <\/div>\n    <\/div>\n\n    <c-overlay v-if=\"showVideoDialogue\" @close=\"showVideoDialogue = false\">\n        <div class=\"teaser-videos-advanced__center\">\n            <div class=\"l-container\">\n                <iframe class=\"teaser-videos-advanced__video\" :src=\"`https:\/\/player.vimeo.com\/video\/${vimeoId}?autoplay=1&#038;dnt=1`\" frameborder=\"0\" allow=\"autoplay;\" allowfullscreen><\/iframe>\n            <\/div>\n        <\/div>\n    <\/c-overlay>\n<\/div>\n\n<script type=\"text\/javascript\">\n    jQuery(function($) {\n        new Vue({\n            el: '#teaser-videos-advanced-6a088e64cc873',\n            data: {\n                showVideoDialogue: false,\n                vimeoId: null,\n            },\n\n            mounted: function() {\n                if (window.dataLayer) {\n                    window.dataLayer.push({\n                        'event': 'play-video'\n                    });\n                }\n            },\n\n            methods: {\n                showVideoDialogueForId(vimeoId) {\n                    this.vimeoId = vimeoId\n                    this.showVideoDialogue = true\n                }\n            }\n        })\n    })\n<\/script>\n\n\n\n<div class=\"layout-space layout-space--article-page-level-1\"><\/div>\n\n\n\n<div class=\"content-intro\">\n    <div class=\"l-container\">\n        <div class=\"l-grid\">\n            <div class=\"l-grid__item\">\n                <div>\n                    <div class=\"content-intro__eyebrow\">Instagram Feed<\/div>\n                    <div class=\"content-intro__heading\">Du bist neugierig auf den Pickware Alltag?<\/div>\n                <\/div>\n                <div class=\"content-intro__copy\"><\/div>\n            <\/div>\n        <\/div>\n    <\/div>\n<\/div>\n\n\n\n<div class=\"layout-space layout-space--content-page-level-2\"><\/div>\n\n\n\n<div class=\"job-page-instagram-feed\">\n    <div class=\"l-container\">\n        <div class=\"job-page-instagram-feed__feed\">\n                    <\/div>\n        <div class=\"job-page-instagram-feed__profile-link\">\n            <div class=\"job-page-instagram-feed__logo-and-text\">\n                                <img decoding=\"async\" class=\"job-page-instagram-feed__logo\" src=\"https:\/\/www.pickware.com\/app\/themes\/pickware-theme\/dist\/static\/icons\/social\/insta.png\" alt=\"insta\" \/>\n                <div class=\"job-page-instagram-feed__text\">Entdecke mehr auf unserem Instagram Feed<\/div>\n            <\/div>\n            <a class=\"job-page-instagram-feed__button\" href=\"https:\/\/www.instagram.com\/pickware\">Instagram<\/a>\n        <\/div>\n    <\/div>\n<\/div>\n\n\n\n<div class=\"layout-space layout-space--article-page-level-1\"><\/div>\n\n\n\n<p><\/p>\n","protected":false},"excerpt":{"rendered":"","protected":false},"author":22,"featured_media":0,"parent":0,"menu_order":0,"comment_status":"closed","ping_status":"closed","template":"","meta":{"_acf_changed":false,"_stopmodifiedupdate":false,"_modified_date":"","footnotes":""},"class_list":["post-299","page","type-page","status-publish","hentry"],"acf":[],"_links":{"self":[{"href":"https:\/\/www.pickware.com\/de\/wp-json\/wp\/v2\/pages\/299","targetHints":{"allow":["GET"]}}],"collection":[{"href":"https:\/\/www.pickware.com\/de\/wp-json\/wp\/v2\/pages"}],"about":[{"href":"https:\/\/www.pickware.com\/de\/wp-json\/wp\/v2\/types\/page"}],"author":[{"embeddable":true,"href":"https:\/\/www.pickware.com\/de\/wp-json\/wp\/v2\/users\/22"}],"replies":[{"embeddable":true,"href":"https:\/\/www.pickware.com\/de\/wp-json\/wp\/v2\/comments?post=299"}],"version-history":[{"count":279,"href":"https:\/\/www.pickware.com\/de\/wp-json\/wp\/v2\/pages\/299\/revisions"}],"predecessor-version":[{"id":47525,"href":"https:\/\/www.pickware.com\/de\/wp-json\/wp\/v2\/pages\/299\/revisions\/47525"}],"wp:attachment":[{"href":"https:\/\/www.pickware.com\/de\/wp-json\/wp\/v2\/media?parent=299"}],"curies":[{"name":"wp","href":"https:\/\/api.w.org\/{rel}","templated":true}]}}