{"id":29999,"date":"2024-01-11T10:35:09","date_gmt":"2024-01-11T09:35:09","guid":{"rendered":"https:\/\/www.pickware.com\/?page_id=29999"},"modified":"2024-01-18T11:59:19","modified_gmt":"2024-01-18T10:59:19","slug":"leaderfassung","status":"publish","type":"page","link":"https:\/\/www.pickware.com\/de\/leaderfassung","title":{"rendered":"Landingpage Affiliate Leads"},"content":{"rendered":"\n<div class=\"layout-space layout-space--article-page-level-2\"><\/div>\n\n\n\n<div class=\"hero-image-size-500 \">\n        <div class=\"l-container\">\n        <div class=\"l-grid\">\n            <div class=\"l-grid__content\">\n                <div class=\"hero-image-size-500__eyebrow\">Deine Leadeinreichung bei Pickware<\/div>\n                <h1 class=\"hero-image-size-500__heading\">Lead einreichen und profitieren!<\/h1>\n                <div class=\"hero-image-size-500__copy\"><\/div>\n                                    <div class=\"hero-image-size-500__list-heading\"><\/div>\n                    <ul class=\"hero-image-size-500__list\">\n                                                    <li>\n                                <div>Reiche einen Lead ein und erhalte 250 \u20ac*<\/div>\n                            <\/li>\n                                            <\/ul>\n                                                    <div class=\"hero-image-size-500__button-group\">\n                                                    <a class=\"hero-image-size-500__button hero-image-size-500__button--order-600 \" href=\"https:\/\/forms.gle\/nz3dXDhm5gbCYE2E7\" target=\"_blank\">\n                                Lead einreichen                             <\/a>\n                                                    <a class=\"hero-image-size-500__button hero-image-size-500__button--order-400 \" href=\"https:\/\/www.pickware.com\/de\/partner-werden\" target=\"\">\n                                Partner werden                             <\/a>\n                                            <\/div>\n                            <\/div>\n            <div class=\"l-grid__image\">\n                <img decoding=\"async\" class=\"hero-image-size-500__illustration hero-image-size-500__illustration--text-length-normal\" src=\"https:\/\/www.pickware.com\/app\/uploads\/2024\/01\/lead-header.svg\" alt=\"lead-header\" \/>\n            <\/div>\n        <\/div>\n    <\/div>\n<\/div>\n\n\n\n<div class=\"layout-space layout-space--article-page-level-1\"><\/div>\n\n\n\n<div class=\"wp-block-group update-mobil-usp\"><div class=\"wp-block-group__inner-container is-layout-constrained wp-block-group-is-layout-constrained\">\n<style>\n\n@media (max-width: 767px){\n.update-mobil-usp .content-usp__icon {\n    height: 64px;\n    width: 64px;\n    margin-bottom: 12px;\n}\n.update-mobil-usp .content-usp__heading {\n    margin-bottom: 0px;\n}\n.content-usp .l-flex>div {\n    margin-bottom: 32px;\n}\n}\n<\/style>\n\n\n\n<div class=\"content-usp\">\n    <div class=\"l-container\">\n        <div class=\"l-flex\">\n                                                <div class=\"content-usp__item content-usp__item--no-shadow\">\n                                                            <img decoding=\"async\" class=\"content-usp__icon\" src=\"https:\/\/www.pickware.com\/app\/uploads\/2023\/01\/decor_money_c600.svg\" alt=\"decor_money_c600\" \/>\n                                        <div class=\"content-usp__heading\"><p>Pr\u00e4mie<\/p>\n<\/div>\n                    <div class=\"content-usp__copy\">Lead einreichen und 250 \u20ac* Pr\u00e4mie erhalten<\/div>\n                                    <\/div>\n                                                                <div class=\"content-usp__item content-usp__item--no-shadow\">\n                                                            <img decoding=\"async\" class=\"content-usp__icon\" src=\"https:\/\/www.pickware.com\/app\/uploads\/2023\/12\/decor_timer_pu600.svg\" alt=\"decor_timer_pu600\" \/>\n                                        <div class=\"content-usp__heading\"><p>Einfach &amp; schnell<\/p>\n<\/div>\n                    <div class=\"content-usp__copy\">Leadformular ausf\u00fcllen und fertig<\/div>\n                                    <\/div>\n                                                                <div class=\"content-usp__item content-usp__item--no-shadow\">\n                                                            <img decoding=\"async\" class=\"content-usp__icon\" src=\"https:\/\/www.pickware.com\/app\/uploads\/2023\/12\/decor_no-contract_t600.svg\" alt=\"decor_no-contract_t600\" \/>\n                                        <div class=\"content-usp__heading\"><p>Unverbindlich<\/p>\n<\/div>\n                    <div class=\"content-usp__copy\">Kein Vertrag, Account o.\u00e4. notwendig<\/div>\n                                    <\/div>\n                                    <\/div>\n    <\/div>\n<\/div>\n<\/div><\/div>\n\n\n\n<div class=\"layout-space layout-space--article-page-level-1\"><\/div>\n\n\n\n<div class=\"content-intro\">\n    <div class=\"l-container\">\n        <div class=\"l-grid\">\n            <div class=\"l-grid__item\">\n                <div>\n                    <div class=\"content-intro__eyebrow\"><\/div>\n                    <div class=\"content-intro__heading\">Leadeinreichung in drei einfachen Schritten:<\/div>\n                <\/div>\n                <div class=\"content-intro__copy\"><\/div>\n            <\/div>\n        <\/div>\n    <\/div>\n<\/div>\n\n\n\n<div class=\"layout-space layout-space--content-page-level-2\"><\/div>\n\n\n\n<div class=\"teaser-detail-page-image teaser-detail-page-image--reversed\">\n            <div class=\"teaser-detail-page-image__wallpaper\" style=\"background-image:url()\" title=\"\"><\/div>\n        <div class=\"l-container\">\n        <div class=\"l-grid\">\n            <div class=\"l-grid__content\">\n                <div>\n                    <div class=\"teaser-detail-page-image__eyebrow\">\n                        1. Schritt                    <\/div>\n                    <div class=\"teaser-detail-page-image__heading\">Lead einreichen<\/div>\n                <\/div>\n                <div class=\"teaser-detail-page-image__copy\"><p>Ganz entspannt das Kontaktformular mit allen notwendigen Informationen ausf\u00fcllen und absenden.<\/p>\n<\/div>\n                                                    <div class=\"teaser-detail-page-image__button-group\">\n                                                    <a class=\"teaser-detail-page-image__button teaser-detail-page-image__button--order-600 \" href=\"https:\/\/forms.gle\/nz3dXDhm5gbCYE2E7\" target=\"_blank\">\n                                Lead einreichen                            <\/a>\n                                            <\/div>\n                            <\/div>\n            <div class=\"l-grid__image\">\n                <img decoding=\"async\" class=\"teaser-detail-page-image__illustration\" src=\"https:\/\/www.pickware.com\/app\/uploads\/2024\/01\/lead-einreichung-01-1.svg\" alt=\"lead-einreichung-01-1\"\/>\n            <\/div>\n        <\/div>\n    <\/div>\n<\/div>\n\n\n\n<div class=\"layout-space layout-space--article-page-level-1\"><\/div>\n\n\n\n<div class=\"teaser-detail-page-image \">\n            <div class=\"teaser-detail-page-image__wallpaper\" style=\"background-image:url()\" title=\"\"><\/div>\n        <div class=\"l-container\">\n        <div class=\"l-grid\">\n            <div class=\"l-grid__content\">\n                <div>\n                    <div class=\"teaser-detail-page-image__eyebrow\">\n                        2. Schritt                    <\/div>\n                    <div class=\"teaser-detail-page-image__heading\">Lead wird verifiziert &amp; kontaktiert<\/div>\n                <\/div>\n                <div class=\"teaser-detail-page-image__copy\"><p>Der von dir eingereichte Lead wird durch uns gepr\u00fcft und kontaktiert. Dabei erh\u00e4ltst du von uns regelm\u00e4\u00dfig Updates zum Fortschritt.<br \/>\n<!-- notionvc: 900a4b1c-4e34-4c1a-9f4d-47c7c6109132 --><\/p>\n<\/div>\n                                            <\/div>\n            <div class=\"l-grid__image\">\n                <img decoding=\"async\" class=\"teaser-detail-page-image__illustration\" src=\"https:\/\/www.pickware.com\/app\/uploads\/2024\/01\/lead-einreichung-02-1.svg\" alt=\"lead-einreichung-02-1\"\/>\n            <\/div>\n        <\/div>\n    <\/div>\n<\/div>\n\n\n\n<div class=\"layout-space layout-space--article-page-level-1\"><\/div>\n\n\n\n<div class=\"teaser-detail-page-image teaser-detail-page-image--reversed\">\n            <div class=\"teaser-detail-page-image__wallpaper\" style=\"background-image:url()\" title=\"\"><\/div>\n        <div class=\"l-container\">\n        <div class=\"l-grid\">\n            <div class=\"l-grid__content\">\n                <div>\n                    <div class=\"teaser-detail-page-image__eyebrow\">\n                        3. Schritt                    <\/div>\n                    <div class=\"teaser-detail-page-image__heading\">Pr\u00e4mie wird unkompliziert ausgezahlt<\/div>\n                <\/div>\n                <div class=\"teaser-detail-page-image__copy\"><p>Nach erfolgreicher Buchung durch den Kunden und einer Mindestlaufzeit von drei Monaten zahlen wir dir die Pr\u00e4mie aus.<\/p>\n<\/div>\n                                            <\/div>\n            <div class=\"l-grid__image\">\n                <img decoding=\"async\" class=\"teaser-detail-page-image__illustration\" src=\"https:\/\/www.pickware.com\/app\/uploads\/2024\/01\/lead-einreichung-03-1.svg\" alt=\"lead-einreichung-03-1\"\/>\n            <\/div>\n        <\/div>\n    <\/div>\n<\/div>\n\n\n\n<div class=\"layout-space layout-space--article-page-level-3\"><\/div>\n\n\n\n<div class=\"layout-space layout-space--article-page-level-2\"><\/div>\n\n\n\n<div class=\"teaser-highlight teaser-highlight--order-500\">\n    <div class=\"l-container\">\n        <div class=\"l-grid\">\n            <div class=\"l-grid__background\"><\/div>\n            <div class=\"l-grid__content\">\n                <div>\n                    <div class=\"teaser-highlight__eyebrow\">Werde Pickware Partner<\/div>\n                    <div class=\"teaser-highlight__heading\">Von weiteren Vorteilen profitieren!<\/div>\n                <\/div>\n                <div class=\"teaser-highlight__copy\"><p>Besuche eine unserer offiziellen Partner Schulungen, lerne uns pers\u00f6nlich oder digital kennen und werde Pickware Experte, um eure Kunden in Zukunft vollumf\u00e4nglich zu beraten.<\/p>\n<\/div>\n                                                    <div class=\"teaser-highlight__button-group\">\n                                                    <a class=\"teaser-highlight__button teaser-highlight__button--order-500 \" href=\"https:\/\/www.pickware.com\/de\/partner-werden\" target=\"\">\n                                Vorteile entdecken                            <\/a>\n                                            <\/div>\n                            <\/div>\n            <div class=\"l-grid__image\">\n                <img decoding=\"async\" class=\"teaser-highlight__illustration\" src=\"https:\/\/www.pickware.com\/app\/uploads\/2024\/01\/highlight-lead.svg\" alt=\"highlight-lead\"\/>\n            <\/div>\n        <\/div>\n    <\/div>\n<\/div>\n\n\n\n<div class=\"layout-space layout-space--article-page-level-1\"><\/div>\n\n\n\n<div class=\"layout-space layout-space--article-page-level-3\"><\/div>\n\n\n\n<div class=\"wp-block-group group-live-demo\"><div class=\"wp-block-group__inner-container is-layout-constrained wp-block-group-is-layout-constrained\">\n<div class=\"content-intro\">\n    <div class=\"l-container\">\n        <div class=\"l-grid\">\n            <div class=\"l-grid__item\">\n                <div>\n                    <div class=\"content-intro__eyebrow\">Kontakt<\/div>\n                    <div class=\"content-intro__heading\">Hast du weitere Fragen zum Vorgehen?<\/div>\n                <\/div>\n                <div class=\"content-intro__copy\"><\/div>\n            <\/div>\n        <\/div>\n    <\/div>\n<\/div>\n\n\n\n<div class=\"layout-space layout-space--article-page-level-3\"><\/div>\n\n\n\n<div class=\"content-contact\">\n    <div class=\"l-container\">\n        <div class=\"l-flex\">\n                            <div class=\"content-contact__item\">\n                                        <img decoding=\"async\" class=\"content-contact__icon\" src=\"https:\/\/www.pickware.com\/app\/uploads\/2021\/05\/phone-i900-bg-pw50.svg\" alt=\"phone-i900-bg-pw50\"\/>\n                    <div class=\"content-contact__link-and-time\">\n                        <a class=\"content-contact__link\" href=\"tel:+4961516293031\" target=\"\">+49 \u2027 6151 \u2027 629 30 31<\/a>\n                        <div class=\"content-contact__times\">Mo \u2013 Fr: 10:00 \u2013 18:00 Uhr<\/div>\n                    <\/div>\n                <\/div>\n                            <div class=\"content-contact__item\">\n                                        <img decoding=\"async\" class=\"content-contact__icon\" src=\"https:\/\/www.pickware.com\/app\/uploads\/2021\/05\/mail-i900-bg-pw50.svg\" alt=\"mail-i900-bg-pw50\"\/>\n                    <div class=\"content-contact__link-and-time\">\n                        <a class=\"content-contact__link\" href=\"mailto:partner@pickware.de\" target=\"\">partner@pickware.de<\/a>\n                        <div class=\"content-contact__times\"><\/div>\n                    <\/div>\n                <\/div>\n                    <\/div>\n    <\/div>\n<\/div>\n<\/div><\/div>\n\n\n\n<div class=\"layout-space layout-space--article-page-level-1\"><\/div>\n\n\n\n<div class=\"layout-space layout-space--article-page-level-3\"><\/div>\n\n\n\n<div class=\"wp-block-group tax-notice\"><div class=\"wp-block-group__inner-container is-layout-constrained wp-block-group-is-layout-constrained\">\n<style>\n.tax-notice .article-page-text-h4__copy p{\n    color: #788a9c;\n    font-size: 12px;\n    font-weight: 400;\n    letter-spacing: .21px;\n    line-height: 16px;\n    margin-bottom: 0;\n    margin-top: 8px;\n    text-align: right;\n}\n<\/style>\n\n\n\n<div class=\"article-page-text-h4\">\n    <div class=\"l-container\">\n        <div class=\"l-grid\">\n            <div class=\"l-grid__content\">\n                <div class=\"article-page-text-h4__heading\"><\/div>\n                <div class=\"article-page-text-h4__copy\"><p style=\"text-align: center;\">*bei der Best\u00e4tigung des Eingang des Leads durch Pickware &amp; der erfolgreichen Buchung bei einer Mindestlaufzeit von drei Monaten.<!-- notionvc: 7772dfb2-96ab-405b-aac6-afd9704b3c46 --><\/p>\n<\/div>\n            <\/div>\n        <\/div>\n    <\/div>\n<\/div>\n<\/div><\/div>\n\n\n\n<div class=\"layout-space layout-space--article-page-level-1\"><\/div>\n","protected":false},"excerpt":{"rendered":"","protected":false},"author":1,"featured_media":0,"parent":0,"menu_order":0,"comment_status":"closed","ping_status":"closed","template":"","meta":{"_acf_changed":false,"_stopmodifiedupdate":false,"_modified_date":"","footnotes":""},"class_list":["post-29999","page","type-page","status-publish","hentry"],"acf":[],"_links":{"self":[{"href":"https:\/\/www.pickware.com\/de\/wp-json\/wp\/v2\/pages\/29999","targetHints":{"allow":["GET"]}}],"collection":[{"href":"https:\/\/www.pickware.com\/de\/wp-json\/wp\/v2\/pages"}],"about":[{"href":"https:\/\/www.pickware.com\/de\/wp-json\/wp\/v2\/types\/page"}],"author":[{"embeddable":true,"href":"https:\/\/www.pickware.com\/de\/wp-json\/wp\/v2\/users\/1"}],"replies":[{"embeddable":true,"href":"https:\/\/www.pickware.com\/de\/wp-json\/wp\/v2\/comments?post=29999"}],"version-history":[{"count":248,"href":"https:\/\/www.pickware.com\/de\/wp-json\/wp\/v2\/pages\/29999\/revisions"}],"predecessor-version":[{"id":31110,"href":"https:\/\/www.pickware.com\/de\/wp-json\/wp\/v2\/pages\/29999\/revisions\/31110"}],"wp:attachment":[{"href":"https:\/\/www.pickware.com\/de\/wp-json\/wp\/v2\/media?parent=29999"}],"curies":[{"name":"wp","href":"https:\/\/api.w.org\/{rel}","templated":true}]}}