{"id":34623,"date":"2024-04-11T09:21:39","date_gmt":"2024-04-11T07:21:39","guid":{"rendered":"https:\/\/www.pickware.com\/?page_id=34623"},"modified":"2026-03-06T12:19:12","modified_gmt":"2026-03-06T11:19:12","slug":"onboarding-paket","status":"publish","type":"page","link":"https:\/\/www.pickware.com\/de\/onboarding-paket","title":{"rendered":"Onboarding Paket"},"content":{"rendered":"\n<style>\n    .tb1 {\n        color: rgb(55, 67, 79);\n        font-family: Roboto;\n        font-size: 18px;\n        font-weight: normal;\n        letter-spacing: 0.2px;\n        line-height: 28px;\n    }\n\n    .tb2 {\n        color: rgb(55, 67, 79);\n        font-family: Roboto;\n        font-size: 16px;\n        font-weight: normal;\n        letter-spacing: 0.3px;\n        line-height: 24px;\n    }\n\n    .tb3 {\n        color: rgb(55, 67, 79);\n        font-family: Roboto;\n        font-size: 14px;\n        font-weight: normal;\n        letter-spacing: 0.26px;\n        line-height: 20px;\n    }\n\n    .th2 {\n        color: var(--color--midnight);\n        font-family: Roboto;\n        font-size: 48px;\n        font-weight: 300;\n        letter-spacing: -0.5px;\n        line-height: 60px;\n        font-family: \"Fira Sans\";\n    }\n\n    .th4 {\n        color: rgb(40, 53, 147);\n        font-family: Roboto;\n        font-size: 24px;\n        font-weight: 500;\n        line-height: 32px;\n    }\n\n    .th5 {\n        color: rgb(40, 53, 147);\n        font-family: Roboto;\n        font-size: 20px;\n        font-weight: 500;\n        letter-spacing: 0.15px;\n        line-height: 28px;\n    }\n\n    .tbtn {\n        color: #fff;\n        font-family: Roboto;\n        font-size: 16px;\n        font-weight: 500;\n        letter-spacing: 0.5px;\n        line-height: 48px;\n    }\n\n    .tbtn a {\n        color: #fff;\n        font-family: Roboto;\n        text-decoration: none;\n    }\n\n    @media (min-width: 768px) and (max-width: 1223px) {\n        .tb1 {\n            font-size: 18px;\n            letter-spacing: 0.2px;\n            line-height: 28px;\n        }\n\n        .tb2 {\n            font-size: 16px;\n            letter-spacing: 0.3px;\n            line-height: 24px;\n        }\n\n        .tb3 {\n            font-size: 14px;\n            letter-spacing: 0.26px;\n            line-height: 20px;\n        }\n\n        .th2 {\n            font-size: 38px;\n            letter-spacing: -0.41px;\n            line-height: 48px;\n        }\n\n        .th4 {\n            font-size: 20px;\n            line-height: 28px;\n        }\n\n        .th5 {\n            font-size: 18px;\n            letter-spacing: 0.36px;\n            line-height: 28px;\n        }\n    }\n\n    @media (max-width: 767px) {\n        .tb1 {\n            font-size: 17px;\n            letter-spacing: 0.19px;\n            line-height: 26px;\n        }\n\n        .tb2 {\n            font-size: 15px;\n            letter-spacing: 0.28px;\n            line-height: 24px;\n        }\n\n        .tb3 {\n            font-size: 13px;\n            letter-spacing: 0.24px;\n            line-height: 20px;\n        }\n\n        .th2 {\n            font-size: 29px;\n            letter-spacing: -0.31px;\n            line-height: 36px;\n        }\n\n        .th4 {\n            font-size: 19px;\n            line-height: 28px;\n        }\n\n        .th5 {\n            font-size: 17px;\n            letter-spacing: 0.34px;\n            line-height: 26px;\n        }\n\n        .tbtn {\n            font-size: 15px;\n        }\n    }\n\n    .tmedium {\n        font-weight: 500;\n    }\n\n    .hcenter {\n        display: flex;\n        justify-content: center;\n    }\n<\/style>\n\n\n\n<div class=\"wp-block-group has-background\" style=\"background-color:#e7f7fd\"><div class=\"wp-block-group__inner-container is-layout-constrained wp-block-group-is-layout-constrained\">\n<div class=\"layout-space layout-space--content-page-level-2\"><\/div>\n\n\n\n<div class=\"hero-image-size-500 \">\n        <div class=\"l-container\">\n        <div class=\"l-grid\">\n            <div class=\"l-grid__content\">\n                <div class=\"hero-image-size-500__eyebrow\"><\/div>\n                <h1 class=\"hero-image-size-500__heading\">Onboarding-Paket<\/h1>\n                <div class=\"hero-image-size-500__copy\"><p class=\"p1\">Pickware schnell und optimal einsetzen \u2013 wir unterst\u00fctzen dich bei der Installation und Einrichtung, damit du im Handumdrehen mit Pickware starten kannst.<br \/>\n<!-- notionvc: 261d638f-0925-447b-811b-52427d90321d --><\/p>\n<\/div>\n                                            <\/div>\n            <div class=\"l-grid__image\">\n                <img decoding=\"async\" class=\"hero-image-size-500__illustration hero-image-size-500__illustration--text-length-normal\" src=\"https:\/\/www.pickware.com\/app\/uploads\/2024\/07\/onboarding_hero-03.svg\" alt=\"onboarding_hero-03\" \/>\n            <\/div>\n        <\/div>\n    <\/div>\n<\/div>\n\n\n\n<div class=\"layout-space layout-space--content-page-level-2\"><\/div>\n<\/div><\/div>\n\n\n\n<div class=\"layout-space layout-space--content-page-level-2\"><\/div>\n\n\n\n<div class=\"teaser-detail-page-image teaser-detail-page-image--reversed\">\n            <div class=\"teaser-detail-page-image__wallpaper\" style=\"background-image:url()\" title=\"\"><\/div>\n        <div class=\"l-container\">\n        <div class=\"l-grid\">\n            <div class=\"l-grid__content\">\n                <div>\n                    <div class=\"teaser-detail-page-image__eyebrow\">\n                                            <\/div>\n                    <div class=\"teaser-detail-page-image__heading\">F\u00fcr einen reibungslosen Start mit Pickware<\/div>\n                <\/div>\n                <div class=\"teaser-detail-page-image__copy\"><p>W\u00fcnschst du dir Unterst\u00fctzung bei der Einrichtung? Dann hol dir unser Onboarding-Paket! Wir sorgen mit unserer langj\u00e4hrigen Erfahrung daf\u00fcr, dass du in k\u00fcrzester Zeit produktiv mit Pickware arbeiten kannst. Unser Team begleitet dich w\u00e4hrend der ersten Wochen und steht dir mit umfassender Unterst\u00fctzung zur Seite, damit du Pickware optimal in deinem Unternehmen nutzen kannst.<\/p>\n<\/div>\n                                            <\/div>\n            <div class=\"l-grid__image\">\n                <img decoding=\"async\" class=\"teaser-detail-page-image__illustration\" src=\"https:\/\/www.pickware.com\/app\/uploads\/2024\/04\/lp-onbording-teaser@2x-02.png\" alt=\"lp-onbording-teaser@2x-02\"\/>\n            <\/div>\n        <\/div>\n    <\/div>\n<\/div>\n\n\n\n<div class=\"layout-space layout-space--content-page-level-2\"><\/div>\n\n\n\n<div class=\"layout-space layout-space--content-page-level-2\"><\/div>\n\n\n\n<style>\n    .angebot--steps {\n        display: grid;\n        grid-template-columns: 400px 1fr;\n        gap: 32px;\n        max-width: 1176px;\n        margin: 0 32px;\n    }\n\n    @media (max-width: 1223px) {\n        .angebot--steps {\n            grid-template-columns: 1fr;\n        }\n    }\n\n    h2.th2 {\n        height: min-content;\n        position: sticky;\n        top: 32px;\n    }\n\n    @media (max-width: 1223px) {\n        h2.th2 {\n            height: min-content;\n            position: relative;\n            top: auto;\n        }\n    }\n\n    .angebot--steps--content {\n        margin-left: 16px;\n    }\n\n    .angebot--steps--item {\n        display: grid;\n        grid-template-columns: 32px 1fr;\n        gap: 24px;\n        border-left: 2px solid #ECEEF1;\n        padding-bottom: 32px;\n    }\n\n    .angebot--steps--item--number {\n        background: #CFD6DC;\n        display: inline-flex;\n        height: 32px;\n        width: 32px;\n        border-radius: 50%;\n        text-align: center;\n        justify-content: center;\n        align-items: center;\n        margin-left: -16px;\n        color: #fff;\n    }\n\n    .done-item .angebot--steps--item--number {\n        background-color: #66BB6A;\n    }\n\n    .done-item .angebot--steps--item--text .tb1 {\n        color: var(--color--midnight);\n    }\n\n    .done-item {\n        border-left: 2px solid #C8E6C9;\n    }\n\n    .last-item {\n        border-left: 2px solid white;\n    }\n\n    @media (max-width: 767px) {\n        .angebot--steps {\n            max-width: 377px;\n        }\n    }\n\n    @media (min-width: 768px) and (max-width: 983px) {\n        .angebot--steps {\n            max-width: 472px;\n        }\n    }\n\n    @media (min-width: 984px) and (max-width: 1223px) {\n        .angebot--steps {\n            max-width: 936px;\n        }\n    }\n<\/style>\n\n<div class=\"hcenter\">\n    <div class=\"angebot--steps\">\n        <h2 class=\"th2\">Unser Onboarding Plan<\/h2>\n        <div class=\"angebot--steps--content\">\n            <div class=\"angebot--steps--item done-item\">\n                <div class=\"angebot--steps--item--number tb3 tmedium\">1<\/div>\n                <div class=\"angebot--steps--item--text\">\n                    <p class=\"tb1 tmedium\"><span>Kick-Off<\/span><\/p>\n                    <p class=\"tb2\">Wir besprechen gemeinsam die Ziele und Herausforderung deines Unternehmens und entscheiden gemeinsam, wie du Pickware am Besten einsetzen kannst.<\/p>\n                <\/div>\n            <\/div>\n            <div class=\"angebot--steps--item done-item\">\n                <div class=\"angebot--steps--item--number tb3 tmedium\">2<\/div>\n                <div class=\"angebot--steps--item--text\">\n                    <p class=\"tb1 tmedium\">Konfiguration<\/p>\n                    <p class=\"tb2\">Wir gehen zusammen mit dir alle Einrichtungsschritte von Pickware durch.<\/p>\n                <\/div>\n            <\/div>\n            <div class=\"angebot--steps--item done-item\">\n                <div class=\"angebot--steps--item--number tb3 tmedium\">3<\/div>\n                <div class=\"angebot--steps--item--text\">\n                    <p class=\"tb1 tmedium\">Einf\u00fchrungsschulung<\/p>\n                    <p class=\"tb2\"> In einer interaktiven Schulung zeigen wir dir und deinen Mitarbeitern die f\u00fcr euch\n                        wichtigsten Pickware Funktionen und gehen auf alle Fragen individuell ein.<\/p>\n                <\/div>\n            <\/div>\n            <div class=\"angebot--steps--item done-item\">\n                <div class=\"angebot--steps--item--number tb3 tmedium\">4<\/div>\n                <div class=\"angebot--steps--item--text\">\n                    <p class=\"tb1 tmedium\">Weitere Schulungen<\/p>\n                    <p class=\"tb2\">Es sind Fragen offen geblieben oder dein Team w\u00fcnscht sich eine weitere Schulung \u00fcber\n                        tiefergehende Inhalte? In bis zu drei weiteren Schlungsterminen nehmen wir uns Zeit, alle eure\n                        Fragen zu kl\u00e4ren. Die Inhalte der Schulungen bestimmen wir individuell anhand eures Bedarfs.<\/p>\n                <\/div>\n            <\/div>\n            <div class=\"angebot--steps--item done-item\">\n                <div class=\"angebot--steps--item--number tb3 tmedium\">5<\/div>\n                <div class=\"angebot--steps--item--text\">\n                    <p class=\"tb1 tmedium\">Kontinuierliche Unterst\u00fctzung<\/p>\n                    <p class=\"tb2\">Wir bleiben in regelm\u00e4\u00dfigem Kontakt, um sicherzustellen, dass du stets Hilfe\n                        erh\u00e4ltst, wenn du sie brauchst. Du kannst jederzeit einen Termin mit uns vereinbaren, um Fragen\n                        zu stellen oder Unterst\u00fctzung zu erhalten.<\/p>\n                <\/div>\n            <\/div>\n            <div class=\"angebot--steps--item done-item last-item\">\n                <div class=\"angebot--steps--item--number tb3 tmedium\">6<\/div>\n                <div class=\"angebot--steps--item--text\">\n                    <p class=\"tb1 tmedium\">Optimierungsempfehlungen<\/p>\n                    <p class=\"tb2\">Wir helfen dir dabei, deine Prozesse zu optimieren und noch effizienter zu arbeiten.\n                    <\/p>\n                <\/div>\n            <\/div>\n\n        <\/div>\n    <\/div>\n<\/div>\n\n\n\n<div class=\"layout-space layout-space--content-page-level-2\"><\/div>\n\n\n\n<div class=\"wp-block-group has-background\" style=\"background-color:#e7f7fd\"><div class=\"wp-block-group__inner-container is-layout-constrained wp-block-group-is-layout-constrained\">\n<div class=\"layout-space layout-space--content-page-level-2\"><\/div>\n\n\n\n<div class=\"layout-space layout-space--article-page-level-3\"><\/div>\n\n\n\n<!--\n<style>\n.angebot--steps--item {\n  animation-timeline: view();\n  animation-name: appear;\n  animation-fill-mode: both;\n  animation-duration: 500ms; \/* Firefox requires this to apply the animation *\/\n  animation-range: cover 0% cover 16%\n}\n\nbody{\n  overflow-x: hidden;\n}\n\n@keyframes appear {\n  from {\n    opacity: 0.0;\n    margin-left: 50vw;\n  }\n\n  to {\n    opacity: 1;\n    margin-left: 0vw;\n  }\n}\n\n.angebot--steps--item {\n    max-width: 726px;\n}\n<\/style>\n-->\n\n\n\n<style>\n    .onboarding-cta {\n        display: flex;\n        gap: 64px;\n        max-width: 1176px;\n        width: 100%;\n        margin: 0 32px;\n        align-items: center;\n    }\n\n    .onboarding-cta--text {\n        width: 100%;\n    }\n\n    .onboarding-cta--price-card {\n        background-color: #040B45;\n        width: 100%;\n        max-width: 300px;\n        padding: 48px;\n        border-radius: 32px;\n        text-decoration: none;\n    }\n\n    .onboarding-cta--price-card--txt {\n        padding: 0 0 48px 0;\n        text-align: center;\n    }\n\n    .onboarding-cta--price-card--txt--paket {\n        color: #91C8FF;\n    }\n\n    .onboarding-cta--price-card--txt--price {\n        color: #fff;\n    }\n\n    .onboarding-cta--price-card--txt--mwst {\n        color: #788B9C;\n    }\n\n    .onboarding-cta--price-card--btn {\n        background-color: #04C853;\n        border-radius: 4px;\n        text-align: center;\n    }\n\n    .onboarding-cta--price-card:hover .onboarding-cta--price-card--btn {\n        background-color: #19a6eb;\n        transition: all 0.1s ease-in;\n    }\n\n    .onboarding-cta--price-card:hover {\n        scale: 1.03;\n        transition: all 0.1s ease-in;\n    }\n\n    @media (max-width: 767px) {\n        .onboarding-cta {\n            flex-direction: column;\n        }\n\n        .onboarding-cta {\n            max-width: 377px;\n            box-sizing: border-box;\n        }\n\n        .onboarding-cta--price-card {\n            max-width: 100%;\n            box-sizing: border-box;\n        }\n    }\n\n    @media (min-width: 768px) and (max-width: 983px) {\n        .onboarding-cta {\n            flex-direction: column;\n        }\n\n        .onboarding-cta {\n            max-width: 472px;\n        }\n\n        .onboarding-cta--price-card {\n            max-width: 100%;\n            box-sizing: border-box;\n        }\n    }\n\n    @media (min-width: 984px) and (max-width: 1223px) {\n        .onboarding-cta {\n            max-width: 936px;\n        }\n    }\n<\/style>\n\n<div class=\"hcenter\">\n    <div class=\"onboarding-cta\">\n        <div class=\"onboarding-cta--text\">\n            <h2 class=\"th2\">Buche jetzt dein Onboarding-Paket<\/h2>\n            <p class=\"tb1\">Unser Onboarding-Paket stellen wir dir als Serviceleistung einmalig in Rechnung. Die monatlichen Lizenzgeb\u00fchren f\u00fcr Pickware erh\u00f6hen sich f\u00fcr dich nicht.<\/p>\n        <\/div>\n        <a href=\"https:\/\/www.pickware.com\/de\/kontakt\" target=\"_blank\" class=\"onboarding-cta--price-card\" rel=\"noopener\">\n            <div class=\"onboarding-cta--price-card--txt\">\n                <p class=\"tb1 onboarding-cta--price-card--txt--paket\">Onboarding-Paket<\/p>\n                <p class=\"th2 tmedium onboarding-cta--price-card--txt--price\">ab 3.250 \u20ac<\/p>\n                <p class=\"tb3 onboarding-cta--price-card--txt--mwst\">zzgl. MwSt.<\/p>\n            <\/div>\n            <p class=\"tbtn onboarding-cta--price-card--btn\">Jetzt anfragen<\/p>\n        <\/a>\n    <\/div>\n<\/div>\n\n\n\n<div class=\"layout-space layout-space--article-page-level-3\"><\/div>\n\n\n\n<div class=\"layout-space layout-space--content-page-level-2\"><\/div>\n<\/div><\/div>\n\n\n\n<div class=\"wp-block-group has-background\" style=\"background-color:#d8f2fc\"><div class=\"wp-block-group__inner-container is-layout-constrained wp-block-group-is-layout-constrained\">\n<div class=\"layout-space layout-space--content-page-level-2\"><\/div>\n\n\n\n<div class=\"content-images-max-width\">\n        <div class=\"l-container\">\n        <div class=\"l-grid\">\n            <div class=\"l-grid__image\">\n                <img decoding=\"async\" class=\"image-max-width__image image-max-width__image--small\" src=\"https:\/\/www.pickware.com\/app\/uploads\/2024\/04\/lp-onbording-kunden-mobil-01@2x.png\" alt=\"lp-onbording-kunden-mobil-01@2x\" \/>\n                <img decoding=\"async\" class=\"image-max-width__image image-max-width__image--large\" src=\"https:\/\/www.pickware.com\/app\/uploads\/2024\/04\/lp-onbording-kunden-desktop-01@2x.png\" alt=\"lp-onbording-kunden-desktop-01@2x\" \/>\n            <\/div>\n        <\/div>\n    <\/div>\n<\/div>\n\n\n\n<div class=\"layout-space layout-space--content-page-level-2\"><\/div>\n<\/div><\/div>\n","protected":false},"excerpt":{"rendered":"<p>Unser Onboarding Plan 1 Kick-Off Wir besprechen gemeinsam die Ziele und Herausforderung deines Unternehmens und entscheiden gemeinsam, wie du Pickware am Besten einsetzen kannst. 2 Konfiguration Wir gehen zusammen mit dir alle Einrichtungsschritte von Pickware durch. 3 Einf\u00fchrungsschulung In einer interaktiven Schulung zeigen wir dir und deinen Mitarbeitern die f\u00fcr euch wichtigsten Pickware Funktionen und [&hellip;]<\/p>\n","protected":false},"author":7,"featured_media":0,"parent":0,"menu_order":0,"comment_status":"closed","ping_status":"closed","template":"","meta":{"_acf_changed":false,"_stopmodifiedupdate":false,"_modified_date":"","footnotes":""},"class_list":["post-34623","page","type-page","status-publish","hentry"],"acf":[],"_links":{"self":[{"href":"https:\/\/www.pickware.com\/de\/wp-json\/wp\/v2\/pages\/34623","targetHints":{"allow":["GET"]}}],"collection":[{"href":"https:\/\/www.pickware.com\/de\/wp-json\/wp\/v2\/pages"}],"about":[{"href":"https:\/\/www.pickware.com\/de\/wp-json\/wp\/v2\/types\/page"}],"author":[{"embeddable":true,"href":"https:\/\/www.pickware.com\/de\/wp-json\/wp\/v2\/users\/7"}],"replies":[{"embeddable":true,"href":"https:\/\/www.pickware.com\/de\/wp-json\/wp\/v2\/comments?post=34623"}],"version-history":[{"count":120,"href":"https:\/\/www.pickware.com\/de\/wp-json\/wp\/v2\/pages\/34623\/revisions"}],"predecessor-version":[{"id":46983,"href":"https:\/\/www.pickware.com\/de\/wp-json\/wp\/v2\/pages\/34623\/revisions\/46983"}],"wp:attachment":[{"href":"https:\/\/www.pickware.com\/de\/wp-json\/wp\/v2\/media?parent=34623"}],"curies":[{"name":"wp","href":"https:\/\/api.w.org\/{rel}","templated":true}]}}