{"id":36773,"date":"2024-07-17T14:56:56","date_gmt":"2024-07-17T12:56:56","guid":{"rendered":"https:\/\/www.pickware.com\/?page_id=36773"},"modified":"2024-07-23T10:40:20","modified_gmt":"2024-07-23T08:40:20","slug":"webinar-how-to-perfektes-lager-fur-onlineshops","status":"publish","type":"page","link":"https:\/\/www.pickware.com\/de\/webinar-how-to-perfektes-lager-fur-onlineshops","title":{"rendered":"Webinar: How-to: Perfektes Lager f\u00fcr Onlineshops"},"content":{"rendered":"\n<div class=\"layout-space layout-space--content-page-level-2\"><\/div>\n\n\n\n<div class=\"hero-image-size-500 \">\n            <div class=\"hero-image-size-500__wallpaper hero-image-size-500__wallpaper--text-length-normal\" style=\"background-image:url(https:\/\/www.pickware.com\/app\/uploads\/2023\/08\/datev-webinar-hero_back@2x.png)\" title=\"\"><\/div>\n        <div class=\"l-container\">\n        <div class=\"l-grid\">\n            <div class=\"l-grid__content\">\n                <div class=\"hero-image-size-500__eyebrow\">Webinar<\/div>\n                <h1 class=\"hero-image-size-500__heading\">How-to: Perfektes Lager f\u00fcr Onlineshops<\/h1>\n                <div class=\"hero-image-size-500__copy\"><p>01. August um 16:00 Uhr<\/p>\n<\/div>\n                                            <\/div>\n            <div class=\"l-grid__image\">\n                <img decoding=\"async\" class=\"hero-image-size-500__illustration hero-image-size-500__illustration--text-length-normal\" src=\"https:\/\/www.pickware.com\/app\/uploads\/2024\/06\/perfektes-lager-webinar-hero@2x.png\" alt=\"perfektes-lager-webinar-hero@2x\" \/>\n            <\/div>\n        <\/div>\n    <\/div>\n<\/div>\n\n\n\n<div class=\"layout-space layout-space--content-page-level-2\"><\/div>\n\n\n\n<div class=\"layout-space layout-space--content-page-level-2\"><\/div>\n\n\n\n<div class=\"article-page-text-h3\">\n    <div class=\"l-container\">\n        <div class=\"l-grid\">\n            <div class=\"l-grid__content\">\n                <div>\n                    <div class=\"article-page-text-h3__eyebrow\"><\/div>\n                    <div class=\"article-page-text-h3__heading\">Das erwartet dich<\/div>\n                <\/div>\n                <div class=\"article-page-text-h3__copy\"><p>Am 01. August legen wir den Fokus auf dein Lager. Um 16:00 Uhr erkl\u00e4rt dir der Experte Tim Schirrmacher von DREIKON alles, was du f\u00fcr dein perfektes Lager wissen musst. Sei gespannt auf n\u00fctzliche Tipps rund um Themen wie Aufbau, Bereiche, Lagerpl\u00e4tze, digitale Infrastruktur und Abl\u00e4ufe und jede Menge Best Practices aus der Praxis.<\/p>\n<p>&nbsp;<\/p>\n<p>Verpasse nicht die Chance, dein Lager zu perfektionieren!<\/p>\n<\/div>\n            <\/div>\n        <\/div>\n    <\/div>\n<\/div>\n\n\n\n<div class=\"layout-space layout-space--article-page-level-3\"><\/div>\n\n\n<script id=\"c-overlay\" type=\"text\/html\">\n    <div class=\"c-overlay\" @click=\"$emit('close')\">\n        <div class=\"c-overlay__content\">\n            <div class=\"c-overlay__close-button\" @click=\"$emit('close')\"><\/div>\n            <slot><\/slot>\n        <\/div>\n    <\/div>\n<\/script>\n\n<script type=\"text\/javascript\">\n    Vue.component(\"c-overlay\", {\n        template: \"#c-overlay\",\n        mounted() {\n            disallowPageScroll();\n        },\n        destroyed() {\n            allowPageScroll();\n        },\n    });\n<\/script>\n\n<div id=\"teaser-videos-advanced-69d9d94529b61\" class=\"teaser-videos-advanced\">\n    <div class=\"l-container\">\n        <div class=\"l-flex\">\n                            <div class=\"l-flex__item l-flex__item--big \" @click=\"showVideoDialogueForId(984205303)\">\n                    <div class=\"teaser-videos-advanced__item\">\n                        <div class=\"teaser-videos-advanced__background teaser-videos-advanced__background--default\">\n                                                            <picture class=\"teaser-videos-advanced__illustration\">\n                                                                        <source srcset=\"https:\/\/www.pickware.com\/app\/uploads\/2024\/07\/sm-webinar-perfektes-lager-1200x628-1.png\" media=\"all and (max-width: 1223px)\"\/>\n                                    <img decoding=\"async\" src=\"\" alt=\"sm-webinar-perfektes-lager-1200x628-1\"\/>\n                                <\/picture>\n                                                    <\/div>\n                        <div class=\"teaser-videos-advanced__background teaser-videos-advanced__background--viewport-xl\">\n                                                                                            <picture class=\"teaser-videos-advanced__illustration\">\n                                    <source srcset=\"https:\/\/www.pickware.com\/app\/uploads\/2024\/07\/sm-webinar-perfektes-lager-1200x628-1.png\" media=\"all and (min-width: 1224px)\" \/>\n                                    <img decoding=\"async\" src=\"\" alt=\"sm-webinar-perfektes-lager-1200x628-1\"\/>\n                                <\/picture>\n                                                    <\/div>\n                        <div class=\"teaser-videos-advanced__play-button-wrapper\">\n                            <div class=\"teaser-videos-advanced__play-button teaser-videos-advanced__play-button--pulse \"><\/div>\n                        <\/div>\n                        <div class=\"teaser-videos-advanced__label\">\n                            <div>\n                                                                                            <\/div>\n                        <\/div>\n                    <\/div>\n                <\/div>\n                    <\/div>\n    <\/div>\n\n    <c-overlay v-if=\"showVideoDialogue\" @close=\"showVideoDialogue = false\">\n        <div class=\"teaser-videos-advanced__center\">\n            <div class=\"l-container\">\n                <iframe class=\"teaser-videos-advanced__video\" :src=\"`https:\/\/player.vimeo.com\/video\/${vimeoId}?autoplay=1&#038;dnt=1`\" frameborder=\"0\" allow=\"autoplay;\" allowfullscreen><\/iframe>\n            <\/div>\n        <\/div>\n    <\/c-overlay>\n<\/div>\n\n<script type=\"text\/javascript\">\n    jQuery(function($) {\n        new Vue({\n            el: '#teaser-videos-advanced-69d9d94529b61',\n            data: {\n                showVideoDialogue: false,\n                vimeoId: null,\n            },\n\n            mounted: function() {\n                if (window.dataLayer) {\n                    window.dataLayer.push({\n                        'event': 'play-video'\n                    });\n                }\n            },\n\n            methods: {\n                showVideoDialogueForId(vimeoId) {\n                    this.vimeoId = vimeoId\n                    this.showVideoDialogue = true\n                }\n            }\n        })\n    })\n<\/script>\n\n\n\n<div class=\"layout-space layout-space--article-page-level-3\"><\/div>\n\n\n\n<div class=\"article-page-list-checklist\">\n    <div class=\"l-container\">\n        <div class=\"l-grid\">\n            <div class=\"l-grid__content\">\n                                    <div class=\"article-page-list-checklist__eyebrow\">HIGHLIGHTS<\/div>\n                    <ul class=\"article-page-list-checklist__list\">\n                                                    <li>\n                                <div>Allgemeiner Aufbau eines Lagers<\/div>\n                            <\/li>\n                                                    <li>\n                                <div>Unterschied B2C \u2260 B2B Lager<\/div>\n                            <\/li>\n                                                    <li>\n                                <div>Bereiche und Lagerpl\u00e4tze<\/div>\n                            <\/li>\n                                                    <li>\n                                <div>Digitale Infrastruktur<\/div>\n                            <\/li>\n                                                    <li>\n                                <div>Einrichtung des Lagers mit Pickware<\/div>\n                            <\/li>\n                                                    <li>\n                                <div>Abl\u00e4ufe im Lager<\/div>\n                            <\/li>\n                                            <\/ul>\n                            <\/div>\n        <\/div>\n    <\/div>\n<\/div>\n\n\n\n<div class=\"layout-space layout-space--article-page-level-1\"><\/div>\n\n\n\n<div class=\"content-intro\">\n    <div class=\"l-container\">\n        <div class=\"l-grid\">\n            <div class=\"l-grid__item\">\n                <div>\n                    <div class=\"content-intro__eyebrow\"><\/div>\n                    <div class=\"content-intro__heading\"><\/div>\n                <\/div>\n                <div class=\"content-intro__copy\"><p>Das Webinar findet am 01. August um 16:00 Uhr statt.<\/p>\n<\/div>\n            <\/div>\n        <\/div>\n    <\/div>\n<\/div>\n\n\n\n<div class=\"layout-space layout-space--article-page-level-3\"><\/div>\n\n\n\n<script charset=\"utf-8\" type=\"text\/javascript\" src=\"\/\/js-eu1.hsforms.net\/forms\/embed\/v2.js\"><\/script>\n<div class=\"forms-content\">\n  <div class=\"hubspot-forms\">\n    <script>\n      hbspt.forms.create({\n        region: \"eu1\",\n        portalId: \"26748939\",\n        formId: \"5daf1e74-3a2d-4010-b77c-e71b1b20372c\"\n      });\n    <\/script>\n  <\/div>\n<\/div>\n<style>\n.forms-content {\ndisplay: block;\nposition: relative;\nmax-width: 808px;\nmargin: 0 auto;\npadding: 64px;\nborder-radius: 4px;\nborder: 1px solid #d8f2fc;\nbackground-color: #ebf8fd;\nbox-shadow: 0px 8px 24px 0px rgba(69,85,100,.08), 0px 0px 6px 0px rgba(40,53,147,.08);\n}\n.hubspot-forms {\ndisplay: block;\nposition: relative;\nmax-width: 720px;\nmargin: 0 auto;\npadding: 24px;\n}\n.hs-input {\nbackground-color: #ffffff !important;\n}\n<\/style>\n<script type=\"text\/javascript\">\n  window.addEventListener(\"message\", function(event) {\n    if(event.data.type === 'hsFormCallback' && event.data.eventName === 'onFormSubmitted') {\n      window.dataLayer.push({\n        'event': 'hubspot-form-success'\n      });\n    }\n  });\n<\/script>\n\n\n\n<div class=\"layout-space layout-space--content-page-level-2\"><\/div>\n\n\n\n<div class=\"layout-space layout-space--content-page-level-1\"><\/div>\n","protected":false},"excerpt":{"rendered":"","protected":false},"author":2,"featured_media":36700,"parent":0,"menu_order":0,"comment_status":"closed","ping_status":"closed","template":"","meta":{"_acf_changed":false,"_stopmodifiedupdate":false,"_modified_date":"","footnotes":""},"class_list":["post-36773","page","type-page","status-publish","has-post-thumbnail","hentry"],"acf":[],"_links":{"self":[{"href":"https:\/\/www.pickware.com\/de\/wp-json\/wp\/v2\/pages\/36773","targetHints":{"allow":["GET"]}}],"collection":[{"href":"https:\/\/www.pickware.com\/de\/wp-json\/wp\/v2\/pages"}],"about":[{"href":"https:\/\/www.pickware.com\/de\/wp-json\/wp\/v2\/types\/page"}],"author":[{"embeddable":true,"href":"https:\/\/www.pickware.com\/de\/wp-json\/wp\/v2\/users\/2"}],"replies":[{"embeddable":true,"href":"https:\/\/www.pickware.com\/de\/wp-json\/wp\/v2\/comments?post=36773"}],"version-history":[{"count":6,"href":"https:\/\/www.pickware.com\/de\/wp-json\/wp\/v2\/pages\/36773\/revisions"}],"predecessor-version":[{"id":36884,"href":"https:\/\/www.pickware.com\/de\/wp-json\/wp\/v2\/pages\/36773\/revisions\/36884"}],"wp:featuredmedia":[{"embeddable":true,"href":"https:\/\/www.pickware.com\/de\/wp-json\/wp\/v2\/media\/36700"}],"wp:attachment":[{"href":"https:\/\/www.pickware.com\/de\/wp-json\/wp\/v2\/media?parent=36773"}],"curies":[{"name":"wp","href":"https:\/\/api.w.org\/{rel}","templated":true}]}}