{"id":38769,"date":"2024-12-09T14:48:05","date_gmt":"2024-12-09T13:48:05","guid":{"rendered":"https:\/\/www.pickware.com\/?page_id=38769"},"modified":"2024-12-10T16:28:15","modified_gmt":"2024-12-10T15:28:15","slug":"kunden-werben-kunden","status":"publish","type":"page","link":"https:\/\/www.pickware.com\/de\/kunden-werben-kunden","title":{"rendered":"Kunden werben Kunden"},"content":{"rendered":"\n<div class=\"layout-space layout-space--content-page-level-2\"><\/div>\n\n\n\n<div class=\"hero-image-size-500 \">\n        <div class=\"l-container\">\n        <div class=\"l-grid\">\n            <div class=\"l-grid__content\">\n                <div class=\"hero-image-size-500__eyebrow\">Kunden werben Kunden<\/div>\n                <h1 class=\"hero-image-size-500__heading\">Happy mit Pickware? Dann spread the word!<\/h1>\n                <div class=\"hero-image-size-500__copy\"><p>Teile deine Erfahrung und erhalte als Dankesch\u00f6n einen Gratismonat\u00b9 f\u00fcr dich und den geworbenen H\u00e4ndler!<\/p>\n<\/div>\n                                                    <div class=\"hero-image-size-500__button-group\">\n                                                    <a class=\"hero-image-size-500__button hero-image-size-500__button--order-500 \" href=\"#Form\" target=\"\">\n                                Jetzt werben                            <\/a>\n                                            <\/div>\n                            <\/div>\n            <div class=\"l-grid__image\">\n                <img decoding=\"async\" class=\"hero-image-size-500__illustration hero-image-size-500__illustration--text-length-normal\" src=\"https:\/\/www.pickware.com\/app\/uploads\/2024\/11\/web-hero-kunden-werben-kunden_front-05@2x.png\" alt=\"web-hero-kunden-werben-kunden_front-05@2x\" \/>\n            <\/div>\n        <\/div>\n    <\/div>\n<\/div>\n\n\n\n<div class=\"layout-space layout-space--content-page-level-2\"><\/div>\n\n\n\n<div class=\"layout-space layout-space--article-page-level-3\"><\/div>\n\n\n\n<div class=\"article-page-text-h3\">\n    <div class=\"l-container\">\n        <div class=\"l-grid\">\n            <div class=\"l-grid__content\">\n                <div>\n                    <div class=\"article-page-text-h3__eyebrow\"><\/div>\n                    <div class=\"article-page-text-h3__heading\">Du feierst Pickware? Erz\u00e4hl\u2019s weiter und sichere dir einen Gratismonat!<\/div>\n                <\/div>\n                <div class=\"article-page-text-h3__copy\"><p>Gerade im E-Commerce sind Netzwerken und der Austausch zwischen H\u00e4ndlern, besonders bei Tool-Entscheidungen, super wichtig. Au\u00dferdem sind Empfehlungen von zufriedenen Kunden f\u00fcr uns die wertvollste und authentischste Werbung.<\/p>\n<p>&nbsp;<\/p>\n<p>Und daf\u00fcr m\u00f6chten wir uns bei dir revanchieren: <strong>Sowohl du als auch der geworbene H\u00e4ndler erhalten einen Gratismonat als Dankesch\u00f6n.<\/strong><\/p>\n<\/div>\n            <\/div>\n        <\/div>\n    <\/div>\n<\/div>\n\n\n\n<div class=\"layout-space layout-space--article-page-level-3\"><\/div>\n\n\n\n<div class=\"article-page-list-checklist\">\n    <div class=\"l-container\">\n        <div class=\"l-grid\">\n            <div class=\"l-grid__content\">\n                                    <div class=\"article-page-list-checklist__eyebrow\">So einfach geht\u2019s:<\/div>\n                    <ul class=\"article-page-list-checklist__list\">\n                                                    <li>\n                                <div>Trag den geworbenen H\u00e4ndler ins Formular ein<\/div>\n                            <\/li>\n                                                    <li>\n                                <div>Wir best\u00e4tigen dir kurz den Eingang und k\u00fcmmern uns um den Rest<\/div>\n                            <\/li>\n                                                    <li>\n                                <div>Sobald der H\u00e4ndler Pickware Kunde wird, erhaltet ihr beide einen kostenlosen Monat<\/div>\n                            <\/li>\n                                            <\/ul>\n                            <\/div>\n        <\/div>\n    <\/div>\n<\/div>\n\n\n\n<div class=\"layout-space layout-space--article-page-level-1\"><\/div>\n\n\n\n<div class=\"content-intro\">\n    <div class=\"l-container\">\n        <div class=\"l-grid\">\n            <div class=\"l-grid__item\">\n                <div>\n                    <div class=\"content-intro__eyebrow\">Jetzt werben<\/div>\n                    <div class=\"content-intro__heading\">H\u00e4ndler eintragen<\/div>\n                <\/div>\n                <div class=\"content-intro__copy\"><p>Trage deine Daten und die Daten des H\u00e4ndlers, den du wirbst, ins Formular ein.<\/p>\n<\/div>\n            <\/div>\n        <\/div>\n    <\/div>\n<\/div>\n\n\n\n<div class=\"layout-space layout-space--article-page-level-3\"><\/div>\n\n\n\n<script charset=\"utf-8\" type=\"text\/javascript\" src=\"\/\/js-eu1.hsforms.net\/forms\/embed\/v2.js\"><\/script>\n<div id=\"Form\" class=\"forms-content\">\n  <div class=\"hubspot-forms\">\n    <script>\n      hbspt.forms.create({\n        region: \"eu1\",\n        portalId: \"26748939\",\n        formId: \"6d38709f-5ba3-4d16-b51a-35f80a1571f0\"\n      });\n    <\/script>\n  <\/div>\n<\/div>\n<style>\n.forms-content {\ndisplay: block;\nposition: relative;\nmax-width: 808px;\nmargin: 0 auto;\npadding: 64px;\nborder-radius: 4px;\nborder: 1px solid #d8f2fc;\nbackground-color: #ebf8fd;\nbox-shadow: 0px 8px 24px 0px rgba(69,85,100,.08), 0px 0px 6px 0px rgba(40,53,147,.08);\n}\n.hubspot-forms {\ndisplay: block;\nposition: relative;\nmax-width: 720px;\nmargin: 0 auto;\npadding: 24px;\n}\n.hs-input {\nbackground-color: #ffffff !important;\n}\n<\/style>\n<script type=\"text\/javascript\">\n  window.addEventListener(\"message\", function(event) {\n    if(event.data.type === 'hsFormCallback' && event.data.eventName === 'onFormSubmitted') {\n      window.dataLayer.push({\n        'event': 'hubspot-form-success'\n      });\n    }\n  });\n<\/script>\n\n\n\n<div class=\"layout-space layout-space--content-page-level-2\"><\/div>\n\n\n\n<div class=\"article-page-text-h3\">\n    <div class=\"l-container\">\n        <div class=\"l-grid\">\n            <div class=\"l-grid__content\">\n                <div>\n                    <div class=\"article-page-text-h3__eyebrow\"><\/div>\n                    <div class=\"article-page-text-h3__heading\"><\/div>\n                <\/div>\n                <div class=\"article-page-text-h3__copy\"><p>\u00b9Der maximale Wert des Gratismonats entspricht der Jahresgeb\u00fchr des geworbenen Kunden.<\/p>\n<\/div>\n            <\/div>\n        <\/div>\n    <\/div>\n<\/div>\n\n\n\n<div class=\"layout-space layout-space--content-page-level-2\"><\/div>\n\n\n\n<div class=\"layout-space layout-space--content-page-level-2\"><\/div>\n","protected":false},"excerpt":{"rendered":"","protected":false},"author":1,"featured_media":0,"parent":0,"menu_order":0,"comment_status":"closed","ping_status":"closed","template":"","meta":{"_acf_changed":false,"_stopmodifiedupdate":false,"_modified_date":"","footnotes":""},"class_list":["post-38769","page","type-page","status-publish","hentry"],"acf":[],"_links":{"self":[{"href":"https:\/\/www.pickware.com\/de\/wp-json\/wp\/v2\/pages\/38769","targetHints":{"allow":["GET"]}}],"collection":[{"href":"https:\/\/www.pickware.com\/de\/wp-json\/wp\/v2\/pages"}],"about":[{"href":"https:\/\/www.pickware.com\/de\/wp-json\/wp\/v2\/types\/page"}],"author":[{"embeddable":true,"href":"https:\/\/www.pickware.com\/de\/wp-json\/wp\/v2\/users\/1"}],"replies":[{"embeddable":true,"href":"https:\/\/www.pickware.com\/de\/wp-json\/wp\/v2\/comments?post=38769"}],"version-history":[{"count":40,"href":"https:\/\/www.pickware.com\/de\/wp-json\/wp\/v2\/pages\/38769\/revisions"}],"predecessor-version":[{"id":39456,"href":"https:\/\/www.pickware.com\/de\/wp-json\/wp\/v2\/pages\/38769\/revisions\/39456"}],"wp:attachment":[{"href":"https:\/\/www.pickware.com\/de\/wp-json\/wp\/v2\/media?parent=38769"}],"curies":[{"name":"wp","href":"https:\/\/api.w.org\/{rel}","templated":true}]}}