{"id":39368,"date":"2024-12-06T13:50:42","date_gmt":"2024-12-06T12:50:42","guid":{"rendered":"https:\/\/www.pickware.com\/?page_id=39368"},"modified":"2026-01-05T11:44:15","modified_gmt":"2026-01-05T10:44:15","slug":"partner-kick-off","status":"publish","type":"page","link":"https:\/\/www.pickware.com\/de\/partner-kick-off","title":{"rendered":"Partner Kick-off"},"content":{"rendered":"\n<div class=\"layout-space layout-space--content-page-level-2\"><\/div>\n\n\n\n<div class=\"hero-image-size-500 \">\n        <div class=\"l-container\">\n        <div class=\"l-grid\">\n            <div class=\"l-grid__content\">\n                <div class=\"hero-image-size-500__eyebrow\">What\u2019s next?<\/div>\n                <h1 class=\"hero-image-size-500__heading\">Pickware Partner Kick-off 2026<\/h1>\n                <div class=\"hero-image-size-500__copy\"><p>Wir zeigen dir, wohin die Reise geht, welche Themen uns antreiben und welche Events du dir fett im Kalender markieren solltest. Let&#8217;s unfuck 2026 \u2013 together!<\/p>\n<\/div>\n                                            <\/div>\n            <div class=\"l-grid__image\">\n                <img decoding=\"async\" class=\"hero-image-size-500__illustration hero-image-size-500__illustration--text-length-normal\" src=\"https:\/\/www.pickware.com\/app\/uploads\/2024\/12\/partner-kick-off-lp-02@2x.png\" alt=\"partner-kick-off-lp-02@2x\" \/>\n            <\/div>\n        <\/div>\n    <\/div>\n<\/div>\n\n\n\n<div class=\"layout-space layout-space--content-page-level-2\"><\/div>\n\n\n\n<div class=\"layout-space layout-space--article-page-level-3\"><\/div>\n\n\n\n<div class=\"article-page-text-h3\">\n    <div class=\"l-container\">\n        <div class=\"l-grid\">\n            <div class=\"l-grid__content\">\n                <div>\n                    <div class=\"article-page-text-h3__eyebrow\">Let&#8217;s kick it off!<\/div>\n                    <div class=\"article-page-text-h3__heading\">Das ist kein normaler Partner Call<\/div>\n                <\/div>\n                <div class=\"article-page-text-h3__copy\"><p data-start=\"109\" data-end=\"332\">Was kommt, was geht und was machen wir anders? Beim Partner Kick-off am <strong>28. Januar 2026 um 16:00 Uhr<\/strong> sprechen wir dar\u00fcber, was 2026 wirklich z\u00e4hlt und wie wir als Partner gemeinsam mehr rei\u00dfen.<\/p>\n<p>&nbsp;<\/p>\n<p>Das Event ist <span style=\"font-weight: bold;\">digital<\/span>, sei also ganz bequem von deinem Arbeitsplatz oder der Couch aus dabei. Wir haben Bock auf 2026. Und ganz besonders auf dich.<\/p>\n<p><!-- notionvc: 9dd42749-add4-4a49-9e4c-c32e59f9df55 --><\/p>\n<\/div>\n            <\/div>\n        <\/div>\n    <\/div>\n<\/div>\n\n\n\n<div class=\"layout-space layout-space--article-page-level-3\"><\/div>\n\n\n\n<div class=\"article-page-list-checklist\">\n    <div class=\"l-container\">\n        <div class=\"l-grid\">\n            <div class=\"l-grid__content\">\n                                    <div class=\"article-page-list-checklist__eyebrow\">HIGHLIGHTS<\/div>\n                    <ul class=\"article-page-list-checklist__list\">\n                                                    <li>\n                                <div>Recap 2025<\/div>\n                            <\/li>\n                                                    <li>\n                                <div>Unsere Ziele f\u00fcr 2026<\/div>\n                            <\/li>\n                                                    <li>\n                                <div>Updates zur Partnerschaft<\/div>\n                            <\/li>\n                                                    <li>\n                                <div>Events, die du nicht skippen solltest<\/div>\n                            <\/li>\n                                            <\/ul>\n                            <\/div>\n        <\/div>\n    <\/div>\n<\/div>\n\n\n\n<div class=\"layout-space layout-space--article-page-level-1\"><\/div>\n\n\n\n<div class=\"content-intro\">\n    <div class=\"l-container\">\n        <div class=\"l-grid\">\n            <div class=\"l-grid__item\">\n                <div>\n                    <div class=\"content-intro__eyebrow\">Jetzt anmelden<\/div>\n                    <div class=\"content-intro__heading\">Sichere dir deinen Platz<\/div>\n                <\/div>\n                <div class=\"content-intro__copy\"><\/div>\n            <\/div>\n        <\/div>\n    <\/div>\n<\/div>\n\n\n\n<div class=\"layout-space layout-space--article-page-level-3\"><\/div>\n\n\n\n<script charset=\"utf-8\" type=\"text\/javascript\" src=\"\/\/js-eu1.hsforms.net\/forms\/embed\/v2.js\"><\/script>\n<div class=\"forms-content\">\n  <div class=\"hubspot-forms\">\n    <script>\n      hbspt.forms.create({\n        region: \"eu1\",\n        portalId: \"26748939\",\n        formId: \"60eb90b4-5388-4383-9849-f0b6ee009431\"\n      });\n    <\/script>\n  <\/div>\n<\/div>\n<style>\n.forms-content {\ndisplay: block;\nposition: relative;\nmax-width: 808px;\nmargin: 0 auto;\npadding: 64px;\nborder-radius: 4px;\nborder: 1px solid #d8f2fc;\nbackground-color: #ebf8fd;\nbox-shadow: 0px 8px 24px 0px rgba(69,85,100,.08), 0px 0px 6px 0px rgba(40,53,147,.08);\n}\n.hubspot-forms {\ndisplay: block;\nposition: relative;\nmax-width: 720px;\nmargin: 0 auto;\npadding: 24px;\n}\n.hs-input {\nbackground-color: #ffffff !important;\n}\n<\/style>\n<script type=\"text\/javascript\">\n  window.addEventListener(\"message\", function(event) {\n    if(event.data.type === 'hsFormCallback' && event.data.eventName === 'onFormSubmitted') {\n      window.dataLayer.push({\n        'event': 'hubspot-form-success'\n      });\n    }\n  });\n<\/script>\n\n\n\n<div class=\"layout-space layout-space--content-page-level-2\"><\/div>\n\n\n\n<div class=\"layout-space layout-space--content-page-level-2\"><\/div>\n","protected":false},"excerpt":{"rendered":"","protected":false},"author":1,"featured_media":0,"parent":0,"menu_order":0,"comment_status":"closed","ping_status":"closed","template":"","meta":{"_acf_changed":false,"_stopmodifiedupdate":false,"_modified_date":"","footnotes":""},"class_list":["post-39368","page","type-page","status-publish","hentry"],"acf":[],"_links":{"self":[{"href":"https:\/\/www.pickware.com\/de\/wp-json\/wp\/v2\/pages\/39368","targetHints":{"allow":["GET"]}}],"collection":[{"href":"https:\/\/www.pickware.com\/de\/wp-json\/wp\/v2\/pages"}],"about":[{"href":"https:\/\/www.pickware.com\/de\/wp-json\/wp\/v2\/types\/page"}],"author":[{"embeddable":true,"href":"https:\/\/www.pickware.com\/de\/wp-json\/wp\/v2\/users\/1"}],"replies":[{"embeddable":true,"href":"https:\/\/www.pickware.com\/de\/wp-json\/wp\/v2\/comments?post=39368"}],"version-history":[{"count":39,"href":"https:\/\/www.pickware.com\/de\/wp-json\/wp\/v2\/pages\/39368\/revisions"}],"predecessor-version":[{"id":46595,"href":"https:\/\/www.pickware.com\/de\/wp-json\/wp\/v2\/pages\/39368\/revisions\/46595"}],"wp:attachment":[{"href":"https:\/\/www.pickware.com\/de\/wp-json\/wp\/v2\/media?parent=39368"}],"curies":[{"name":"wp","href":"https:\/\/api.w.org\/{rel}","templated":true}]}}