{"id":41259,"date":"2025-05-27T12:21:04","date_gmt":"2025-05-27T10:21:04","guid":{"rendered":"https:\/\/www.pickware.com\/?page_id=41259"},"modified":"2025-11-25T17:19:21","modified_gmt":"2025-11-25T16:19:21","slug":"mollie","status":"publish","type":"page","link":"https:\/\/www.pickware.com\/de\/pos\/mollie","title":{"rendered":"Mollie"},"content":{"rendered":"\n<style>\n    \/* allgemein *\/\n\n    :root {\n        --color-i900: #283593;\n        --color-bg900: #37434F;\n        --color-pw: #19a6eb;\n    }\n\n    * {\n        font-family: Roboto, sans-serif;\n    }\n\n    .btn {\n        margin-right: 12px;\n        margin-bottom: 12px;\n        display: inline-block;\n        box-sizing: content-box;\n        width: fit-content;\n        height: 46px;\n        padding: 0 16px;\n        border-radius: 4px;\n        font-size: 16px;\n        font-weight: 500;\n        letter-spacing: .5px;\n        line-height: 46px;\n        text-decoration: none;\n        white-space: nowrap;\n        border: 1px solid transparent;\n        -webkit-user-select: none;\n        -moz-user-select: none;\n        -ms-user-select: none;\n        user-select: none;\n        cursor: pointer;\n        transition-property: all;\n        transition-timing-function: ease-in;\n        transition-duration: .1s;\n        box-shadow: 0px 4px 8px 0px rgba(55, 67, 79, .12);\n    }\n\n    .btn--600 {\n        background-color: #00c853;\n        color: #fff;\n    }\n\n    .btn--600:hover {\n        background-color: #43a047;\n    }\n\n    .btn--500 {\n        background-color: var(--color-pw);\n        color: #fff;\n    }\n\n    .btn--500:hover {\n        background-color: #1299e2;\n    }\n\n    .tm {\n        font-weight: 600 !important;\n    }\n\n    h1,\n    h2,\n    h3,\n    h4,\n    h5,\n    h6 {\n        text-wrap-style: balance;\n    }\n\n    .tb1,\n    .tb2,\n    .tb3 {\n        text-wrap-style: pretty;\n    }\n\n    .tb1 {\n        color: var(--color-bg900);\n        font-size: 18px;\n        font-weight: 400;\n        letter-spacing: 0.2px;\n        line-height: 28px;\n    }\n\n    .tb2 {\n        color: var(--color-bg900);\n        font-size: 16px;\n        font-weight: 400;\n        letter-spacing: 0.3px;\n        line-height: 24px;\n    }\n\n    .tb3 {\n        color: var(--color-bg900);\n        font-size: 14px;\n        font-weight: 400;\n        letter-spacing: 0.26px;\n        line-height: 20px;\n    }\n\n    .th2 {\n        color: var(--color-i900);\n        font-size: 48px;\n        font-weight: 300;\n        letter-spacing: -0.5px;\n        line-height: 60px;\n    }\n\n    .th3 {\n        color: var(--color-i900);\n        font-size: 34px;\n        font-weight: 400;\n        letter-spacing: -0.15px;\n        line-height: 44px;\n    }\n\n    .th4 {\n        color: var(--color-i900);\n        font-size: 24px;\n        font-weight: 500;\n        line-height: 32px;\n    }\n\n    .th5 {\n        color: var(--color-i900);\n        font-size: 20px;\n        font-weight: 500;\n        letter-spacing: 0.15px;\n        line-height: 28px;\n    }\n\n    .th6 {\n        color: var(--color-bg900);\n        font-size: 18px;\n        font-weight: 500;\n        letter-spacing: 0.36px;\n        line-height: 28px;\n    }\n\n    @media (min-width: 768px) and (max-width: 1223px) {\n        .tb1 {\n            font-size: 18px;\n            letter-spacing: 0.2px;\n            line-height: 28px;\n        }\n\n        .tb2 {\n            font-size: 16px;\n            letter-spacing: 0.3px;\n            line-height: 24px;\n        }\n\n        .tb3 {\n            font-size: 14px;\n            letter-spacing: 0.26px;\n            line-height: 20px;\n        }\n\n        .th2 {\n            font-size: 38px;\n            letter-spacing: -0.41px;\n            line-height: 48px;\n        }\n\n        .th3 {\n            font-size: 30px;\n            letter-spacing: -0.13px;\n            line-height: 40px;\n        }\n\n        .th4 {\n            font-size: 20px;\n            line-height: 28px;\n        }\n\n        .th5 {\n            font-size: 18px;\n            letter-spacing: 0.36px;\n            line-height: 28px;\n        }\n\n        .th6 {\n            color: var(--color-bg900);\n            font-size: 18px;\n            letter-spacing: 0.36px;\n            line-height: 28px;\n        }\n    }\n\n    @media (max-width: 767px) {\n        .tb1 {\n            font-size: 17px;\n            letter-spacing: 0.19px;\n            line-height: 26px;\n        }\n\n        .tb2 {\n            font-size: 15px;\n            letter-spacing: 0.28px;\n            line-height: 24px;\n        }\n\n        .tb3 {\n            font-size: 13px;\n            letter-spacing: 0.24px;\n            line-height: 20px;\n        }\n\n        .th2 {\n            font-size: 29px;\n            letter-spacing: -0.31px;\n            line-height: 36px;\n        }\n\n        .th3 {\n            font-size: 25px;\n            letter-spacing: -0.11px;\n            line-height: 32px;\n        }\n\n        .th4 {\n            font-size: 19px;\n            line-height: 28px;\n        }\n\n        .th5 {\n            font-size: 17px;\n            letter-spacing: 0.34px;\n            line-height: 26px;\n        }\n\n        .th6 {\n            font-size: 18px;\n            letter-spacing: 0.36px;\n            line-height: 28px;\n        }\n\n    }\n<\/style>\n\n\n\n<div class=\"wp-block-group\"><div class=\"wp-block-group__inner-container is-layout-constrained wp-block-group-is-layout-constrained\">\n<div class=\"hero-image-size-600\">\n    <div class=\"hero-image-size-600__wallpaper\" style=\"background-image:url(https:\/\/www.pickware.com\/app\/uploads\/2025\/05\/mollie-hero-back@2x-04.png)\" title=\"mollie-hero-back@2x-04\"><\/div>\n    <div class=\"hero-image-size-600__wallpaper hero-image-size-600__wallpaper--small\" style=\"background-image:url(https:\/\/www.pickware.com\/app\/uploads\/2025\/05\/mollie-hero-back-mobil@2x-03.png)\" title=\"mollie-hero-back-mobil@2x-03\"><\/div>\n    <div class=\"l-container\">\n        <div class=\"l-grid\">\n            <div class=\"l-grid__content\">\n                <div class=\"hero-image-size-600__text-background\">\n                    <div class=\"hero-image-size-600__eyebrow\">Pickware x Mollie <\/div>\n                    <h1 class=\"hero-image-size-600__headline\">Alle Zahlungen auf einer Plattform<\/h1>\n                    <div class=\"hero-image-size-600__copy\"><p>Zahlungen am POS oder im Shop? Ganz egal. Dank der direkten Integration von Mollie als Paymentprovider laufen alle Transaktionen geb\u00fcndelt \u00fcber ein System.<\/p>\n<\/div>\n                                                        <\/div>\n            <\/div>\n            <div class=\"l-grid__image\">\n                <img decoding=\"async\" class=\"hero-image-size-600__illustration\" src=\"https:\/\/www.pickware.com\/app\/uploads\/2025\/05\/mollie-hero-front@2x-04.png\" alt=\"Mit der Mollie-Integration in Pickware werden alle Zahlungen am POS oder im Shop zentral \u00fcber eine Plattform abgewickelt.\" \/>\n                <img decoding=\"async\" class=\"hero-image-size-600__illustration hero-image-size-600__illustration--small\" src=\"https:\/\/www.pickware.com\/app\/uploads\/2025\/05\/mollie-hero-front@2x-04.png\" alt=\"Mit der Mollie-Integration in Pickware werden alle Zahlungen am POS oder im Shop zentral \u00fcber eine Plattform abgewickelt.\" \/>\n            <\/div>\n        <\/div>\n    <\/div>\n<\/div>\n\n\n\n<style>\n\n.hero-image-size-600:before{\n    content: \"\";\n    background-color: #EBF8FD;\n    width: 100%;\n    max-width: 1600px;\n    position: absolute;\n    height: 400px;\n    border-radius: 0 0 32px 32px;\n    left: 50%;\n    transform: translatex(-50%);\n}\n\n@media (max-width: 1600px) {\n.hero-image-size-600:before {\n    border-radius: 0;\n}\n}\n\n@media (max-width: 1223px) {\n.hero-image-size-600:before {\n    height: 320px;\n}\n}\n\n@media (max-width: 983px) {\n.hero-image-size-600:before {\n    height: 330px;\n}\n}\n\n@media (max-width: 767px) {\n.hero-image-size-600:before {\n    height: 230px;\n}\n}\n\n<\/style>\n<\/div><\/div>\n\n\n\n<div class=\"layout-space layout-space--content-page-level-2\"><\/div>\n\n\n\n<div class=\"layout-space layout-space--article-page-level-3\"><\/div>\n\n\n\n<div class=\"teaser-detail-page-image teaser-detail-page-image--reversed\">\n            <div class=\"teaser-detail-page-image__wallpaper\" style=\"background-image:url()\" title=\"\"><\/div>\n        <div class=\"l-container\">\n        <div class=\"l-grid\">\n            <div class=\"l-grid__content\">\n                <div>\n                    <div class=\"teaser-detail-page-image__eyebrow\">\n                        Direkt am POS                    <\/div>\n                    <div class=\"teaser-detail-page-image__heading\">Zahlungen mit dem Mollie Terminal<\/div>\n                <\/div>\n                <div class=\"teaser-detail-page-image__copy\"><p class=\"\" data-start=\"395\" data-end=\"736\">Mit dem Mollie Terminal wird der Checkout am POS genauso smooth wie online. Ob klassische Karte, Smartphone oder Smartwatch \u2013 bezahlt wird einfach per Tap to Pay. Schnell, kontaktlos und ganz ohne Aufwand. Und nat\u00fcrlich sind alle g\u00e4ngigen Zahlungsmethoden am Start \u2013 von Kartenzahlung bis Apple und Google Pay.<\/p>\n<\/div>\n                                    <div class=\"teaser-detail-page-image__list-heading\"><\/div>\n                    <ul class=\"teaser-detail-page-image__list\">\n                                                    <li>Kontaktloses Bezahlen mit Karte, Handy oder Uhr<\/li>\n                                                    <li>Moderne Hardware mit intuitivem Bezahlprozess<\/li>\n                                            <\/ul>\n                                                    <div class=\"teaser-detail-page-image__button-group\">\n                                                    <a class=\"teaser-detail-page-image__button teaser-detail-page-image__button--order-600 \" href=\"https:\/\/www.mollie.com\/de\/campaign\/mollie-pos-pickware-angebot\" target=\"_blank\">\n                                Entdecke Mollie                            <\/a>\n                                            <\/div>\n                            <\/div>\n            <div class=\"l-grid__image\">\n                <img decoding=\"async\" class=\"teaser-detail-page-image__illustration\" src=\"https:\/\/www.pickware.com\/app\/uploads\/2025\/05\/mollie-teaser-a@2x-03.png\" alt=\"Mit dem Mollie Terminal am Pickware POS k\u00f6nnen Zahlungen schnell, kontaktlos und einfach per Karte, Smartphone oder Smartwatch get\u00e4tigt werden.\"\/>\n            <\/div>\n        <\/div>\n    <\/div>\n<\/div>\n\n\n\n<div class=\"layout-space layout-space--content-page-level-2\"><\/div>\n\n\n\n<div class=\"layout-space layout-space--article-page-level-3\"><\/div>\n\n\n\n<div class=\"teaser-detail-page-image \">\n            <div class=\"teaser-detail-page-image__wallpaper\" style=\"background-image:url()\" title=\"\"><\/div>\n        <div class=\"l-container\">\n        <div class=\"l-grid\">\n            <div class=\"l-grid__content\">\n                <div>\n                    <div class=\"teaser-detail-page-image__eyebrow\">\n                        Ein Zahlungsanbieter                    <\/div>\n                    <div class=\"teaser-detail-page-image__heading\">Online &amp; Offline in einem System<\/div>\n                <\/div>\n                <div class=\"teaser-detail-page-image__copy\"><p class=\"\" data-start=\"972\" data-end=\"1251\">Mollie b\u00fcndelt alle Transaktionen \u2013 egal ob aus deinem Onlineshop oder vom POS. Du beh\u00e4ltst den \u00dcberblick und verwaltest Zahlungen, R\u00fcckerstattungen und Auswertungen zentral in einem Interface. Keine Insell\u00f6sungen, kein Systemwechsel, keine doppelten Wege \u2013 alle Zahlungen und Finanzen auf einer Plattform.<\/p>\n<\/div>\n                                    <div class=\"teaser-detail-page-image__list-heading\"><\/div>\n                    <ul class=\"teaser-detail-page-image__list\">\n                                                    <li>Gemeinsame Zahlungsabwicklung f\u00fcr Shop und POS<\/li>\n                                                    <li>Einheitliches Dashboard f\u00fcr alle Verkaufskan\u00e4le<\/li>\n                                            <\/ul>\n                                                    <div class=\"teaser-detail-page-image__button-group\">\n                                                    <a class=\"teaser-detail-page-image__button teaser-detail-page-image__button--order-600 \" href=\"https:\/\/www.mollie.com\/de\/campaign\/mollie-pos-pickware-angebot\" target=\"_blank\">\n                                Entdecke Mollie                            <\/a>\n                                            <\/div>\n                            <\/div>\n            <div class=\"l-grid__image\">\n                <img decoding=\"async\" class=\"teaser-detail-page-image__illustration\" src=\"https:\/\/www.pickware.com\/app\/uploads\/2025\/05\/mollie-teaser-b@2x-03.png\" alt=\"Mit Mollie als Zahlungsanbieter werden Online- und POS-Zahlungen geb\u00fcndelt in einem System verarbeitet. Alle Zahlungen, R\u00fcckerstattungen und Auswertungen sind zentral in einem Interface verwaltbar.\"\/>\n            <\/div>\n        <\/div>\n    <\/div>\n<\/div>\n\n\n\n<div class=\"layout-space layout-space--content-page-level-2\"><\/div>\n\n\n\n<div class=\"layout-space layout-space--article-page-level-3\"><\/div>\n\n\n\n<div class=\"wp-block-group has-background\" style=\"background-color:#e7f7fd\"><div class=\"wp-block-group__inner-container is-layout-constrained wp-block-group-is-layout-constrained\">\n<div class=\"layout-space layout-space--content-page-level-2\"><\/div>\n\n\n\n<div class=\"layout-space layout-space--content-page-level-2\"><\/div>\n\n\n\n<div class=\"content-intro\">\n    <div class=\"l-container\">\n        <div class=\"l-grid\">\n            <div class=\"l-grid__item\">\n                <div>\n                    <div class=\"content-intro__eyebrow\"><\/div>\n                    <div class=\"content-intro__heading\">Dein pers\u00f6nliches Angebot<\/div>\n                <\/div>\n                <div class=\"content-intro__copy\"><p>Nutze das volle Potenzial vernetzter Online- und In-Store-Zahlungen.<\/p>\n<\/div>\n            <\/div>\n        <\/div>\n    <\/div>\n<\/div>\n\n\n\n<div class=\"layout-space layout-space--article-page-level-3\"><\/div>\n<\/div><\/div>\n\n\n\n<div class=\"wp-block-group has-background\" style=\"background-color:#e7f7fd\"><div class=\"wp-block-group__inner-container is-layout-constrained wp-block-group-is-layout-constrained\">\n<style>\n    .mollie--angebot--item:not(:first-child) {\n        border-top: 2px solid #494864;\n    }\n\n    .mollie--angebot {\n        background-color: #0E0D38;\n        border-radius: 32px;\n        padding: 40px 60px;\n        max-width: 600px;\n        display: flex;\n        flex-direction: column;\n        margin: 0 auto;\n    }\n\n    .mollie--angebot .tb1 {\n        color: #fff;\n    }\n\n    .mollie--angebot--item {\n        display: flex;\n        justify-content: space-between;\n        gap: 12px;\n        align-items: center;\n        padding: 12px 0;\n    }\n\n    .mollie--angebot .btn {\n        align-self: center;\n        margin: 0;\n        margin-top: 24px;\n    }\n\n    .mollie--angebot--item--streichpreis,\n    .mollie--angebot--item--preis {\n        line-height: 32px;\n        text-align: right;\n        font-size: 22px;\n    }\n\n    .mollie--angebot--item--streichpreis {\n        text-decoration: line-through;\n        color: #8f8eae !important;\n    }\n\n    @media (max-width: 767px) {\n        .mollie--angebot {\n            padding: 40px 32px;\n        }\n\n        .mollie--angebot--item--streichpreis,\n        .mollie--angebot--item--preis {\n            line-height: 28px;\n            text-align: right;\n            font-size: 18px;\n        }\n    }\n<\/style>\n\n<section class=\"mollie--angebot\">\n    <div class=\"mollie--angebot--list\">\n        <div class=\"mollie--angebot--item\">\n            <p class=\"mollie--angebot--item--copy tb1\">Mollie Terminal Kaufpreis<\/p>\n            <div>\n                <p class=\"mollie--angebot--item--streichpreis tb1\">350 \u20ac<\/p>\n                <p class=\"mollie--angebot--item--preis tb1\">99 \u20ac<\/p>\n            <\/div>\n        <\/div>\n        <div class=\"mollie--angebot--item\">\n            <p class=\"mollie--angebot--item--copy tb1\">Monatliche Grundgeb\u00fchr<\/p>\n            <div>\n                <p class=\"mollie--angebot--item--streichpreis tb1\">20 \u20ac mtl.<\/p>\n                <p class=\"mollie--angebot--item--preis tb1\">10 \u20ac mtl.<\/p>\n            <\/div>\n        <\/div>\n        <div class=\"mollie--angebot--item\">\n            <p class=\"mollie--angebot--item--cop tb1\">Mindestvertragslaufzeit<\/p>\n            <div>\n                <p class=\"mollie--angebot--item--preis tb1\">Entf\u00e4llt komplett<\/p>\n            <\/div>\n        <\/div>\n    <\/div>\n    <a class=\"btn btn--500\" href=\"https:\/\/www.mollie.com\/de\/campaign\/mollie-pos-pickware-angebot\" target=\"_blank\">Zum Angebot<\/a>\n<\/section>\n\n\n\n<div class=\"layout-space layout-space--article-page-level-3\"><\/div>\n\n\n\n<div class=\"wp-block-group stern\"><div class=\"wp-block-group__inner-container is-layout-constrained wp-block-group-is-layout-constrained\">\n<div class=\"content-intro\">\n    <div class=\"l-container\">\n        <div class=\"l-grid\">\n            <div class=\"l-grid__item\">\n                <div>\n                    <div class=\"content-intro__eyebrow\">Alle Preise zzgl. MwSt. Angebot g\u00fcltig zum 31. Dezember 2025.<\/div>\n                    <div class=\"content-intro__heading\"><\/div>\n                <\/div>\n                <div class=\"content-intro__copy\"><\/div>\n            <\/div>\n        <\/div>\n    <\/div>\n<\/div>\n\n\n\n<style>\n.stern .content-intro__eyebrow {\n    text-transform: none;\n    font-weight: 400;\n    letter-spacing: 0.5px;\n}\n<\/style>\n<\/div><\/div>\n\n\n\n<div class=\"layout-space layout-space--content-page-level-2\"><\/div>\n\n\n\n<div class=\"layout-space layout-space--content-page-level-2\"><\/div>\n<\/div><\/div>\n\n\n\n<div class=\"layout-space layout-space--article-page-level-3\"><\/div>\n\n\n\n<div class=\"layout-space layout-space--content-page-level-2\"><\/div>\n\n\n\n<div class=\"content-intro\">\n    <div class=\"l-container\">\n        <div class=\"l-grid\">\n            <div class=\"l-grid__item\">\n                <h2>\n                    <div class=\"content-intro__eyebrow\">FAQ<\/div>\n                    <div class=\"content-intro__heading\">Fragen zur Integration<\/div>\n                <\/h2>\n                <div class=\"content-intro__copy\"><p>Entdecke <a href=\"https:\/\/www.mollie.com\/de\/campaign\/mollie-pos-pickware-angebot\" target=\"_blank\" rel=\"noopener\">Mollie<\/a>\u00a0und \u00fcberzeuge dich selbst.<\/p>\n<\/div>\n            <\/div>\n        <\/div>\n    <\/div>\n<\/div>\n\n\n\n<div class=\"layout-space layout-space--article-page-level-3\"><\/div>\n\n\n\n<div class=\"content-images-max-width\">\n        <div class=\"l-container\">\n        <div class=\"l-grid\">\n            <div class=\"l-grid__image\">\n                <img decoding=\"async\" class=\"image-max-width__image image-max-width__image--small\" src=\"https:\/\/www.pickware.com\/app\/uploads\/2025\/05\/mollie-faq-mobil@2x-50-03.jpg\" alt=\"Entdecke die einfache Integration von Mollie und Pickware f\u00fcr eine zentrale Zahlungsabwicklung im Onlineshop und am POS.\" \/>\n                <img decoding=\"async\" class=\"image-max-width__image image-max-width__image--large\" src=\"https:\/\/www.pickware.com\/app\/uploads\/2025\/05\/mollie-faq@2x-50-03.jpg\" alt=\"Entdecke die einfache Integration von Mollie und Pickware f\u00fcr eine zentrale Zahlungsabwicklung im Onlineshop und am POS.\" \/>\n            <\/div>\n        <\/div>\n    <\/div>\n<\/div>\n\n\n\n<div class=\"layout-space layout-space--article-page-level-3\"><\/div>\n\n\n\n<div class=\"wp-block-group update-accordion\"><div class=\"wp-block-group__inner-container is-layout-constrained wp-block-group-is-layout-constrained\">\n<style>\n.update-accordion .content-accordion__item-topic {\n    color: #283593;\n    font-weight: 500;\n}\n\n.update-accordion .content-accordion__item-answer {\n    font-size: 16px;\n    line-height: 24px;\n    color: #37434f;\n}\n<\/style>\n\n\n\n<div class=\"content-accordion\">\n    <div class=\"l-container\">\n        <div class=\"l-grid\">\n            <div class=\"l-grid__content\">\n                                    <div class=\"content-accordion__item\">\n                        <div class=\"content-accordion__item-topic\">Wie funktioniert die Anbindung von Mollie in Pickware POS?<\/div>\n                        <div class=\"content-accordion__item-answer-container\">\n                            <div class=\"content-accordion__item-answer\"><p>Das Mollie Terminal ist direkt per API in Pickware POS eingebunden, sodass du alle Zahlungen bequem in einem einzigen Dashboard siehst. Egal ob aus deinem Onlineshop oder direkt am POS \u2013 alle Transaktionen laufen zentral zusammen.<\/p>\n<\/div>\n                        <\/div>\n                    <\/div>\n                                    <div class=\"content-accordion__item\">\n                        <div class=\"content-accordion__item-topic\">Welche Zahlungsmethoden kann ich mit Mollie nutzen?<\/div>\n                        <div class=\"content-accordion__item-answer-container\">\n                            <div class=\"content-accordion__item-answer\"><p>Du kannst aus einer Vielzahl von Zahlungsarten w\u00e4hlen \u2013 darunter Kreditkarte, Klarna, Apple Pay, PayPal, SEPA-Lastschrift oder Girocard. Je nach Bedarf aktivierst du die Methoden, die zu deinem Shop und deinen Kunden passen.<\/p>\n<\/div>\n                        <\/div>\n                    <\/div>\n                                    <div class=\"content-accordion__item\">\n                        <div class=\"content-accordion__item-topic\">Kann ich R\u00fcckerstattungen direkt in Pickware POS durchf\u00fchren?<\/div>\n                        <div class=\"content-accordion__item-answer-container\">\n                            <div class=\"content-accordion__item-answer\"><p>Ja, \u00fcber Pickware POS kannst du R\u00fcckerstattungen direkt \u00fcber Mollie abwickeln \u2013 ganz unkompliziert und ohne Umwege. So hast du alle Zahlungen und R\u00fcckerstattungen zentral im Blick, beh\u00e4ltst den \u00dcberblick \u00fcber jede Transaktion.<\/p>\n<\/div>\n                        <\/div>\n                    <\/div>\n                                    <div class=\"content-accordion__item\">\n                        <div class=\"content-accordion__item-topic\">Kann ich mit meinem iPhone und Pickware POS Tap to Pay nutzen?<\/div>\n                        <div class=\"content-accordion__item-answer-container\">\n                            <div class=\"content-accordion__item-answer\"><p class=\"\" data-start=\"1526\" data-end=\"1807\">Ja, Tap to Pay ist mit deinem iPhone \u00fcber Mollie und Pickware POS direkt angebunden. Zahlungen funktionieren so ganz einfach kontaktlos und unkompliziert \u2013 egal ob mit oder ohne Mollie Terminal. Du entscheidest, welches Setup am besten zu dir passt.<\/p>\n<\/div>\n                        <\/div>\n                    <\/div>\n                            <\/div>\n        <\/div>\n    <\/div>\n<\/div>\n\n<script type=\"text\/javascript\">\n\nwindow.addEventListener('DOMContentLoaded', (event) => {\n    var accordionItems = document.querySelectorAll('.content-accordion__item');\n    accordionItems.forEach(function (accordionItem) {\n        accordionItem.addEventListener('click', function (event) {\n            accordionItem.classList.toggle('content-accordion__item--is-open');\n        }, false);\n    });\n});\n\n<\/script>\n<\/div><\/div>\n\n\n\n<div class=\"layout-space layout-space--article-page-level-3\"><\/div>\n","protected":false},"excerpt":{"rendered":"<p>Mollie Terminal Kaufpreis 350 \u20ac 99 \u20ac Monatliche Grundgeb\u00fchr 20 \u20ac mtl. 10 \u20ac mtl. Mindestvertragslaufzeit Entf\u00e4llt komplett Zum Angebot<\/p>\n","protected":false},"author":1,"featured_media":0,"parent":42733,"menu_order":0,"comment_status":"closed","ping_status":"closed","template":"","meta":{"_acf_changed":false,"_stopmodifiedupdate":false,"_modified_date":"","footnotes":""},"class_list":["post-41259","page","type-page","status-publish","hentry"],"acf":[],"_links":{"self":[{"href":"https:\/\/www.pickware.com\/de\/wp-json\/wp\/v2\/pages\/41259","targetHints":{"allow":["GET"]}}],"collection":[{"href":"https:\/\/www.pickware.com\/de\/wp-json\/wp\/v2\/pages"}],"about":[{"href":"https:\/\/www.pickware.com\/de\/wp-json\/wp\/v2\/types\/page"}],"author":[{"embeddable":true,"href":"https:\/\/www.pickware.com\/de\/wp-json\/wp\/v2\/users\/1"}],"replies":[{"embeddable":true,"href":"https:\/\/www.pickware.com\/de\/wp-json\/wp\/v2\/comments?post=41259"}],"version-history":[{"count":141,"href":"https:\/\/www.pickware.com\/de\/wp-json\/wp\/v2\/pages\/41259\/revisions"}],"predecessor-version":[{"id":43755,"href":"https:\/\/www.pickware.com\/de\/wp-json\/wp\/v2\/pages\/41259\/revisions\/43755"}],"up":[{"embeddable":true,"href":"https:\/\/www.pickware.com\/de\/wp-json\/wp\/v2\/pages\/42733"}],"wp:attachment":[{"href":"https:\/\/www.pickware.com\/de\/wp-json\/wp\/v2\/media?parent=41259"}],"curies":[{"name":"wp","href":"https:\/\/api.w.org\/{rel}","templated":true}]}}