{"id":450,"date":"2021-05-31T14:43:21","date_gmt":"2021-05-31T12:43:21","guid":{"rendered":"https:\/\/www.pickware.com\/?page_id=450"},"modified":"2026-04-28T10:21:24","modified_gmt":"2026-04-28T08:21:24","slug":"stelle","status":"publish","type":"page","link":"https:\/\/www.pickware.com\/de\/jobs\/stelle","title":{"rendered":"Job Detail"},"content":{"rendered":"\n    <!-- preview data -->\n    <div class=\"job-page-job-description\">\n        <div class=\"l-grid\">\n            <div class=\"l-grid__item\">\n                <div class=\"job-page-job-description__job-meta\">\n                    FESTANSTELLUNG, VOLLZEIT \u00b7 DARMSTADT\n                <\/div>\n                <div class=\"job-page-job-description__job-title\">\n                    Finance Manager (m\/w\/d)\n                <\/div>\n                <div class=\"job-page-job-description__job_description\">\n                    <div class=\"job_description__heading\">Lorem Ipsum<\/div>\n                    <div class=\"job_description__content\">\n                        <ul>\n                            <li>Attraktives Gehalt und flexible Arbeitszeiten sowie zahlreiche Benefits im Rahmen unseres Feelgood-Programms (Getr\u00e4nke, Obst und M\u00fcsli for free, Mitgliedschaft im Fitness Studio, Teamevents, Tischtennisplatte und vieles mehr)<\/li>\n                            <li>Bei uns \u00fcbernimmst du von Anfang an Verantwortung und kannst deine Erfahrungen und Ideen einbringen &nbsp;<\/li>\n                            <li>Du bist Teil eines starken Teams in einem aufstrebenden Startup mit flachen Hierarchien sowie einer offenen, respektvollen und gleichzeitig freundschaftlichen Arbeitsatmosph\u00e4re<\/li>\n                            <li>Wir wollen gemeinsam Gro\u00dfes schaffen und dabei ist unser ausgepr\u00e4gter Teamgeist unsere gr\u00f6\u00dfte St\u00e4rke<\/li>\n                            <li>Nachhaltigkeit und Qualit\u00e4t stehen nicht nur bei unserer Arbeit im Vordergrund, sondern wir nehmen auch als Unternehmen unsere gesellschaftliche Verantwortung ernst und legen z. B. Wert auf nachhaltige Produkte<\/li>\n                            <li>Ein gro\u00dfes neues Office mit Dachterrasse direkt am Darmst\u00e4dter Hauptbahnhof<\/li>\n                        <\/ul>\n                    <\/div>\n                <\/div>\n            <\/div>\n        <\/div>\n    <\/div>\n\n\n\n\n\n\n\n<div class=\"layout-space layout-space--content-page-level-2\"><\/div>\n\n\n\n\n\n<div class=\"layout-space layout-space--content-page-level-2\"><\/div>\n\n\n\n\n\n<div class=\"layout-space layout-space--content-page-level-2\"><\/div>\n\n\n\n<div class=\"layout-space layout-space--content-page-level-2\"><\/div>\n\n\n\n<div class=\"job-page-job-process\">\n    <div class=\"l-grid\">\n        <div class=\"l-grid__item\">\n            <div class=\"job-page-job-process__eyebrow\"><\/div>\n            <div class=\"job-page-job-process__heading\">Unser Bewerbungsprozess<\/div>\n            <ul>\n                                    <li class=\"job-page-job-process__step\">\n                        <div class=\"job-page-job-process__step-icon\">\n                                                            <span style=\"background-image:url(https:\/\/www.pickware.com\/app\/uploads\/2021\/05\/mail-i900-bg-pw50.svg)\" title=\"mail-i900-bg-pw50\"><\/span>\n                                                    <\/div>\n                        <div>\n                            <div class=\"job-page-job-process__step-title\">Bewerbungseingang<\/div>\n                            <div class=\"job-page-job-process__step-description\">Nach erfolgreichem Eingang deiner Bewerbung \u00fcber unser Bewerbungsportal erh\u00e4ltst du umgehend eine Eingangsbest\u00e4tigung von uns.<\/div>\n                        <\/div>\n                    <\/li>\n                                    <li class=\"job-page-job-process__step\">\n                        <div class=\"job-page-job-process__step-icon\">\n                                                    <\/div>\n                        <div>\n                            <div class=\"job-page-job-process__step-title\">Unterlagen-Check &amp; Vorauswahl<\/div>\n                            <div class=\"job-page-job-process__step-description\">Jede Bewerbung wird individuell durch das People &amp; Culture Team und den zust\u00e4ndigen Fachbereich gepr\u00fcft. Anschlie\u00dfend erh\u00e4ltst du innerhalb von zwei Wochen ein Feedback von uns.<\/div>\n                        <\/div>\n                    <\/li>\n                                    <li class=\"job-page-job-process__step\">\n                        <div class=\"job-page-job-process__step-icon\">\n                                                    <\/div>\n                        <div>\n                            <div class=\"job-page-job-process__step-title\">Video Call<\/div>\n                            <div class=\"job-page-job-process__step-description\">Passt deine Bewerbung zu unseren Anforderungen, wollen wir dich in einem ersten kurzen Video Call etwas besser kennenlernen und dir mehr \u00fcber den Job und Pickware erz\u00e4hlen sowie erste R\u00fcckfragen zu deiner Bewerbung kl\u00e4ren.<\/div>\n                        <\/div>\n                    <\/li>\n                                    <li class=\"job-page-job-process__step\">\n                        <div class=\"job-page-job-process__step-icon\">\n                                                    <\/div>\n                        <div>\n                            <div class=\"job-page-job-process__step-title\">Bewerbungsgespr\u00e4ch (digital)<\/div>\n                            <div class=\"job-page-job-process__step-description\">Nach erfolgreichem Video Call laden wir dich zu einem ausf\u00fchrlichen Bewerbungsgespr\u00e4ch ein. Hier lernst du u. a. deinen zuk\u00fcnftigen Team Lead kennen und wir wollen mehr \u00fcber dich sowie dein fachliches Know-how erfahren. Au\u00dferdem erh\u00e4ltst du einen besseren Einblick in den Job sowie die Zusammenarbeit bei Pickware.<\/div>\n                        <\/div>\n                    <\/li>\n                                    <li class=\"job-page-job-process__step\">\n                        <div class=\"job-page-job-process__step-icon\">\n                                                    <\/div>\n                        <div>\n                            <div class=\"job-page-job-process__step-title\">Probetage<\/div>\n                            <div class=\"job-page-job-process__step-description\">War auch das Bewerbungsgespr\u00e4ch erfolgreich, laden wir dich zu zwei Probetagen in unser B\u00fcro ein. An diesen Tagen wirst du einige Aufgaben bearbeiten und deine zuk\u00fcnftigen Kolleginnen und Kollegen kennenlernen. Probetage sind f\u00fcr beide Seite eine sehr gute M\u00f6glichkeit, noch besser einsch\u00e4tzen zu k\u00f6nnen, ob eine Zusammenarbeit passt.<\/div>\n                        <\/div>\n                    <\/li>\n                                    <li class=\"job-page-job-process__step\">\n                        <div class=\"job-page-job-process__step-icon\">\n                                                            <span style=\"background-image:url(https:\/\/www.pickware.com\/app\/uploads\/2021\/05\/decor_contract_t600.svg)\" title=\"Digitale R\u00fccksendeformulare f\u00fcr eine schnelle Bearbeitung der Retouren.\"><\/span>\n                                                    <\/div>\n                        <div>\n                            <div class=\"job-page-job-process__step-title\">Vertragsangebot<\/div>\n                            <div class=\"job-page-job-process__step-description\">Wenn du die Probetage erfolgreich gemeistert hast, bist du am Ende unseres Bewerbungsprozesses angekommen und erh\u00e4ltst noch am gleichen Tag von uns ein Angebot f\u00fcr die Zusammenarbeit.<\/div>\n                        <\/div>\n                    <\/li>\n                            <\/ul>\n        <\/div>\n    <\/div>\n<\/div>\n\n\n\n<div class=\"layout-space layout-space--content-page-level-1\"><\/div>\n","protected":false},"excerpt":{"rendered":"","protected":false},"author":1,"featured_media":0,"parent":299,"menu_order":0,"comment_status":"closed","ping_status":"closed","template":"page-job-details.php","meta":{"_acf_changed":false,"_stopmodifiedupdate":false,"_modified_date":"","footnotes":""},"class_list":["post-450","page","type-page","status-publish","hentry"],"acf":[],"_links":{"self":[{"href":"https:\/\/www.pickware.com\/de\/wp-json\/wp\/v2\/pages\/450","targetHints":{"allow":["GET"]}}],"collection":[{"href":"https:\/\/www.pickware.com\/de\/wp-json\/wp\/v2\/pages"}],"about":[{"href":"https:\/\/www.pickware.com\/de\/wp-json\/wp\/v2\/types\/page"}],"author":[{"embeddable":true,"href":"https:\/\/www.pickware.com\/de\/wp-json\/wp\/v2\/users\/1"}],"replies":[{"embeddable":true,"href":"https:\/\/www.pickware.com\/de\/wp-json\/wp\/v2\/comments?post=450"}],"version-history":[{"count":109,"href":"https:\/\/www.pickware.com\/de\/wp-json\/wp\/v2\/pages\/450\/revisions"}],"predecessor-version":[{"id":47529,"href":"https:\/\/www.pickware.com\/de\/wp-json\/wp\/v2\/pages\/450\/revisions\/47529"}],"up":[{"embeddable":true,"href":"https:\/\/www.pickware.com\/de\/wp-json\/wp\/v2\/pages\/299"}],"wp:attachment":[{"href":"https:\/\/www.pickware.com\/de\/wp-json\/wp\/v2\/media?parent=450"}],"curies":[{"name":"wp","href":"https:\/\/api.w.org\/{rel}","templated":true}]}}