{"id":9444,"date":"2022-03-02T15:53:32","date_gmt":"2022-03-02T14:53:32","guid":{"rendered":"https:\/\/www.pickware.com\/?page_id=9444"},"modified":"2025-11-19T13:15:42","modified_gmt":"2025-11-19T12:15:42","slug":"marktplaetze","status":"publish","type":"page","link":"https:\/\/www.pickware.com\/de\/marktplaetze","title":{"rendered":"Integrationen \u2013 Marktpl\u00e4tze"},"content":{"rendered":"\n<div class=\"layout-space layout-space--content-page-level-2\"><\/div>\n\n\n\n<div class=\"hero-image-size-500 \">\n            <div class=\"hero-image-size-500__wallpaper hero-image-size-500__wallpaper--text-length-normal\" style=\"background-image:url(https:\/\/www.pickware.com\/app\/uploads\/2023\/04\/marktplaetze-hero_03_back.svg)\" title=\"\"><\/div>\n        <div class=\"l-container\">\n        <div class=\"l-grid\">\n            <div class=\"l-grid__content\">\n                <div class=\"hero-image-size-500__eyebrow\">Marktpl\u00e4tze<\/div>\n                <h1 class=\"hero-image-size-500__heading\">Marktplatzanbindung f\u00fcr dein E-Commerce<\/h1>\n                <div class=\"hero-image-size-500__copy\"><p>Verbinde Pickware einfach mit Marktpl\u00e4tzen wie Amazon, eBay, Otto, Kaufland, etc. und verkaufe dort, wo deine Kunden sind \u2013 nutze alle M\u00f6glichkeiten.<\/p>\n<\/div>\n                                                    <div class=\"hero-image-size-500__button-group\">\n                                                    <a class=\"hero-image-size-500__button hero-image-size-500__button--order-600 \" href=\"https:\/\/www.pickware.com\/de\/live-demo\" target=\"\">\n                                Live-Demo buchen                            <\/a>\n                                                    <a class=\"hero-image-size-500__button hero-image-size-500__button--order-400 \" href=\"#open-onboarding-overlay\" target=\"\">\n                                Jetzt testen                            <\/a>\n                                            <\/div>\n                            <\/div>\n            <div class=\"l-grid__image\">\n                <img decoding=\"async\" class=\"hero-image-size-500__illustration hero-image-size-500__illustration--text-length-normal\" src=\"https:\/\/www.pickware.com\/app\/uploads\/2023\/05\/marktplaetze-hero_02_front.svg\" alt=\"Mit Pickware Marktpl\u00e4tze wie Amazon, eBay oder Kaufland anbinden und zentral im Shop verwalten.\" \/>\n            <\/div>\n        <\/div>\n    <\/div>\n<\/div>\n\n\n\n<div class=\"layout-space layout-space--article-page-level-3\"><\/div>\n\n\n\n<div class=\"layout-space layout-space--article-page-level-2\"><\/div>\n\n\n\n<div class=\"content-intro\">\n    <div class=\"l-container\">\n        <div class=\"l-grid\">\n            <div class=\"l-grid__item\">\n                <h2>\n                    <div class=\"content-intro__eyebrow\">Marktpl\u00e4tze boomen<\/div>\n                    <div class=\"content-intro__heading\">Die\u00a0Welt der Marktpl\u00e4tze\u00a0steht Dir offen<\/div>\n                <\/h2>\n                <div class=\"content-intro__copy\"><p>Nutze ihre Reichweite, um potenzielle Neukunden zu erreichen und deine Ums\u00e4tze zu steigern.<\/p>\n<\/div>\n            <\/div>\n        <\/div>\n    <\/div>\n<\/div>\n\n\n\n<div class=\"layout-space layout-space--article-page-level-3\"><\/div>\n\n\n\n<div class=\"layout-space layout-space--article-page-level-1\"><\/div>\n\n\n\n<div class=\"teaser-detail-page-image teaser-detail-page-image--reversed\">\n            <div class=\"teaser-detail-page-image__wallpaper\" style=\"background-image:url()\" title=\"\"><\/div>\n        <div class=\"l-container\">\n        <div class=\"l-grid\">\n            <div class=\"l-grid__content\">\n                <h3>\n                    <div class=\"teaser-detail-page-image__eyebrow\">\n                                            <\/div>\n                    <div class=\"teaser-detail-page-image__heading\">Pickware &amp; magnalister<\/div>\n                <\/h3>\n                <div class=\"teaser-detail-page-image__copy\"><p>Verbinde deinen Onlineshop \u00fcber unseren Partner magnalister einfach mit Marktpl\u00e4tzen wie Amazon, eBay oder Kaufland. Exportiere deine Produkte inklusive der Best\u00e4nde zur Plattform, importiere automatisch eingehende Bestellungen und versende sie wie gewohnt mit Pickware.<\/p>\n<\/div>\n                                    <div class=\"teaser-detail-page-image__list-heading\">Deine Vorteile<\/div>\n                    <ul class=\"teaser-detail-page-image__list\">\n                                                    <li>Zentrale Bestandsverwaltung in Pickware<\/li>\n                                                    <li>\u00dcbersicht \u00fcber alle Verk\u00e4ufe<\/li>\n                                                    <li>Einheitliche Versand- und Retourenprozesse<\/li>\n                                            <\/ul>\n                                                    <div class=\"teaser-detail-page-image__button-group\">\n                                                    <a class=\"teaser-detail-page-image__button teaser-detail-page-image__button--order-500 \" href=\"https:\/\/www.magnalister.com\/\" target=\"_blank\">\n                                magnalister.com                            <\/a>\n                                            <\/div>\n                            <\/div>\n            <div class=\"l-grid__image\">\n                <img decoding=\"async\" class=\"teaser-detail-page-image__illustration\" src=\"https:\/\/www.pickware.com\/app\/uploads\/2023\/05\/magnalister-screenshot_02_front@2x.png\" alt=\"Verk\u00e4ufe aus Amazon, eBay &#038; Co. mit magnalister an Pickware \u00fcbergeben und zentral verwalten.\"\/>\n            <\/div>\n        <\/div>\n    <\/div>\n<\/div>\n\n\n\n<div class=\"layout-space layout-space--article-page-level-3\"><\/div>\n\n\n\n<div class=\"layout-space layout-space--article-page-level-1\"><\/div>\n\n\n\n<div class=\"content-testimonial\">\n    <div class=\"l-container\">\n        <div class=\"l-grid\">\n            <div class=\"l-grid__image\">\n                <img decoding=\"async\" class=\"content-testimonial__portrait\" src=\"https:\/\/www.pickware.com\/app\/uploads\/2024\/10\/dartsturm-testi.png\" alt=\"dartsturm-testi\" \/>\n            <\/div>\n            <div class=\"l-grid__content\">\n                <div class=\"content-testimonial__text-wrapper\">\n                    <img decoding=\"async\" class=\"content-testimonial__quotation-mark\" src=\"https:\/\/www.pickware.com\/app\/themes\/pickware-theme\/modules\/content\/testimonial\/assets\/quotation-mark.svg\" alt=\"quotation-mark\" \/>\n                    <div class=\"content-testimonial__text\">\n                        <div class=\"content-testimonial__review\">Die direkte Integration von Pickware und damit die einfache Bedienung ist klasse. Gerade wenn man auf mehreren Marktpl\u00e4tzen unterwegs ist und man viele Artikel anbietet. Der Ablauf der Bestellbearbeitung hat sich seitdem extrem verbessert.<\/div>\n                        <div class=\"content-testimonial__author\">Florian Sturm<\/div>\n                        <div class=\"content-testimonial__author-description\">Gesch\u00e4ftsf\u00fchrer von DartSturm<\/div>\n                    <\/div>\n                <\/div>\n            <\/div>\n        <\/div>\n    <\/div>\n<\/div>\n\n\n\n<div class=\"layout-space layout-space--article-page-level-1\"><\/div>\n\n\n\n<div class=\"layout-space layout-space--article-page-level-3\"><\/div>\n\n\n\n<div class=\"content-intro\">\n    <div class=\"l-container\">\n        <div class=\"l-grid\">\n            <div class=\"l-grid__item\">\n                <h3>\n                    <div class=\"content-intro__eyebrow\"><\/div>\n                    <div class=\"content-intro__heading\">Unterst\u00fctzte Marktpl\u00e4tze<\/div>\n                <\/h3>\n                <div class=\"content-intro__copy\"><\/div>\n            <\/div>\n        <\/div>\n    <\/div>\n<\/div>\n\n\n\n<div class=\"layout-space layout-space--article-page-level-3\"><\/div>\n\n\n\n<div class=\"layout-space layout-space--article-page-level-3\"><\/div>\n\n\n\n<div class=\"content-images-max-width\">\n        <div class=\"l-container\">\n        <div class=\"l-grid\">\n            <div class=\"l-grid__image\">\n                <img decoding=\"async\" class=\"image-max-width__image image-max-width__image--small\" src=\"https:\/\/www.pickware.com\/app\/uploads\/2023\/05\/marktplaetze-logos-mobil-01.svg\" alt=\"marktplaetze-logos-mobil-01\" \/>\n                <img decoding=\"async\" class=\"image-max-width__image image-max-width__image--large\" src=\"https:\/\/www.pickware.com\/app\/uploads\/2023\/05\/marktplaetze-logos_04.svg\" alt=\"marktplaetze-logos_04\" \/>\n            <\/div>\n        <\/div>\n    <\/div>\n<\/div>\n\n\n\n<div class=\"layout-space layout-space--article-page-level-3\"><\/div>\n\n\n\n<div class=\"layout-space layout-space--article-page-level-1\"><\/div>\n\n\n\n<div class=\"teaser-spot-light teaser-spot-light--order-500\">\n    <div class=\"l-container\">\n        <div class=\"teaser-spot-light__card\">\n            <img decoding=\"async\" class=\"teaser-spot-light__icon\" src=\"https:\/\/www.pickware.com\/app\/uploads\/2024\/04\/blog-content-whiskyzone@1.5x.png\" alt=\"blog-content-whiskyzone@1.5x\"\/>\n            <div class=\"teaser-spot-light__text\">\n                <div>\n                    <div class=\"teaser-spot-light__eyebrow\">Kundenstory: Whiskyzone<\/div>\n                    <div class=\"teaser-spot-light__heading\">Drei Verkaufskan\u00e4le in einer Warenwirtschaft<\/div>\n                <\/div>\n                <div class=\"teaser-spot-light__subtext\">30 % Zeitersparnis und eine Fehlerquote gegen 0 durch den Einsatz von Pickware.<\/div>\n            <\/div>\n            <a class=\"teaser-spot-light__button \" href=\"https:\/\/www.pickware.com\/de\/blog\/kundenstory-whiskyzone\" target=\"_blank\">Jetzt lesen<\/a>\n        <\/div>\n    <\/div>\n<\/div>\n\n\n\n<div class=\"layout-space layout-space--article-page-level-1\"><\/div>\n\n\n\n<div class=\"layout-space layout-space--article-page-level-3\"><\/div>\n\n\n\n<div class=\"teaser-detail-page-image \">\n            <div class=\"teaser-detail-page-image__wallpaper\" style=\"background-image:url()\" title=\"\"><\/div>\n        <div class=\"l-container\">\n        <div class=\"l-grid\">\n            <div class=\"l-grid__content\">\n                <h3>\n                    <div class=\"teaser-detail-page-image__eyebrow\">\n                                            <\/div>\n                    <div class=\"teaser-detail-page-image__heading\">Pickware API<\/div>\n                <\/h3>\n                <div class=\"teaser-detail-page-image__copy\"><p>Dein Marktplatz ist nicht dabei oder du hast eigene Ideen f\u00fcr eine Anbindung? Kein Problem, denn Pickware bietet eine leistungsf\u00e4hige API f\u00fcr die Umsetzung deiner individuellen Projekte. Kontaktiere uns gerne f\u00fcr weitere Details.<\/p>\n<\/div>\n                                    <div class=\"teaser-detail-page-image__list-heading\">Deine Vorteile<\/div>\n                    <ul class=\"teaser-detail-page-image__list\">\n                                                    <li>API f\u00fcr wichtige ERP Funktionen<\/li>\n                                                    <li>Einfacher Austausch mit Drittsystemen<\/li>\n                                                    <li>Unterst\u00fctzung durch Pickware Partner m\u00f6glich<\/li>\n                                            <\/ul>\n                                                    <div class=\"teaser-detail-page-image__button-group\">\n                                                    <a class=\"teaser-detail-page-image__button teaser-detail-page-image__button--order-500 \" href=\"https:\/\/www.pickware.com\/de\/kontakt\" target=\"\">\n                                Kontakt aufnehmen                            <\/a>\n                                            <\/div>\n                            <\/div>\n            <div class=\"l-grid__image\">\n                <img decoding=\"async\" class=\"teaser-detail-page-image__illustration\" src=\"https:\/\/www.pickware.com\/app\/uploads\/2023\/04\/pickware-api_03_front.svg\" alt=\"Pickware API f\u00fcr individuelle Integrationen und Anbindungen an externe Systeme und Marktpl\u00e4tze.\"\/>\n            <\/div>\n        <\/div>\n    <\/div>\n<\/div>\n\n\n\n<div class=\"layout-space layout-space--article-page-level-1\"><\/div>\n\n\n\n<div class=\"layout-space layout-space--article-page-level-3\"><\/div>\n\n\n\n<div class=\"wp-block-group lp-cta\"><div class=\"wp-block-group__inner-container is-layout-constrained wp-block-group-is-layout-constrained\">\n<div class=\"teaser-detail-page-image-columns\">\n    <div class=\"l-container\">\n        <div class=\"l-grid\">\n                            <div class=\"teaser-detail-page-image-columns__item\">\n                                        <img decoding=\"async\" class=\"teaser-detail-page-image-columns__illustration\" src=\"https:\/\/www.pickware.com\/app\/themes\/pickware-theme\/modules\/teaser\/detail-page-image-columns\/assets\/illustration.svg\" alt=\"illustration\"\/>\n                    <div>\n                        <div class=\"teaser-detail-page-image-columns__eyebrow\">\n                                                    <\/div>\n                        <div class=\"teaser-detail-page-image-columns__heading\">Kostenlose Live-Demo<\/div>\n                    <\/div>\n                    <div class=\"teaser-detail-page-image-columns__copy\"><\/div>\n                                            <div class=\"teaser-detail-page-image-columns__list-heading\"><\/div>\n                        <ul class=\"teaser-detail-page-image-columns__list\">\n                                                            <li>Unverbindlich &#038; kostenlos<\/li>\n                                                            <li>Ca. 60 min per Video\u00fcbertragung<\/li>\n                                                            <li>Auf dein Business abgestimmte Produktdemo<\/li>\n                                                    <\/ul>\n                                                                <div class=\"teaser-detail-page-image-columns__button-group\">\n                                                            <a class=\"teaser-detail-page-image-columns__button teaser-detail-page-image-columns__button--order-500 \" href=\"https:\/\/www.pickware.com\/de\/live-demo\" target=\"\">\n                                    Jetzt buchen                                <\/a>\n                                                    <\/div>\n                                    <\/div>\n                            <div class=\"teaser-detail-page-image-columns__item\">\n                                        <img decoding=\"async\" class=\"teaser-detail-page-image-columns__illustration\" src=\"https:\/\/www.pickware.com\/app\/themes\/pickware-theme\/modules\/teaser\/detail-page-image-columns\/assets\/illustration.svg\" alt=\"illustration\"\/>\n                    <div>\n                        <div class=\"teaser-detail-page-image-columns__eyebrow\">\n                                                    <\/div>\n                        <div class=\"teaser-detail-page-image-columns__heading\">Kostenlos Testen<\/div>\n                    <\/div>\n                    <div class=\"teaser-detail-page-image-columns__copy\"><\/div>\n                                            <div class=\"teaser-detail-page-image-columns__list-heading\"><\/div>\n                        <ul class=\"teaser-detail-page-image-columns__list\">\n                                                            <li>Testphase endet automatisch<\/li>\n                                                            <li>Keine Kreditkarte erforderlich<\/li>\n                                                            <li>In 24 Stunden eingerichtet<\/li>\n                                                    <\/ul>\n                                                                <div class=\"teaser-detail-page-image-columns__button-group\">\n                                                            <a class=\"teaser-detail-page-image-columns__button teaser-detail-page-image-columns__button--order-500 \" href=\"#open-onboarding-overlay\" target=\"\">\n                                    Jetzt testen                                <\/a>\n                                                    <\/div>\n                                    <\/div>\n                    <\/div>\n    <\/div>\n<\/div>\n\n\n\n<style>\n.lp-cta .teaser-detail-page-image-columns__list>li::before {\n    background-image: url(https:\/\/www.pickware.com\/app\/uploads\/2024\/01\/all-in-one-icon-check.svg);\n}\n\n.lp-cta .teaser-detail-page-image-columns__item img{\ndisplay: none;}\n\n.lp-cta .teaser-detail-page-image-columns__item{\nbackground-color: #010645;\n    padding: 64px;\n    border-radius: 32px;\n    box-shadow: 0 32px 48px -40px rgba(50,50,93,0.80);\n    }\n\n@media (max-width: 767px) {\n    .lp-cta .teaser-detail-page-image-columns__item {\n    padding: 32px;\n    border-radius: 16px;\n    }\n}\n\n.lp-cta .teaser-detail-page-image-columns__heading{\ncolor: #fff\n}\n\n.lp-cta .teaser-detail-page-image-columns__list>li{\ncolor: #91c8ff\n}\n\n.lp-cta .l-grid{\ngap: 24px 24px;}\n\n.lp-cta .teaser-detail-page-image-columns__eyebrow{\ncolor: #fff;\n}\n\n.lp-cta .teaser-detail-page-image-columns__item:last-child{\n}\n\n<\/style>\n<\/div><\/div>\n\n\n\n<div class=\"layout-space layout-space--article-page-level-1\"><\/div>\n","protected":false},"excerpt":{"rendered":"","protected":false},"author":1,"featured_media":0,"parent":0,"menu_order":0,"comment_status":"closed","ping_status":"closed","template":"","meta":{"_acf_changed":false,"_stopmodifiedupdate":false,"_modified_date":"","footnotes":""},"class_list":["post-9444","page","type-page","status-publish","hentry"],"acf":[],"_links":{"self":[{"href":"https:\/\/www.pickware.com\/de\/wp-json\/wp\/v2\/pages\/9444","targetHints":{"allow":["GET"]}}],"collection":[{"href":"https:\/\/www.pickware.com\/de\/wp-json\/wp\/v2\/pages"}],"about":[{"href":"https:\/\/www.pickware.com\/de\/wp-json\/wp\/v2\/types\/page"}],"author":[{"embeddable":true,"href":"https:\/\/www.pickware.com\/de\/wp-json\/wp\/v2\/users\/1"}],"replies":[{"embeddable":true,"href":"https:\/\/www.pickware.com\/de\/wp-json\/wp\/v2\/comments?post=9444"}],"version-history":[{"count":291,"href":"https:\/\/www.pickware.com\/de\/wp-json\/wp\/v2\/pages\/9444\/revisions"}],"predecessor-version":[{"id":45751,"href":"https:\/\/www.pickware.com\/de\/wp-json\/wp\/v2\/pages\/9444\/revisions\/45751"}],"wp:attachment":[{"href":"https:\/\/www.pickware.com\/de\/wp-json\/wp\/v2\/media?parent=9444"}],"curies":[{"name":"wp","href":"https:\/\/api.w.org\/{rel}","templated":true}]}}