{"id":40599,"date":"2023-12-07T15:44:29","date_gmt":"2023-12-07T14:44:29","guid":{"rendered":"https:\/\/www.pickware.com\/payment"},"modified":"2025-12-23T12:23:31","modified_gmt":"2025-12-23T11:23:31","slug":"payment","status":"publish","type":"page","link":"https:\/\/www.pickware.com\/en\/payment","title":{"rendered":"Integrations &#8211; Payment"},"content":{"rendered":"\n<div class=\"layout-space layout-space--content-page-level-2\"><\/div>\n\n\n\n<div class=\"hero-image-size-500 \">\n        <div class=\"l-container\">\n        <div class=\"l-grid\">\n            <div class=\"l-grid__content\">\n                <div class=\"hero-image-size-500__eyebrow\">Payment made easy<\/div>\n                <h1 class=\"hero-image-size-500__heading\">Offer all payment methods<\/h1>\n                <div class=\"hero-image-size-500__copy\"><p>Enable your customers to pay in your online shop using all common payment providers, via credit card or smartphone. Additionally, you can process payments at the POS with favorable conditions through the integration with Zettle by PayPal. This way, you\u2019re perfectly prepared for all available payment options.<\/p>\n<\/div>\n                                                    <div class=\"hero-image-size-500__button-group\">\n                                                    <a class=\"hero-image-size-500__button hero-image-size-500__button--order-500 \" href=\"#open-onboarding-overlay\" target=\"\">\n                                Try now                            <\/a>\n                                                    <a class=\"hero-image-size-500__button hero-image-size-500__button--order-600 \" href=\"https:\/\/www.pickware.com\/en\/live-demo\" target=\"\">\n                                Request live demo                            <\/a>\n                                            <\/div>\n                            <\/div>\n            <div class=\"l-grid__image\">\n                <img decoding=\"async\" class=\"hero-image-size-500__illustration hero-image-size-500__illustration--text-length-normal\" src=\"https:\/\/www.pickware.com\/app\/uploads\/2023\/12\/integration-payment-header.svg\" alt=\"Pickware erm\u00f6glicht alle g\u00e4ngigen Zahlungsarten online und am POS mit Zettle by PayPal. \" \/>\n            <\/div>\n        <\/div>\n    <\/div>\n<\/div>\n\n\n\n<div class=\"layout-space layout-space--article-page-level-1\"><\/div>\n\n\n\n<div class=\"layout-space layout-space--article-page-level-3\"><\/div>\n\n\n\n<div class=\"teaser-detail-page-image teaser-detail-page-image--reversed\">\n            <div class=\"teaser-detail-page-image__wallpaper\" style=\"background-image:url()\" title=\"\"><\/div>\n        <div class=\"l-container\">\n        <div class=\"l-grid\">\n            <div class=\"l-grid__content\">\n                <h2>\n                    <div class=\"teaser-detail-page-image__eyebrow\">\n                        Fast and secure                    <\/div>\n                    <div class=\"teaser-detail-page-image__heading\">Full selection for you and your customers<\/div>\n                <\/h2>\n                <div class=\"teaser-detail-page-image__copy\"><p>Pickware is compatible with all major payment providers. Integrate all the payment providers you already use or wish to use \u2013 quickly and easily. This way, you no longer have to worry about a smooth and secure payment process. Relaxed checkout \u2013 higher conversion.<\/p>\n<\/div>\n                                            <\/div>\n            <div class=\"l-grid__image\">\n                <img decoding=\"async\" class=\"teaser-detail-page-image__illustration\" src=\"https:\/\/www.pickware.com\/app\/uploads\/2023\/12\/integration-payment-logos-01.svg\" alt=\"Pickware unterst\u00fctzt alle g\u00e4ngigen Zahlungsanbieter f\u00fcr einen einfachen und sicheren Checkout. \"\/>\n            <\/div>\n        <\/div>\n    <\/div>\n<\/div>\n\n\n\n<div class=\"layout-space layout-space--article-page-level-1\"><\/div>\n\n\n\n<div class=\"layout-space layout-space--article-page-level-3\"><\/div>\n\n\n\n<div class=\"content-intro\">\n    <div class=\"l-container\">\n        <div class=\"l-grid\">\n            <div class=\"l-grid__item\">\n                <h2>\n                    <div class=\"content-intro__eyebrow\">Mollie x Pickware<\/div>\n                    <div class=\"content-intro__heading\">All payments in one place<\/div>\n                <\/h2>\n                <div class=\"content-intro__copy\"><p>Mollie consolidates all transactions, whether they come from your online shop or your POS.<!-- notionvc: 2c5f3c0d-3d63-4a00-80d1-32282b36662e --><\/p>\n<\/div>\n            <\/div>\n        <\/div>\n    <\/div>\n<\/div>\n\n\n\n<div class=\"layout-space layout-space--article-page-level-3\"><\/div>\n\n\n\n<div class=\"layout-space layout-space--article-page-level-3\"><\/div>\n\n\n\n<div class=\"teaser-detail-page-image teaser-detail-page-image--reversed\">\n            <div class=\"teaser-detail-page-image__wallpaper\" style=\"background-image:url()\" title=\"\"><\/div>\n        <div class=\"l-container\">\n        <div class=\"l-grid\">\n            <div class=\"l-grid__content\">\n                <h2>\n                    <div class=\"teaser-detail-page-image__eyebrow\">\n                        One payment provider                    <\/div>\n                    <div class=\"teaser-detail-page-image__heading\">Online &amp; offline in one system<\/div>\n                <\/h2>\n                <div class=\"teaser-detail-page-image__copy\"><p class=\"\" data-start=\"395\" data-end=\"736\">POS payments or online payments \u2013 both are handled seamlessly. With Mollie as your payment provider, all transactions run through one unified system. The Mollie Terminal makes paying at the POS as easy as paying online. All common payment methods are supported. Manage online and POS payments centrally in one interface. No switching systems, no duplicate work.<\/p>\n<\/div>\n                                    <div class=\"teaser-detail-page-image__list-heading\"><\/div>\n                    <ul class=\"teaser-detail-page-image__list\">\n                                                    <li>Contactless payments via card, phone or smartwatch<\/li>\n                                                    <li>Unified payment handling for shop and POS<\/li>\n                                                    <li>One dashboard for all sales channels<\/li>\n                                            <\/ul>\n                                                    <div class=\"teaser-detail-page-image__button-group\">\n                                                    <a class=\"teaser-detail-page-image__button teaser-detail-page-image__button--order-500 \" href=\"https:\/\/www.mollie.com\/campaign\/mollie-pos-pickware-scd\" target=\"\">\n                                Discover Mollie                            <\/a>\n                                            <\/div>\n                            <\/div>\n            <div class=\"l-grid__image\">\n                <img decoding=\"async\" class=\"teaser-detail-page-image__illustration\" src=\"https:\/\/www.pickware.com\/app\/uploads\/2025\/05\/mollie-teaser-a@2x-03.png\" alt=\"Mit dem Mollie Terminal am Pickware POS k\u00f6nnen Zahlungen schnell, kontaktlos und einfach per Karte, Smartphone oder Smartwatch get\u00e4tigt werden.\"\/>\n            <\/div>\n        <\/div>\n    <\/div>\n<\/div>\n\n\n\n<div class=\"layout-space layout-space--content-page-level-2\"><\/div>\n\n\n\n<div class=\"layout-space layout-space--content-page-level-2\"><\/div>\n\n\n\n<div class=\"content-intro\">\n    <div class=\"l-container\">\n        <div class=\"l-grid\">\n            <div class=\"l-grid__item\">\n                <h2>\n                    <div class=\"content-intro__eyebrow\">ZETTLE BY PAYPAL<\/div>\n                    <div class=\"content-intro__heading\">Sell easily with Zettle and Pickware<\/div>\n                <\/h2>\n                <div class=\"content-intro__copy\"><p>By integrating Zettle by PayPal into Pickware POS, you reduce waiting times and boost revenue.<\/p>\n<\/div>\n            <\/div>\n        <\/div>\n    <\/div>\n<\/div>\n\n\n\n<div class=\"layout-space layout-space--article-page-level-3\"><\/div>\n\n\n\n<div class=\"layout-space layout-space--article-page-level-3\"><\/div>\n\n\n\n<div class=\"teaser-detail-page-image \">\n            <div class=\"teaser-detail-page-image__wallpaper\" style=\"background-image:url()\" title=\"\"><\/div>\n        <div class=\"l-container\">\n        <div class=\"l-grid\">\n            <div class=\"l-grid__content\">\n                <h3>\n                    <div class=\"teaser-detail-page-image__eyebrow\">\n                        Modernize your checkout setup                    <\/div>\n                    <div class=\"teaser-detail-page-image__heading\">Card payments with Zettle by PayPal<\/div>\n                <\/h3>\n                <div class=\"teaser-detail-page-image__copy\"><p>Thanks to the integrated Zettle by PayPal interface, you can accept all common card payments effortlessly. The modern card terminal not only looks great but also supports debit and credit cards as well as contactless payments with Apple Pay and Google Pay. Zettle by PayPal offers low transaction fees, no monthly fixed costs and no contract commitment.<\/p>\n<\/div>\n                                    <div class=\"teaser-detail-page-image__list-heading\"><\/div>\n                    <ul class=\"teaser-detail-page-image__list\">\n                                                    <li>Quick setup and fair pricing<\/li>\n                                                    <li>Omnichannel solution for all your sales channels<\/li>\n                                                    <li>Up to 8 hours battery life or 100 transactions<\/li>\n                                            <\/ul>\n                                                    <div class=\"teaser-detail-page-image__button-group\">\n                                                    <a class=\"teaser-detail-page-image__button teaser-detail-page-image__button--order-600 \" href=\"https:\/\/login.zettle.com\/register\/de?utm_source=partnership&#038;utm_medium=sdk&#038;utm_campaign=pickware&#038;_ga=2.108878146.1754343748.1684930431-2143203552.1684930431\" target=\"_blank\">\n                                Sign up with Zettle now                             <\/a>\n                                                    <a class=\"teaser-detail-page-image__button teaser-detail-page-image__button--order-400 \" href=\"https:\/\/www.zettle.com\/gb\" target=\"\">\n                                More about Zettle                             <\/a>\n                                            <\/div>\n                            <\/div>\n            <div class=\"l-grid__image\">\n                <img decoding=\"async\" class=\"teaser-detail-page-image__illustration\" src=\"https:\/\/www.pickware.com\/app\/uploads\/2023\/06\/zettel-teaser-modernisieren@2x.png\" alt=\"Kartenzahlungen am POS mit Zettle by PayPal und Pickware einfach, kontaktlos und flexibel abwickeln. \"\/>\n            <\/div>\n        <\/div>\n    <\/div>\n<\/div>\n\n\n\n<div class=\"layout-space layout-space--article-page-level-1\"><\/div>\n\n\n\n<div class=\"layout-space layout-space--article-page-level-3\"><\/div>\n\n\n\n<div class=\"wp-block-group lp-cta\"><div class=\"wp-block-group__inner-container is-layout-constrained wp-block-group-is-layout-constrained\">\n<div class=\"teaser-detail-page-image-columns\">\n    <div class=\"l-container\">\n        <div class=\"l-grid\">\n                            <div class=\"teaser-detail-page-image-columns__item\">\n                                        <img decoding=\"async\" class=\"teaser-detail-page-image-columns__illustration\" src=\"https:\/\/www.pickware.com\/app\/themes\/pickware-theme\/modules\/teaser\/detail-page-image-columns\/assets\/illustration.svg\" alt=\"illustration\"\/>\n                    <div>\n                        <div class=\"teaser-detail-page-image-columns__eyebrow\">\n                                                    <\/div>\n                        <div class=\"teaser-detail-page-image-columns__heading\">Free live demo<\/div>\n                    <\/div>\n                    <div class=\"teaser-detail-page-image-columns__copy\"><\/div>\n                                            <div class=\"teaser-detail-page-image-columns__list-heading\"><\/div>\n                        <ul class=\"teaser-detail-page-image-columns__list\">\n                                                            <li>Free &#038; without commitment<\/li>\n                                                            <li>~60 minutes via video call <\/li>\n                                                            <li>Product demo tailored to your business <\/li>\n                                                    <\/ul>\n                                                                <div class=\"teaser-detail-page-image-columns__button-group\">\n                                                            <a class=\"teaser-detail-page-image-columns__button teaser-detail-page-image-columns__button--order-600 \" href=\"https:\/\/www.pickware.com\/de\/live-demo\" target=\"\">\n                                    Request live demo                                <\/a>\n                                                    <\/div>\n                                    <\/div>\n                            <div class=\"teaser-detail-page-image-columns__item\">\n                                        <img decoding=\"async\" class=\"teaser-detail-page-image-columns__illustration\" src=\"https:\/\/www.pickware.com\/app\/themes\/pickware-theme\/modules\/teaser\/detail-page-image-columns\/assets\/illustration.svg\" alt=\"illustration\"\/>\n                    <div>\n                        <div class=\"teaser-detail-page-image-columns__eyebrow\">\n                                                    <\/div>\n                        <div class=\"teaser-detail-page-image-columns__heading\">Try for free<\/div>\n                    <\/div>\n                    <div class=\"teaser-detail-page-image-columns__copy\"><\/div>\n                                            <div class=\"teaser-detail-page-image-columns__list-heading\"><\/div>\n                        <ul class=\"teaser-detail-page-image-columns__list\">\n                                                            <li>Trial ends automatically<\/li>\n                                                            <li>No credit card required<\/li>\n                                                            <li>Set up in 24 hours <\/li>\n                                                    <\/ul>\n                                                                <div class=\"teaser-detail-page-image-columns__button-group\">\n                                                            <a class=\"teaser-detail-page-image-columns__button teaser-detail-page-image-columns__button--order-500 \" href=\"#open-onboarding-overlay\" target=\"\">\n                                    Try now                                <\/a>\n                                                    <\/div>\n                                    <\/div>\n                    <\/div>\n    <\/div>\n<\/div>\n\n\n\n<style>\n.lp-cta .teaser-detail-page-image-columns__list>li::before {\n    background-image: url(https:\/\/www.pickware.com\/app\/uploads\/2024\/01\/all-in-one-icon-check.svg);\n}\n\n.lp-cta .teaser-detail-page-image-columns__item img{\ndisplay: none;}\n\n.lp-cta .teaser-detail-page-image-columns__item{\nbackground-color: #010645;\n    padding: 64px;\n    border-radius: 32px;\n    box-shadow: 0 32px 48px -40px rgba(50,50,93,0.80);\n    }\n\n@media (max-width: 767px) {\n    .lp-cta .teaser-detail-page-image-columns__item {\n    padding: 32px;\n    border-radius: 16px;\n    }\n}\n\n.lp-cta .teaser-detail-page-image-columns__heading{\ncolor: #fff\n}\n\n.lp-cta .teaser-detail-page-image-columns__list>li{\ncolor: #91c8ff\n}\n\n.lp-cta .l-grid{\ngap: 24px 24px;}\n\n.lp-cta .teaser-detail-page-image-columns__eyebrow{\ncolor: #fff;\n}\n\n.lp-cta .teaser-detail-page-image-columns__item:last-child{\n}\n\n<\/style>\n<\/div><\/div>\n\n\n\n<div class=\"layout-space layout-space--article-page-level-1\"><\/div>\n","protected":false},"excerpt":{"rendered":"","protected":false},"author":22,"featured_media":0,"parent":0,"menu_order":0,"comment_status":"closed","ping_status":"closed","template":"","meta":{"_acf_changed":false,"_stopmodifiedupdate":false,"_modified_date":"","footnotes":""},"class_list":["post-40599","page","type-page","status-publish","hentry"],"acf":[],"_links":{"self":[{"href":"https:\/\/www.pickware.com\/en\/wp-json\/wp\/v2\/pages\/40599","targetHints":{"allow":["GET"]}}],"collection":[{"href":"https:\/\/www.pickware.com\/en\/wp-json\/wp\/v2\/pages"}],"about":[{"href":"https:\/\/www.pickware.com\/en\/wp-json\/wp\/v2\/types\/page"}],"author":[{"embeddable":true,"href":"https:\/\/www.pickware.com\/en\/wp-json\/wp\/v2\/users\/22"}],"replies":[{"embeddable":true,"href":"https:\/\/www.pickware.com\/en\/wp-json\/wp\/v2\/comments?post=40599"}],"version-history":[{"count":20,"href":"https:\/\/www.pickware.com\/en\/wp-json\/wp\/v2\/pages\/40599\/revisions"}],"predecessor-version":[{"id":46545,"href":"https:\/\/www.pickware.com\/en\/wp-json\/wp\/v2\/pages\/40599\/revisions\/46545"}],"wp:attachment":[{"href":"https:\/\/www.pickware.com\/en\/wp-json\/wp\/v2\/media?parent=40599"}],"curies":[{"name":"wp","href":"https:\/\/api.w.org\/{rel}","templated":true}]}}