{"id":40604,"date":"2023-05-03T15:48:22","date_gmt":"2023-05-03T13:48:22","guid":{"rendered":"https:\/\/www.pickware.com\/versanddienstleister"},"modified":"2025-12-23T11:00:38","modified_gmt":"2025-12-23T10:00:38","slug":"shipping-carriers","status":"publish","type":"page","link":"https:\/\/www.pickware.com\/en\/shipping-carriers","title":{"rendered":"Integrations &#8211; Shipping Carriers"},"content":{"rendered":"\n<div class=\"layout-space layout-space--content-page-level-2\"><\/div>\n\n\n\n<div class=\"hero-image-size-500 \">\n        <div class=\"l-container\">\n        <div class=\"l-grid\">\n            <div class=\"l-grid__content\">\n                <div class=\"hero-image-size-500__eyebrow\">Shipping carriers<\/div>\n                <h1 class=\"hero-image-size-500__heading\">ERP system with all shipping carriers<\/h1>\n                <div class=\"hero-image-size-500__copy\"><p>All major <strong>shipping carriers are directly integrated<\/strong> into Pickware, from letters and parcels to pallets. The perfect shipping solution for your online shop.<\/p>\n<\/div>\n                                                    <div class=\"hero-image-size-500__button-group\">\n                                                    <a class=\"hero-image-size-500__button hero-image-size-500__button--order-500 \" href=\"#open-onboarding-overlay\" target=\"\">\n                                Try now                            <\/a>\n                                                    <a class=\"hero-image-size-500__button hero-image-size-500__button--order-600 \" href=\"https:\/\/www.pickware.com\/en\/live-demo\" target=\"\">\n                                Request live demo                             <\/a>\n                                            <\/div>\n                            <\/div>\n            <div class=\"l-grid__image\">\n                <img decoding=\"async\" class=\"hero-image-size-500__illustration hero-image-size-500__illustration--text-length-normal\" src=\"https:\/\/www.pickware.com\/app\/uploads\/2025\/01\/versandsdienstleister-hero_04_front@2x-1.png\" alt=\"Versandabwicklung f\u00fcr Onlineshops: Alle Versanddienstleister zentral in Pickware ERP nutzen.\" \/>\n            <\/div>\n        <\/div>\n    <\/div>\n<\/div>\n\n\n\n<div class=\"layout-space layout-space--article-page-level-3\"><\/div>\n\n\n\n<div class=\"layout-space layout-space--content-page-level-2\"><\/div>\n\n\n\n<div class=\"content-intro\">\n    <div class=\"l-container\">\n        <div class=\"l-grid\">\n            <div class=\"l-grid__item\">\n                <h2>\n                    <div class=\"content-intro__eyebrow\">Shipping without compromises<\/div>\n                    <div class=\"content-intro__heading\">Explore the variety of shipping carriers<\/div>\n                <\/h2>\n                <div class=\"content-intro__copy\"><p>Seamless shipping processes, fully integrated into your Shopify or Shopware online shop.<\/p>\n<\/div>\n            <\/div>\n        <\/div>\n    <\/div>\n<\/div>\n\n\n\n<div class=\"layout-space layout-space--article-page-level-3\"><\/div>\n\n\n\n<div class=\"layout-space layout-space--content-page-level-2\"><\/div>\n\n\n\n<div class=\"teaser-detail-page-image teaser-detail-page-image--reversed\">\n            <div class=\"teaser-detail-page-image__wallpaper\" style=\"background-image:url()\" title=\"\"><\/div>\n        <div class=\"l-container\">\n        <div class=\"l-grid\">\n            <div class=\"l-grid__content\">\n                <h3>\n                    <div class=\"teaser-detail-page-image__eyebrow\">\n                        Top shipping carriers                    <\/div>\n                    <div class=\"teaser-detail-page-image__heading\">Maximum shipping power <\/div>\n                <\/h3>\n                <div class=\"teaser-detail-page-image__copy\"><p>With Pickware, you bring <strong>all relevant shipping carriers<\/strong> like DHL, DHL Express, German Post, DPD, GLS and UPS directly into your online shop. Whether national or international \u2013 you\u2019ll reach your customers reliably and quickly. No switching between different tools; <strong>everything runs seamlessly together.<\/strong> You can rely on timely and secure deliveries, while management runs smoothly and without manual input.<\/p>\n<\/div>\n                                            <\/div>\n            <div class=\"l-grid__image\">\n                <img decoding=\"async\" class=\"teaser-detail-page-image__illustration\" src=\"https:\/\/www.pickware.com\/app\/uploads\/2025\/01\/versanddienstleister-maximale-versandpower-02@2x.png\" alt=\"Ob nationaler oder internationaler Versand \u2013 Pickware b\u00fcndelt alle wichtigen Versanddienstleister f\u00fcr reibungslose Versandprozesse im Onlineshop. \"\/>\n            <\/div>\n        <\/div>\n    <\/div>\n<\/div>\n\n\n\n<div class=\"layout-space layout-space--article-page-level-3\"><\/div>\n\n\n\n<div class=\"layout-space layout-space--content-page-level-2\"><\/div>\n\n\n\n<div class=\"teaser-detail-page-image \">\n            <div class=\"teaser-detail-page-image__wallpaper\" style=\"background-image:url()\" title=\"\"><\/div>\n        <div class=\"l-container\">\n        <div class=\"l-grid\">\n            <div class=\"l-grid__content\">\n                <h3>\n                    <div class=\"teaser-detail-page-image__eyebrow\">\n                        Switzerland &#038; Austria                    <\/div>\n                    <div class=\"teaser-detail-page-image__heading\">Cross-border strength<\/div>\n                <\/h3>\n                <div class=\"teaser-detail-page-image__copy\"><p>As an online retailer from Switzerland or Austria, you also rely on regional shipping carriers to offer your customers the best service. That\u2019s exactly why we have the perfect solution: <strong>Swiss Post<\/strong> and <strong>Austrian Post<\/strong>, two of the most established shipping carriers in the region, are <strong>directly integrated into Pickware<\/strong>. This allows you to ensure reliable and fast regional shipping.<\/p>\n<\/div>\n                                            <\/div>\n            <div class=\"l-grid__image\">\n                <img decoding=\"async\" class=\"teaser-detail-page-image__illustration\" src=\"https:\/\/www.pickware.com\/app\/uploads\/2025\/01\/versanddienstleister-laenderuebergreifend-stark-03@2x.png\" alt=\"Pickware erm\u00f6glicht l\u00e4nder\u00fcbergreifenden Versand mit Schweizerischer Post und \u00d6sterreichischer Post. \"\/>\n            <\/div>\n        <\/div>\n    <\/div>\n<\/div>\n\n\n\n<div class=\"layout-space layout-space--article-page-level-3\"><\/div>\n\n\n\n<div class=\"layout-space layout-space--content-page-level-2\"><\/div>\n\n\n\n<div class=\"content-testimonial\">\n    <div class=\"l-container\">\n        <div class=\"l-grid\">\n            <div class=\"l-grid__image\">\n                <img decoding=\"async\" class=\"content-testimonial__portrait\" src=\"https:\/\/www.pickware.com\/app\/uploads\/2025\/01\/versanddienstleister-testi-03@2x.png\" alt=\"versanddienstleister-testi-03@2x\" \/>\n            <\/div>\n            <div class=\"l-grid__content\">\n                <div class=\"content-testimonial__text-wrapper\">\n                    <img decoding=\"async\" class=\"content-testimonial__quotation-mark\" src=\"https:\/\/www.pickware.com\/app\/themes\/pickware-theme\/modules\/content\/testimonial\/assets\/quotation-mark.svg\" alt=\"quotation-mark\" \/>\n                    <div class=\"content-testimonial__text\">\n                        <div class=\"content-testimonial__review\">The extensive interfaces to shipping carriers are highly praised. Especially with the integration of Sendcloud, Pickware has significantly stepped up its shipping capabilities. <\/div>\n                        <div class=\"content-testimonial__author\">Alexander Jank<\/div>\n                        <div class=\"content-testimonial__author-description\">CEO of nuonic Digital<\/div>\n                    <\/div>\n                <\/div>\n            <\/div>\n        <\/div>\n    <\/div>\n<\/div>\n\n\n\n<div class=\"layout-space layout-space--content-page-level-2\"><\/div>\n\n\n\n<div class=\"layout-space layout-space--article-page-level-3\"><\/div>\n\n\n\n<div class=\"teaser-detail-page-image teaser-detail-page-image--reversed\">\n            <div class=\"teaser-detail-page-image__wallpaper\" style=\"background-image:url()\" title=\"\"><\/div>\n        <div class=\"l-container\">\n        <div class=\"l-grid\">\n            <div class=\"l-grid__content\">\n                <h3>\n                    <div class=\"teaser-detail-page-image__eyebrow\">\n                        Freight shipping                    <\/div>\n                    <div class=\"teaser-detail-page-image__heading\">When parcels are no longer enough<\/div>\n                <\/h3>\n                <div class=\"teaser-detail-page-image__copy\"><p><span style=\"font-weight: 400;\">The seamless integration<\/span>\u00a0of DSV into Pickware <span style=\"font-weight: 400;\">adds another powerful component to your shipping options: pallet shipping with DSV. Whether you&#8217;re shipping <\/span><b>large quantities,<\/b> <b>heavy goods, or bulky items<\/b><span style=\"font-weight: 400;\">, DSV offers maximum flexibility in choosing packaging types and allows you to specify product descriptions as well as Incoterms \u2013 for both domestic and international shipments.<\/span><\/p>\n<\/div>\n                                            <\/div>\n            <div class=\"l-grid__image\">\n                <img decoding=\"async\" class=\"teaser-detail-page-image__illustration\" src=\"https:\/\/www.pickware.com\/app\/uploads\/2025\/01\/versanddienstleister-pakete-reichen-nicht-02@2x.png\" alt=\"Pickware Speditionsversand mit DSV f\u00fcr Paletten, gro\u00dfe Mengen und internationale Lieferungen. \"\/>\n            <\/div>\n        <\/div>\n    <\/div>\n<\/div>\n\n\n\n<div class=\"layout-space layout-space--article-page-level-3\"><\/div>\n\n\n\n<div class=\"layout-space layout-space--content-page-level-2\"><\/div>\n\n\n\n<div class=\"teaser-detail-page-image \">\n            <div class=\"teaser-detail-page-image__wallpaper\" style=\"background-image:url()\" title=\"\"><\/div>\n        <div class=\"l-container\">\n        <div class=\"l-grid\">\n            <div class=\"l-grid__content\">\n                <h3>\n                    <div class=\"teaser-detail-page-image__eyebrow\">\n                        Global shipping processes                    <\/div>\n                    <div class=\"teaser-detail-page-image__heading\">Sendcloud Integration<\/div>\n                <\/h3>\n                <div class=\"teaser-detail-page-image__copy\"><p>Connect Pickware with Sendcloud and access <strong>over 100 different shipping carriers<\/strong>. The integration of <a href=\"https:\/\/app-store.sendcloud.com\/pickware\">Sendcloud<\/a> (Europe&#8217;s <span style=\"font-weight: 400;\">largest shipping software provider) not only enables you to optimize your domestic shipping processes but also offers a powerful solution for international shipping. Sendcloud <\/span><b>integrates seamlessly with Pickware.<\/b><\/p>\n<\/div>\n                                            <\/div>\n            <div class=\"l-grid__image\">\n                <img decoding=\"async\" class=\"teaser-detail-page-image__illustration\" src=\"https:\/\/www.pickware.com\/app\/uploads\/2025\/01\/versanddienstleister-sendcloud-02@2x.png\" alt=\"Globale Versandprozesse mit Pickware und Sendcloud \u2013 Anbindung von \u00fcber 100 Versanddienstleistern. \"\/>\n            <\/div>\n        <\/div>\n    <\/div>\n<\/div>\n\n\n\n<div class=\"layout-space layout-space--article-page-level-3\"><\/div>\n\n\n\n<div class=\"layout-space layout-space--content-page-level-2\"><\/div>\n\n\n\n<div class=\"wp-block-group update-spot-light\"><div class=\"wp-block-group__inner-container is-layout-constrained wp-block-group-is-layout-constrained\">\n<style>\n\n.update-spot-light .teaser-spot-light__subtext{\n    text-wrap-style: balance;\n}\n\n.update-spot-light .teaser-spot-light--order-500 .teaser-spot-light__card {\n    border: none;\n    border-radius: 24px;\n    background-color: #ebf8fd;\n    box-shadow: none;\n}\n\n.update-spot-light .teaser-spot-light__card {\n    gap: 16px;\n}\n\n.update-spot-light .teaser-spot-light__icon {\n    border-radius: 50px;\n    border: 4px solid #fff;\n    scale: 1.2;\n}\n\n.update-spot-light .teaser-spot-light__heading {\n    font-weight: 500;\n}\n\n@media (min-width: 1224px) {\n    .update-spot-light .teaser-spot-light__heading {\n        font-size: 24px;\n        line-height: 32px;\n    }\n}\n\n@media (min-width: 768px) and (max-width: 1223px) {\n    .teaser-spot-light__heading {\n        font-size: 20px;\n        letter-spacing: -.13px;\n        line-height: 28px;\n    }\n}\n\n@media (max-width: 767px) {\n    .teaser-spot-light__heading {\n        font-size: 19px;\n        letter-spacing: -.11px;\n        line-height: 28px;\n    }\n    .update-spot-light .teaser-spot-light__icon {\n        scale: 1;\n    }\n    .update-spot-light .teaser-spot-light__card {\n        gap: 0px;\n    }\n}\n\n<\/style>\n\n\n\n<div class=\"teaser-spot-light teaser-spot-light--order-500\">\n    <div class=\"l-container\">\n        <div class=\"teaser-spot-light__card\">\n            <img decoding=\"async\" class=\"teaser-spot-light__icon\" src=\"https:\/\/www.pickware.com\/app\/uploads\/2025\/01\/pascal-test-spot-light.png\" alt=\"pascal-test-spot-light\"\/>\n            <div class=\"teaser-spot-light__text\">\n                <h2>\n                    <div class=\"teaser-spot-light__eyebrow\"><\/div>\n                    <div class=\"teaser-spot-light__heading\">Custom shipping carriers needed?<\/div>\n                <\/h2>\n                <div class=\"teaser-spot-light__subtext\">Missing a shipping carrier or freight forwarder? Contact us and we&#039;ll develop the perfect solution together. <\/div>\n            <\/div>\n            <a class=\"teaser-spot-light__button update-spot-light\" href=\"https:\/\/www.pickware.com\/en\/kontakt\" target=\"\">Contact us<\/a>\n        <\/div>\n    <\/div>\n<\/div>\n<\/div><\/div>\n\n\n\n<div class=\"layout-space layout-space--content-page-level-2\"><\/div>\n\n\n\n<div class=\"layout-space layout-space--article-page-level-3\"><\/div>\n\n\n\n<div class=\"content-intro\">\n    <div class=\"l-container\">\n        <div class=\"l-grid\">\n            <div class=\"l-grid__item\">\n                <h2>\n                    <div class=\"content-intro__eyebrow\">Everything in one place<\/div>\n                    <div class=\"content-intro__heading\">Smart shipping logistics with Pickware <\/div>\n                <\/h2>\n                <div class=\"content-intro__copy\"><p>Schedule your personal live demo now and see for yourself.<\/p>\n<\/div>\n            <\/div>\n        <\/div>\n    <\/div>\n<\/div>\n\n\n\n<div class=\"layout-space layout-space--article-page-level-2\"><\/div>\n\n\n\n<div class=\"layout-space layout-space--article-page-level-3\"><\/div>\n\n\n\n<div class=\"wp-block-group update-accordion\"><div class=\"wp-block-group__inner-container is-layout-constrained wp-block-group-is-layout-constrained\">\n<style>\n.update-accordion .content-accordion__item-topic {\n    color: #283593;\n    font-weight: 500;\n}\n\n.update-accordion .content-accordion__item-answer {\n    font-size: 16px;\n    line-height: 24px;\n    color: #37434f;\n}\n<\/style>\n\n\n\n<div class=\"content-accordion\">\n    <div class=\"l-container\">\n        <div class=\"l-grid\">\n            <div class=\"l-grid__content\">\n                                    <div class=\"content-accordion__item\">\n                        <div class=\"content-accordion__item-topic\">Direct integration<\/div>\n                        <div class=\"content-accordion__item-answer-container\">\n                            <div class=\"content-accordion__item-answer\"><p>Shipping and return labels are created directly in Pickware, without the need for external tools.<\/p>\n<\/div>\n                        <\/div>\n                    <\/div>\n                                    <div class=\"content-accordion__item\">\n                        <div class=\"content-accordion__item-topic\">Affordable rates<\/div>\n                        <div class=\"content-accordion__item-answer-container\">\n                            <div class=\"content-accordion__item-answer\"><p>Billing is done directly between you and the shipping carrier \u2013 no additional fees.<\/p>\n<\/div>\n                        <\/div>\n                    <\/div>\n                                    <div class=\"content-accordion__item\">\n                        <div class=\"content-accordion__item-topic\">Easy shipping label creation<\/div>\n                        <div class=\"content-accordion__item-answer-container\">\n                            <div class=\"content-accordion__item-answer\"><p>Create shipping labels for DHL, DPD, UPS and more with just a few clicks. All necessary data, such as addresses and package details, are directly imported from your online shop.<\/p>\n<\/div>\n                        <\/div>\n                    <\/div>\n                                    <div class=\"content-accordion__item\">\n                        <div class=\"content-accordion__item-topic\">Centralized management<\/div>\n                        <div class=\"content-accordion__item-answer-container\">\n                            <div class=\"content-accordion__item-answer\"><p><span style=\"font-weight: 400;\">Manage multiple shipping carriers simultaneously. Depending on your needs, you can flexibly choose the best carrier for the job.<\/span><\/p>\n<\/div>\n                        <\/div>\n                    <\/div>\n                                    <div class=\"content-accordion__item\">\n                        <div class=\"content-accordion__item-topic\">Error reduction<\/div>\n                        <div class=\"content-accordion__item-answer-container\">\n                            <div class=\"content-accordion__item-answer\"><p>All shipping data is directly imported from your shop, minimizing the risk of incorrect addresses or faulty shipping methods.<\/p>\n<\/div>\n                        <\/div>\n                    <\/div>\n                                    <div class=\"content-accordion__item\">\n                        <div class=\"content-accordion__item-topic\">Shipment tracking<\/div>\n                        <div class=\"content-accordion__item-answer-container\">\n                            <div class=\"content-accordion__item-answer\"><p>Your customers receive automatic updates and can track their packages at any time. This ensures a positive customer experience.<\/p>\n<\/div>\n                        <\/div>\n                    <\/div>\n                            <\/div>\n        <\/div>\n    <\/div>\n<\/div>\n\n<script type=\"text\/javascript\">\n\nwindow.addEventListener('DOMContentLoaded', (event) => {\n    var accordionItems = document.querySelectorAll('.content-accordion__item');\n    accordionItems.forEach(function (accordionItem) {\n        accordionItem.addEventListener('click', function (event) {\n            accordionItem.classList.toggle('content-accordion__item--is-open');\n        }, false);\n    });\n});\n\n<\/script>\n<\/div><\/div>\n\n\n\n<div class=\"layout-space layout-space--article-page-level-3\"><\/div>\n\n\n\n<div class=\"wp-block-group lp-cta\"><div class=\"wp-block-group__inner-container is-layout-constrained wp-block-group-is-layout-constrained\">\n<div class=\"teaser-detail-page-image-columns\">\n    <div class=\"l-container\">\n        <div class=\"l-grid\">\n                            <div class=\"teaser-detail-page-image-columns__item\">\n                                        <img decoding=\"async\" class=\"teaser-detail-page-image-columns__illustration\" src=\"https:\/\/www.pickware.com\/app\/themes\/pickware-theme\/modules\/teaser\/detail-page-image-columns\/assets\/illustration.svg\" alt=\"illustration\"\/>\n                    <div>\n                        <div class=\"teaser-detail-page-image-columns__eyebrow\">\n                                                    <\/div>\n                        <div class=\"teaser-detail-page-image-columns__heading\">Free live demo<\/div>\n                    <\/div>\n                    <div class=\"teaser-detail-page-image-columns__copy\"><\/div>\n                                            <div class=\"teaser-detail-page-image-columns__list-heading\"><\/div>\n                        <ul class=\"teaser-detail-page-image-columns__list\">\n                                                            <li>Free &#038; without commitment<\/li>\n                                                            <li>~60 minutes via video call <\/li>\n                                                            <li>Product demo tailored to your business <\/li>\n                                                    <\/ul>\n                                                                <div class=\"teaser-detail-page-image-columns__button-group\">\n                                                            <a class=\"teaser-detail-page-image-columns__button teaser-detail-page-image-columns__button--order-600 \" href=\"https:\/\/www.pickware.com\/en\/live-demo\" target=\"\">\n                                    Book now                                <\/a>\n                                                    <\/div>\n                                    <\/div>\n                            <div class=\"teaser-detail-page-image-columns__item\">\n                                        <img decoding=\"async\" class=\"teaser-detail-page-image-columns__illustration\" src=\"https:\/\/www.pickware.com\/app\/themes\/pickware-theme\/modules\/teaser\/detail-page-image-columns\/assets\/illustration.svg\" alt=\"illustration\"\/>\n                    <div>\n                        <div class=\"teaser-detail-page-image-columns__eyebrow\">\n                                                    <\/div>\n                        <div class=\"teaser-detail-page-image-columns__heading\">Try for free<\/div>\n                    <\/div>\n                    <div class=\"teaser-detail-page-image-columns__copy\"><\/div>\n                                            <div class=\"teaser-detail-page-image-columns__list-heading\"><\/div>\n                        <ul class=\"teaser-detail-page-image-columns__list\">\n                                                            <li>Trial ends automatically<\/li>\n                                                            <li>No credit card required<\/li>\n                                                            <li>Set up in 24 hours<\/li>\n                                                    <\/ul>\n                                                                <div class=\"teaser-detail-page-image-columns__button-group\">\n                                                            <a class=\"teaser-detail-page-image-columns__button teaser-detail-page-image-columns__button--order-500 \" href=\"#open-onboarding-overlay\" target=\"\">\n                                    Try now                                <\/a>\n                                                    <\/div>\n                                    <\/div>\n                    <\/div>\n    <\/div>\n<\/div>\n\n\n\n<style>\n.lp-cta .teaser-detail-page-image-columns__list>li::before {\n    background-image: url(https:\/\/www.pickware.com\/app\/uploads\/2024\/01\/all-in-one-icon-check.svg);\n}\n\n.lp-cta .teaser-detail-page-image-columns__item img{\ndisplay: none;}\n\n.lp-cta .teaser-detail-page-image-columns__item{\nbackground-color: #010645;\n    padding: 64px;\n    border-radius: 32px;\n    box-shadow: 0 32px 48px -40px rgba(50,50,93,0.80);\n    }\n\n@media (max-width: 767px) {\n    .lp-cta .teaser-detail-page-image-columns__item {\n    padding: 32px;\n    border-radius: 16px;\n    }\n}\n\n.lp-cta .teaser-detail-page-image-columns__heading{\ncolor: #fff\n}\n\n.lp-cta .teaser-detail-page-image-columns__list>li{\ncolor: #91c8ff\n}\n\n.lp-cta .l-grid{\ngap: 24px 24px;}\n\n.lp-cta .teaser-detail-page-image-columns__eyebrow{\ncolor: #fff;\n}\n\n.lp-cta .teaser-detail-page-image-columns__item:last-child{\n}\n\n<\/style>\n<\/div><\/div>\n\n\n\n<div class=\"layout-space layout-space--article-page-level-1\"><\/div>\n","protected":false},"excerpt":{"rendered":"","protected":false},"author":1,"featured_media":0,"parent":0,"menu_order":0,"comment_status":"closed","ping_status":"closed","template":"","meta":{"_acf_changed":false,"_stopmodifiedupdate":false,"_modified_date":"","footnotes":""},"class_list":["post-40604","page","type-page","status-publish","hentry"],"acf":[],"_links":{"self":[{"href":"https:\/\/www.pickware.com\/en\/wp-json\/wp\/v2\/pages\/40604","targetHints":{"allow":["GET"]}}],"collection":[{"href":"https:\/\/www.pickware.com\/en\/wp-json\/wp\/v2\/pages"}],"about":[{"href":"https:\/\/www.pickware.com\/en\/wp-json\/wp\/v2\/types\/page"}],"author":[{"embeddable":true,"href":"https:\/\/www.pickware.com\/en\/wp-json\/wp\/v2\/users\/1"}],"replies":[{"embeddable":true,"href":"https:\/\/www.pickware.com\/en\/wp-json\/wp\/v2\/comments?post=40604"}],"version-history":[{"count":8,"href":"https:\/\/www.pickware.com\/en\/wp-json\/wp\/v2\/pages\/40604\/revisions"}],"predecessor-version":[{"id":46526,"href":"https:\/\/www.pickware.com\/en\/wp-json\/wp\/v2\/pages\/40604\/revisions\/46526"}],"wp:attachment":[{"href":"https:\/\/www.pickware.com\/en\/wp-json\/wp\/v2\/media?parent=40604"}],"curies":[{"name":"wp","href":"https:\/\/api.w.org\/{rel}","templated":true}]}}